{"id":5069,"date":"2024-07-13T01:19:26","date_gmt":"2024-07-13T01:19:26","guid":{"rendered":"https:\/\/expedicionesccapcha.com\/?post_type=product&#038;p=5069"},"modified":"2024-12-19T15:21:38","modified_gmt":"2024-12-19T15:21:38","slug":"passeio-de-balao-de-ar-quente","status":"publish","type":"product","link":"https:\/\/expedicionesccapcha.com\/pt-br\/producto\/passeio-de-balao-de-ar-quente\/","title":{"rendered":"Passeio de bal\u00e3o de ar quente"},"content":{"rendered":"<p>Experimente a magia de um voo de bal\u00e3o de ar quente sobre o impressionante Salar de Atacama. Partida ao amanhecer, recep\u00e7\u00e3o em San Pedro, caf\u00e9 da manh\u00e3 e instru\u00e7\u00f5es de seguran\u00e7a. Desfrute de um voo de at\u00e9 uma hora com vistas inesquec\u00edveis da Cordilheira dos Andes. Ao aterrissar, comemoraremos com um brinde de vinho espumante e deliciosos aperitivos.<\/p>\n","protected":false},"excerpt":{"rendered":"<p>N\u00e3o perca a oportunidade de viver essa experi\u00eancia \u00fanica e emocionante! Reserve sua aventura hoje mesmo e garanta uma viagem inesquec\u00edvel.<\/p>\n","protected":false},"featured_media":5320,"comment_status":"closed","ping_status":"closed","template":"","meta":{"_acf_changed":false},"product_brand":[],"product_cat":[64,62],"product_tag":[],"class_list":{"0":"post-5069","1":"product","2":"type-product","3":"status-publish","4":"has-post-thumbnail","6":"product_cat-clasicos-pt-br","7":"product_cat-passeios","9":"first","10":"instock","11":"virtual","12":"sold-individually","13":"purchasable","14":"product-type-booking"},"booking_location":"","booking_location_type":"","booking_duration":1,"booking_duration_unit":"day","booking_buffer":0,"booking_cost":330,"booking_resources":[],"exclude_global_add_ons":[],"addons":[],"acf":[],"yoast_head":"<!-- This site is optimized with the Yoast SEO plugin v26.7 - https:\/\/yoast.com\/wordpress\/plugins\/seo\/ -->\n<title>Passeio de bal\u00e3o de ar quente - Expediciones Ccapcha<\/title>\n<meta name=\"robots\" content=\"index, follow, max-snippet:-1, max-image-preview:large, max-video-preview:-1\" \/>\n<link rel=\"canonical\" href=\"https:\/\/expedicionesccapcha.com\/pt-br\/producto\/passeio-de-balao-de-ar-quente\/\" \/>\n<meta property=\"og:locale\" content=\"pt_BR\" \/>\n<meta property=\"og:type\" content=\"article\" \/>\n<meta property=\"og:title\" content=\"Passeio de bal\u00e3o de ar quente - Expediciones Ccapcha\" \/>\n<meta property=\"og:description\" content=\"N\u00e3o perca a oportunidade de viver essa experi\u00eancia \u00fanica e emocionante! Reserve sua aventura hoje mesmo e garanta uma viagem inesquec\u00edvel.\" \/>\n<meta property=\"og:url\" content=\"https:\/\/expedicionesccapcha.com\/pt-br\/producto\/passeio-de-balao-de-ar-quente\/\" \/>\n<meta property=\"og:site_name\" content=\"Expediciones Ccapcha\" \/>\n<meta property=\"article:modified_time\" content=\"2024-12-19T15:21:38+00:00\" \/>\n<meta property=\"og:image\" content=\"https:\/\/expedicionesccapcha.com\/wp-content\/uploads\/2024\/07\/DSC00137.jpg\" \/>\n\t<meta property=\"og:image:width\" content=\"1080\" \/>\n\t<meta property=\"og:image:height\" content=\"720\" \/>\n\t<meta property=\"og:image:type\" content=\"image\/jpeg\" \/>\n<meta name=\"twitter:card\" content=\"summary_large_image\" \/>\n<meta name=\"twitter:label1\" content=\"Est. tempo de leitura\" \/>\n\t<meta name=\"twitter:data1\" content=\"1 minuto\" \/>\n<script type=\"application\/ld+json\" class=\"yoast-schema-graph\">{\"@context\":\"https:\/\/schema.org\",\"@graph\":[{\"@type\":\"WebPage\",\"@id\":\"https:\/\/expedicionesccapcha.com\/pt-br\/producto\/passeio-de-balao-de-ar-quente\/\",\"url\":\"https:\/\/expedicionesccapcha.com\/pt-br\/producto\/passeio-de-balao-de-ar-quente\/\",\"name\":\"Passeio de bal\u00e3o de ar quente - Expediciones Ccapcha\",\"isPartOf\":{\"@id\":\"https:\/\/expedicionesccapcha.com\/pt-br\/#website\"},\"primaryImageOfPage\":{\"@id\":\"https:\/\/expedicionesccapcha.com\/pt-br\/producto\/passeio-de-balao-de-ar-quente\/#primaryimage\"},\"image\":{\"@id\":\"https:\/\/expedicionesccapcha.com\/pt-br\/producto\/passeio-de-balao-de-ar-quente\/#primaryimage\"},\"thumbnailUrl\":\"https:\/\/expedicionesccapcha.com\/wp-content\/uploads\/2024\/07\/DSC00137.jpg\",\"datePublished\":\"2024-07-13T01:19:26+00:00\",\"dateModified\":\"2024-12-19T15:21:38+00:00\",\"breadcrumb\":{\"@id\":\"https:\/\/expedicionesccapcha.com\/pt-br\/producto\/passeio-de-balao-de-ar-quente\/#breadcrumb\"},\"inLanguage\":\"pt-BR\",\"potentialAction\":[{\"@type\":\"ReadAction\",\"target\":[\"https:\/\/expedicionesccapcha.com\/pt-br\/producto\/passeio-de-balao-de-ar-quente\/\"]}]},{\"@type\":\"ImageObject\",\"inLanguage\":\"pt-BR\",\"@id\":\"https:\/\/expedicionesccapcha.com\/pt-br\/producto\/passeio-de-balao-de-ar-quente\/#primaryimage\",\"url\":\"https:\/\/expedicionesccapcha.com\/wp-content\/uploads\/2024\/07\/DSC00137.jpg\",\"contentUrl\":\"https:\/\/expedicionesccapcha.com\/wp-content\/uploads\/2024\/07\/DSC00137.jpg\",\"width\":1080,\"height\":720},{\"@type\":\"BreadcrumbList\",\"@id\":\"https:\/\/expedicionesccapcha.com\/pt-br\/producto\/passeio-de-balao-de-ar-quente\/#breadcrumb\",\"itemListElement\":[{\"@type\":\"ListItem\",\"position\":1,\"name\":\"Portada\",\"item\":\"https:\/\/expedicionesccapcha.com\/pt-br\/\"},{\"@type\":\"ListItem\",\"position\":2,\"name\":\"Loja\",\"item\":\"https:\/\/expedicionesccapcha.com\/pt-br\/loja\/\"},{\"@type\":\"ListItem\",\"position\":3,\"name\":\"Passeio de bal\u00e3o de ar quente\"}]},{\"@type\":\"WebSite\",\"@id\":\"https:\/\/expedicionesccapcha.com\/pt-br\/#website\",\"url\":\"https:\/\/expedicionesccapcha.com\/pt-br\/\",\"name\":\"Expediciones Ccapcha\",\"description\":\"Ag\u00eancia de turismo San Pedro de Atacama\",\"potentialAction\":[{\"@type\":\"SearchAction\",\"target\":{\"@type\":\"EntryPoint\",\"urlTemplate\":\"https:\/\/expedicionesccapcha.com\/pt-br\/?s={search_term_string}\"},\"query-input\":{\"@type\":\"PropertyValueSpecification\",\"valueRequired\":true,\"valueName\":\"search_term_string\"}}],\"inLanguage\":\"pt-BR\"}]}<\/script>\n<!-- \/ Yoast SEO plugin. -->","yoast_head_json":{"title":"Passeio de bal\u00e3o de ar quente - Expediciones Ccapcha","robots":{"index":"index","follow":"follow","max-snippet":"max-snippet:-1","max-image-preview":"max-image-preview:large","max-video-preview":"max-video-preview:-1"},"canonical":"https:\/\/expedicionesccapcha.com\/pt-br\/producto\/passeio-de-balao-de-ar-quente\/","og_locale":"pt_BR","og_type":"article","og_title":"Passeio de bal\u00e3o de ar quente - Expediciones Ccapcha","og_description":"N\u00e3o perca a oportunidade de viver essa experi\u00eancia \u00fanica e emocionante! Reserve sua aventura hoje mesmo e garanta uma viagem inesquec\u00edvel.","og_url":"https:\/\/expedicionesccapcha.com\/pt-br\/producto\/passeio-de-balao-de-ar-quente\/","og_site_name":"Expediciones Ccapcha","article_modified_time":"2024-12-19T15:21:38+00:00","og_image":[{"width":1080,"height":720,"url":"https:\/\/expedicionesccapcha.com\/wp-content\/uploads\/2024\/07\/DSC00137.jpg","type":"image\/jpeg"}],"twitter_card":"summary_large_image","twitter_misc":{"Est. tempo de leitura":"1 minuto"},"schema":{"@context":"https:\/\/schema.org","@graph":[{"@type":"WebPage","@id":"https:\/\/expedicionesccapcha.com\/pt-br\/producto\/passeio-de-balao-de-ar-quente\/","url":"https:\/\/expedicionesccapcha.com\/pt-br\/producto\/passeio-de-balao-de-ar-quente\/","name":"Passeio de bal\u00e3o de ar quente - Expediciones Ccapcha","isPartOf":{"@id":"https:\/\/expedicionesccapcha.com\/pt-br\/#website"},"primaryImageOfPage":{"@id":"https:\/\/expedicionesccapcha.com\/pt-br\/producto\/passeio-de-balao-de-ar-quente\/#primaryimage"},"image":{"@id":"https:\/\/expedicionesccapcha.com\/pt-br\/producto\/passeio-de-balao-de-ar-quente\/#primaryimage"},"thumbnailUrl":"https:\/\/expedicionesccapcha.com\/wp-content\/uploads\/2024\/07\/DSC00137.jpg","datePublished":"2024-07-13T01:19:26+00:00","dateModified":"2024-12-19T15:21:38+00:00","breadcrumb":{"@id":"https:\/\/expedicionesccapcha.com\/pt-br\/producto\/passeio-de-balao-de-ar-quente\/#breadcrumb"},"inLanguage":"pt-BR","potentialAction":[{"@type":"ReadAction","target":["https:\/\/expedicionesccapcha.com\/pt-br\/producto\/passeio-de-balao-de-ar-quente\/"]}]},{"@type":"ImageObject","inLanguage":"pt-BR","@id":"https:\/\/expedicionesccapcha.com\/pt-br\/producto\/passeio-de-balao-de-ar-quente\/#primaryimage","url":"https:\/\/expedicionesccapcha.com\/wp-content\/uploads\/2024\/07\/DSC00137.jpg","contentUrl":"https:\/\/expedicionesccapcha.com\/wp-content\/uploads\/2024\/07\/DSC00137.jpg","width":1080,"height":720},{"@type":"BreadcrumbList","@id":"https:\/\/expedicionesccapcha.com\/pt-br\/producto\/passeio-de-balao-de-ar-quente\/#breadcrumb","itemListElement":[{"@type":"ListItem","position":1,"name":"Portada","item":"https:\/\/expedicionesccapcha.com\/pt-br\/"},{"@type":"ListItem","position":2,"name":"Loja","item":"https:\/\/expedicionesccapcha.com\/pt-br\/loja\/"},{"@type":"ListItem","position":3,"name":"Passeio de bal\u00e3o de ar quente"}]},{"@type":"WebSite","@id":"https:\/\/expedicionesccapcha.com\/pt-br\/#website","url":"https:\/\/expedicionesccapcha.com\/pt-br\/","name":"Expediciones Ccapcha","description":"Ag\u00eancia de turismo San Pedro de Atacama","potentialAction":[{"@type":"SearchAction","target":{"@type":"EntryPoint","urlTemplate":"https:\/\/expedicionesccapcha.com\/pt-br\/?s={search_term_string}"},"query-input":{"@type":"PropertyValueSpecification","valueRequired":true,"valueName":"search_term_string"}}],"inLanguage":"pt-BR"}]}},"_links":{"self":[{"href":"https:\/\/expedicionesccapcha.com\/pt-br\/wp-json\/wp\/v2\/product\/5069","targetHints":{"allow":["GET"]}}],"collection":[{"href":"https:\/\/expedicionesccapcha.com\/pt-br\/wp-json\/wp\/v2\/product"}],"about":[{"href":"https:\/\/expedicionesccapcha.com\/pt-br\/wp-json\/wp\/v2\/types\/product"}],"replies":[{"embeddable":true,"href":"https:\/\/expedicionesccapcha.com\/pt-br\/wp-json\/wp\/v2\/comments?post=5069"}],"version-history":[{"count":1,"href":"https:\/\/expedicionesccapcha.com\/pt-br\/wp-json\/wp\/v2\/product\/5069\/revisions"}],"predecessor-version":[{"id":5084,"href":"https:\/\/expedicionesccapcha.com\/pt-br\/wp-json\/wp\/v2\/product\/5069\/revisions\/5084"}],"wp:featuredmedia":[{"embeddable":true,"href":"https:\/\/expedicionesccapcha.com\/pt-br\/wp-json\/wp\/v2\/media\/5320"}],"wp:attachment":[{"href":"https:\/\/expedicionesccapcha.com\/pt-br\/wp-json\/wp\/v2\/media?parent=5069"}],"wp:term":[{"taxonomy":"product_brand","embeddable":true,"href":"https:\/\/expedicionesccapcha.com\/pt-br\/wp-json\/wp\/v2\/product_brand?post=5069"},{"taxonomy":"product_cat","embeddable":true,"href":"https:\/\/expedicionesccapcha.com\/pt-br\/wp-json\/wp\/v2\/product_cat?post=5069"},{"taxonomy":"product_tag","embeddable":true,"href":"https:\/\/expedicionesccapcha.com\/pt-br\/wp-json\/wp\/v2\/product_tag?post=5069"}],"curies":[{"name":"wp","href":"https:\/\/api.w.org\/{rel}","templated":true}]}}