{"id":4359,"date":"2023-10-19T16:02:51","date_gmt":"2023-10-19T16:02:52","guid":{"rendered":"https:\/\/expedicionesccapcha.com\/?post_type=product&#038;p=4359"},"modified":"2023-11-08T21:04:56","modified_gmt":"2023-11-08T21:04:56","slug":"plan-atacama-em-4-dias","status":"publish","type":"product","link":"https:\/\/expedicionesccapcha.com\/pt-br\/producto\/plan-atacama-em-4-dias\/","title":{"rendered":"Atacama em 4 dias"},"content":{"rendered":"<p>Pronto para uma emocionante aventura no cora\u00e7\u00e3o de San Pedro de Atacama? Nosso Plano Atacama em 4 dias oferece uma experi\u00eancia \u00fanica que o levar\u00e1 aos lugares mais impressionantes da regi\u00e3o. Por um pre\u00e7o reduzido voc\u00ea poder\u00e1 descobrir a beleza do Deserto do Atacama e desfrutar de atividades emocionantes.<\/p>\n","protected":false},"excerpt":{"rendered":"<p>Viajaremos do Quil\u00f4metro 13 at\u00e9 o Barranco de Vilama, onde faremos uma caminhada at\u00e9 o ponto onde poderemos desfrutar dessas belas cachoeiras naturais.<\/p>\n","protected":false},"featured_media":4374,"comment_status":"closed","ping_status":"closed","template":"","meta":{"_acf_changed":false},"product_brand":[],"product_cat":[79],"product_tag":[],"class_list":{"0":"post-4359","1":"product","2":"type-product","3":"status-publish","4":"has-post-thumbnail","6":"product_cat-planos","8":"first","9":"instock","10":"featured","11":"virtual","12":"sold-individually","13":"purchasable","14":"product-type-booking"},"booking_location":"","booking_location_type":"","booking_duration":4,"booking_duration_unit":"day","booking_buffer":0,"booking_cost":225.5,"booking_resources":[],"exclude_global_add_ons":[],"addons":[],"acf":[],"yoast_head":"<!-- This site is optimized with the Yoast SEO plugin v26.7 - https:\/\/yoast.com\/wordpress\/plugins\/seo\/ -->\n<title>Atacama em 4 dias - Expediciones Ccapcha<\/title>\n<meta name=\"robots\" content=\"index, follow, max-snippet:-1, max-image-preview:large, max-video-preview:-1\" \/>\n<link rel=\"canonical\" href=\"https:\/\/expedicionesccapcha.com\/pt-br\/producto\/plan-atacama-em-4-dias\/\" \/>\n<meta property=\"og:locale\" content=\"pt_BR\" \/>\n<meta property=\"og:type\" content=\"article\" \/>\n<meta property=\"og:title\" content=\"Atacama em 4 dias - Expediciones Ccapcha\" \/>\n<meta property=\"og:description\" content=\"Viajaremos do Quil\u00f4metro 13 at\u00e9 o Barranco de Vilama, onde faremos uma caminhada at\u00e9 o ponto onde poderemos desfrutar dessas belas cachoeiras naturais.\" \/>\n<meta property=\"og:url\" content=\"https:\/\/expedicionesccapcha.com\/pt-br\/producto\/plan-atacama-em-4-dias\/\" \/>\n<meta property=\"og:site_name\" content=\"Expediciones Ccapcha\" \/>\n<meta property=\"article:modified_time\" content=\"2023-11-08T21:04:56+00:00\" \/>\n<meta property=\"og:image\" content=\"https:\/\/expedicionesccapcha.com\/wp-content\/uploads\/2023\/10\/paisaje_rocas_salardetara_ccapcha_expediciones.jpg\" \/>\n\t<meta property=\"og:image:width\" content=\"1170\" \/>\n\t<meta property=\"og:image:height\" content=\"550\" \/>\n\t<meta property=\"og:image:type\" content=\"image\/jpeg\" \/>\n<meta name=\"twitter:card\" content=\"summary_large_image\" \/>\n<meta name=\"twitter:label1\" content=\"Est. tempo de leitura\" \/>\n\t<meta name=\"twitter:data1\" content=\"1 minuto\" \/>\n<script type=\"application\/ld+json\" class=\"yoast-schema-graph\">{\"@context\":\"https:\/\/schema.org\",\"@graph\":[{\"@type\":\"WebPage\",\"@id\":\"https:\/\/expedicionesccapcha.com\/pt-br\/producto\/plan-atacama-em-4-dias\/\",\"url\":\"https:\/\/expedicionesccapcha.com\/pt-br\/producto\/plan-atacama-em-4-dias\/\",\"name\":\"Atacama em 4 dias - Expediciones Ccapcha\",\"isPartOf\":{\"@id\":\"https:\/\/expedicionesccapcha.com\/pt-br\/#website\"},\"primaryImageOfPage\":{\"@id\":\"https:\/\/expedicionesccapcha.com\/pt-br\/producto\/plan-atacama-em-4-dias\/#primaryimage\"},\"image\":{\"@id\":\"https:\/\/expedicionesccapcha.com\/pt-br\/producto\/plan-atacama-em-4-dias\/#primaryimage\"},\"thumbnailUrl\":\"https:\/\/expedicionesccapcha.com\/wp-content\/uploads\/2023\/10\/paisaje_rocas_salardetara_ccapcha_expediciones.jpg\",\"datePublished\":\"2023-10-19T16:02:52+00:00\",\"dateModified\":\"2023-11-08T21:04:56+00:00\",\"breadcrumb\":{\"@id\":\"https:\/\/expedicionesccapcha.com\/pt-br\/producto\/plan-atacama-em-4-dias\/#breadcrumb\"},\"inLanguage\":\"pt-BR\",\"potentialAction\":[{\"@type\":\"ReadAction\",\"target\":[\"https:\/\/expedicionesccapcha.com\/pt-br\/producto\/plan-atacama-em-4-dias\/\"]}]},{\"@type\":\"ImageObject\",\"inLanguage\":\"pt-BR\",\"@id\":\"https:\/\/expedicionesccapcha.com\/pt-br\/producto\/plan-atacama-em-4-dias\/#primaryimage\",\"url\":\"https:\/\/expedicionesccapcha.com\/wp-content\/uploads\/2023\/10\/paisaje_rocas_salardetara_ccapcha_expediciones.jpg\",\"contentUrl\":\"https:\/\/expedicionesccapcha.com\/wp-content\/uploads\/2023\/10\/paisaje_rocas_salardetara_ccapcha_expediciones.jpg\",\"width\":1170,\"height\":550},{\"@type\":\"BreadcrumbList\",\"@id\":\"https:\/\/expedicionesccapcha.com\/pt-br\/producto\/plan-atacama-em-4-dias\/#breadcrumb\",\"itemListElement\":[{\"@type\":\"ListItem\",\"position\":1,\"name\":\"Portada\",\"item\":\"https:\/\/expedicionesccapcha.com\/pt-br\/\"},{\"@type\":\"ListItem\",\"position\":2,\"name\":\"Loja\",\"item\":\"https:\/\/expedicionesccapcha.com\/pt-br\/loja\/\"},{\"@type\":\"ListItem\",\"position\":3,\"name\":\"Atacama em 4 dias\"}]},{\"@type\":\"WebSite\",\"@id\":\"https:\/\/expedicionesccapcha.com\/pt-br\/#website\",\"url\":\"https:\/\/expedicionesccapcha.com\/pt-br\/\",\"name\":\"Expediciones Ccapcha\",\"description\":\"Ag\u00eancia de turismo San Pedro de Atacama\",\"potentialAction\":[{\"@type\":\"SearchAction\",\"target\":{\"@type\":\"EntryPoint\",\"urlTemplate\":\"https:\/\/expedicionesccapcha.com\/pt-br\/?s={search_term_string}\"},\"query-input\":{\"@type\":\"PropertyValueSpecification\",\"valueRequired\":true,\"valueName\":\"search_term_string\"}}],\"inLanguage\":\"pt-BR\"}]}<\/script>\n<!-- \/ Yoast SEO plugin. -->","yoast_head_json":{"title":"Atacama em 4 dias - Expediciones Ccapcha","robots":{"index":"index","follow":"follow","max-snippet":"max-snippet:-1","max-image-preview":"max-image-preview:large","max-video-preview":"max-video-preview:-1"},"canonical":"https:\/\/expedicionesccapcha.com\/pt-br\/producto\/plan-atacama-em-4-dias\/","og_locale":"pt_BR","og_type":"article","og_title":"Atacama em 4 dias - Expediciones Ccapcha","og_description":"Viajaremos do Quil\u00f4metro 13 at\u00e9 o Barranco de Vilama, onde faremos uma caminhada at\u00e9 o ponto onde poderemos desfrutar dessas belas cachoeiras naturais.","og_url":"https:\/\/expedicionesccapcha.com\/pt-br\/producto\/plan-atacama-em-4-dias\/","og_site_name":"Expediciones Ccapcha","article_modified_time":"2023-11-08T21:04:56+00:00","og_image":[{"width":1170,"height":550,"url":"https:\/\/expedicionesccapcha.com\/wp-content\/uploads\/2023\/10\/paisaje_rocas_salardetara_ccapcha_expediciones.jpg","type":"image\/jpeg"}],"twitter_card":"summary_large_image","twitter_misc":{"Est. tempo de leitura":"1 minuto"},"schema":{"@context":"https:\/\/schema.org","@graph":[{"@type":"WebPage","@id":"https:\/\/expedicionesccapcha.com\/pt-br\/producto\/plan-atacama-em-4-dias\/","url":"https:\/\/expedicionesccapcha.com\/pt-br\/producto\/plan-atacama-em-4-dias\/","name":"Atacama em 4 dias - Expediciones Ccapcha","isPartOf":{"@id":"https:\/\/expedicionesccapcha.com\/pt-br\/#website"},"primaryImageOfPage":{"@id":"https:\/\/expedicionesccapcha.com\/pt-br\/producto\/plan-atacama-em-4-dias\/#primaryimage"},"image":{"@id":"https:\/\/expedicionesccapcha.com\/pt-br\/producto\/plan-atacama-em-4-dias\/#primaryimage"},"thumbnailUrl":"https:\/\/expedicionesccapcha.com\/wp-content\/uploads\/2023\/10\/paisaje_rocas_salardetara_ccapcha_expediciones.jpg","datePublished":"2023-10-19T16:02:52+00:00","dateModified":"2023-11-08T21:04:56+00:00","breadcrumb":{"@id":"https:\/\/expedicionesccapcha.com\/pt-br\/producto\/plan-atacama-em-4-dias\/#breadcrumb"},"inLanguage":"pt-BR","potentialAction":[{"@type":"ReadAction","target":["https:\/\/expedicionesccapcha.com\/pt-br\/producto\/plan-atacama-em-4-dias\/"]}]},{"@type":"ImageObject","inLanguage":"pt-BR","@id":"https:\/\/expedicionesccapcha.com\/pt-br\/producto\/plan-atacama-em-4-dias\/#primaryimage","url":"https:\/\/expedicionesccapcha.com\/wp-content\/uploads\/2023\/10\/paisaje_rocas_salardetara_ccapcha_expediciones.jpg","contentUrl":"https:\/\/expedicionesccapcha.com\/wp-content\/uploads\/2023\/10\/paisaje_rocas_salardetara_ccapcha_expediciones.jpg","width":1170,"height":550},{"@type":"BreadcrumbList","@id":"https:\/\/expedicionesccapcha.com\/pt-br\/producto\/plan-atacama-em-4-dias\/#breadcrumb","itemListElement":[{"@type":"ListItem","position":1,"name":"Portada","item":"https:\/\/expedicionesccapcha.com\/pt-br\/"},{"@type":"ListItem","position":2,"name":"Loja","item":"https:\/\/expedicionesccapcha.com\/pt-br\/loja\/"},{"@type":"ListItem","position":3,"name":"Atacama em 4 dias"}]},{"@type":"WebSite","@id":"https:\/\/expedicionesccapcha.com\/pt-br\/#website","url":"https:\/\/expedicionesccapcha.com\/pt-br\/","name":"Expediciones Ccapcha","description":"Ag\u00eancia de turismo San Pedro de Atacama","potentialAction":[{"@type":"SearchAction","target":{"@type":"EntryPoint","urlTemplate":"https:\/\/expedicionesccapcha.com\/pt-br\/?s={search_term_string}"},"query-input":{"@type":"PropertyValueSpecification","valueRequired":true,"valueName":"search_term_string"}}],"inLanguage":"pt-BR"}]}},"_links":{"self":[{"href":"https:\/\/expedicionesccapcha.com\/pt-br\/wp-json\/wp\/v2\/product\/4359","targetHints":{"allow":["GET"]}}],"collection":[{"href":"https:\/\/expedicionesccapcha.com\/pt-br\/wp-json\/wp\/v2\/product"}],"about":[{"href":"https:\/\/expedicionesccapcha.com\/pt-br\/wp-json\/wp\/v2\/types\/product"}],"replies":[{"embeddable":true,"href":"https:\/\/expedicionesccapcha.com\/pt-br\/wp-json\/wp\/v2\/comments?post=4359"}],"version-history":[{"count":2,"href":"https:\/\/expedicionesccapcha.com\/pt-br\/wp-json\/wp\/v2\/product\/4359\/revisions"}],"predecessor-version":[{"id":4641,"href":"https:\/\/expedicionesccapcha.com\/pt-br\/wp-json\/wp\/v2\/product\/4359\/revisions\/4641"}],"wp:featuredmedia":[{"embeddable":true,"href":"https:\/\/expedicionesccapcha.com\/pt-br\/wp-json\/wp\/v2\/media\/4374"}],"wp:attachment":[{"href":"https:\/\/expedicionesccapcha.com\/pt-br\/wp-json\/wp\/v2\/media?parent=4359"}],"wp:term":[{"taxonomy":"product_brand","embeddable":true,"href":"https:\/\/expedicionesccapcha.com\/pt-br\/wp-json\/wp\/v2\/product_brand?post=4359"},{"taxonomy":"product_cat","embeddable":true,"href":"https:\/\/expedicionesccapcha.com\/pt-br\/wp-json\/wp\/v2\/product_cat?post=4359"},{"taxonomy":"product_tag","embeddable":true,"href":"https:\/\/expedicionesccapcha.com\/pt-br\/wp-json\/wp\/v2\/product_tag?post=4359"}],"curies":[{"name":"wp","href":"https:\/\/api.w.org\/{rel}","templated":true}]}}