{"id":2881,"date":"2022-05-08T04:37:49","date_gmt":"2022-05-08T04:37:49","guid":{"rendered":"https:\/\/expedicionesccapcha.com\/?post_type=product&#038;p=2881"},"modified":"2024-12-05T14:17:37","modified_gmt":"2024-12-05T14:17:37","slug":"uyuni-sal-flat-3d-2n","status":"publish","type":"product","link":"https:\/\/expedicionesccapcha.com\/pt-br\/producto\/uyuni-sal-flat-3d-2n\/","title":{"rendered":"Salar de Uyuni (3D\/2N) ou (4D\/3N)"},"content":{"rendered":"<p>Mergulhe na aventura com esta excurs\u00e3o de v\u00e1rios dias de San Pedro de Atacama ao Salar de Uyuni, repleta de belezas geol\u00f3gicas e biol\u00f3gicas exclusivas desta \u00e1rea do altiplano. A op\u00e7\u00e3o de tr\u00eas dias e duas noites \u00e9 ideal para quem deseja continuar sua viagem pela Bol\u00edvia, enquanto a op\u00e7\u00e3o de quatro dias e tr\u00eas noites \u00e9 ideal para quem deseja retornar ao Chile.<\/p>\n","protected":false},"excerpt":{"rendered":"<p>Viajaremos do Quil\u00f4metro 13 at\u00e9 o Barranco de Vilama, onde faremos uma caminhada at\u00e9 o ponto onde poderemos desfrutar dessas belas cachoeiras naturais.<\/p>\n","protected":false},"featured_media":5193,"comment_status":"closed","ping_status":"closed","template":"","meta":{"_acf_changed":false},"product_brand":[],"product_cat":[71,64,62],"product_tag":[],"class_list":{"0":"post-2881","1":"product","2":"type-product","3":"status-publish","4":"has-post-thumbnail","6":"product_cat-preco-indefinido","7":"product_cat-clasicos-pt-br","8":"product_cat-passeios","10":"first","11":"instock","12":"featured","13":"virtual","14":"sold-individually","15":"purchasable","16":"product-type-booking"},"booking_location":"","booking_location_type":"","booking_duration":1,"booking_duration_unit":"day","booking_buffer":0,"booking_cost":297,"booking_resources":[],"exclude_global_add_ons":false,"addons":[{"name":"3D\/2N (Ida) ou 4D\/3N (Ida e volta)","type":"checkbox","position":0,"required":true,"title_format":"label","default":"","description_enable":false,"description":null,"placeholder_enable":false,"placeholder":"","display":"radiobutton","restrictions_type":"any_text","adjust_price":false,"price":"","price_type":"flat_fee","restrictions":false,"min":"0","max":"0","options":[{"label":"3D\/2N (Ida)","price":"","price_type":"flat_fee","image":0,"visibility":true},{"label":"4D\/3N (Ida e volta)","price":"50000","price_type":"quantity_based","image":0,"visibility":true}],"id":1725220842},{"name":"3D\/2N (Solo ida) o 4D\/3N (Ida y retorno)","type":"multiple_choice","position":0,"required":false,"title_format":"label","default":"","description_enable":false,"description":"","placeholder_enable":false,"placeholder":"","display":"radiobutton","restrictions_type":"any_text","adjust_price":false,"price":"","price_type":"flat_fee","restrictions":false,"min":"0","max":"0","options":[{"label":"3D\/2N (Solo ida)","price":"","price_type":"flat_fee","image":0,"visibility":true},{"label":"4D\/3N (Ida y retorno)","price":"120000","price_type":"flat_fee","image":0,"visibility":true}]}],"acf":[],"yoast_head":"<!-- This site is optimized with the Yoast SEO plugin v26.7 - https:\/\/yoast.com\/wordpress\/plugins\/seo\/ -->\n<title>Salar de Uyuni (3D\/2N) ou (4D\/3N) - Expediciones Ccapcha<\/title>\n<meta name=\"robots\" content=\"index, follow, max-snippet:-1, max-image-preview:large, max-video-preview:-1\" \/>\n<link rel=\"canonical\" href=\"https:\/\/expedicionesccapcha.com\/pt-br\/producto\/uyuni-sal-flat-3d-2n\/\" \/>\n<meta property=\"og:locale\" content=\"pt_BR\" \/>\n<meta property=\"og:type\" content=\"article\" \/>\n<meta property=\"og:title\" content=\"Salar de Uyuni (3D\/2N) ou (4D\/3N) - Expediciones Ccapcha\" \/>\n<meta property=\"og:description\" content=\"Viajaremos do Quil\u00f4metro 13 at\u00e9 o Barranco de Vilama, onde faremos uma caminhada at\u00e9 o ponto onde poderemos desfrutar dessas belas cachoeiras naturais.\" \/>\n<meta property=\"og:url\" content=\"https:\/\/expedicionesccapcha.com\/pt-br\/producto\/uyuni-sal-flat-3d-2n\/\" \/>\n<meta property=\"og:site_name\" content=\"Expediciones Ccapcha\" \/>\n<meta property=\"article:modified_time\" content=\"2024-12-05T14:17:37+00:00\" \/>\n<meta property=\"og:image\" content=\"https:\/\/expedicionesccapcha.com\/wp-content\/uploads\/2024\/09\/DSC8355.jpg\" \/>\n\t<meta property=\"og:image:width\" content=\"1280\" \/>\n\t<meta property=\"og:image:height\" content=\"720\" \/>\n\t<meta property=\"og:image:type\" content=\"image\/jpeg\" \/>\n<meta name=\"twitter:card\" content=\"summary_large_image\" \/>\n<meta name=\"twitter:label1\" content=\"Est. tempo de leitura\" \/>\n\t<meta name=\"twitter:data1\" content=\"1 minuto\" \/>\n<script type=\"application\/ld+json\" class=\"yoast-schema-graph\">{\"@context\":\"https:\/\/schema.org\",\"@graph\":[{\"@type\":\"WebPage\",\"@id\":\"https:\/\/expedicionesccapcha.com\/pt-br\/producto\/uyuni-sal-flat-3d-2n\/\",\"url\":\"https:\/\/expedicionesccapcha.com\/pt-br\/producto\/uyuni-sal-flat-3d-2n\/\",\"name\":\"Salar de Uyuni (3D\/2N) ou (4D\/3N) - Expediciones Ccapcha\",\"isPartOf\":{\"@id\":\"https:\/\/expedicionesccapcha.com\/pt-br\/#website\"},\"primaryImageOfPage\":{\"@id\":\"https:\/\/expedicionesccapcha.com\/pt-br\/producto\/uyuni-sal-flat-3d-2n\/#primaryimage\"},\"image\":{\"@id\":\"https:\/\/expedicionesccapcha.com\/pt-br\/producto\/uyuni-sal-flat-3d-2n\/#primaryimage\"},\"thumbnailUrl\":\"https:\/\/expedicionesccapcha.com\/wp-content\/uploads\/2024\/09\/DSC8355.jpg\",\"datePublished\":\"2022-05-08T04:37:49+00:00\",\"dateModified\":\"2024-12-05T14:17:37+00:00\",\"breadcrumb\":{\"@id\":\"https:\/\/expedicionesccapcha.com\/pt-br\/producto\/uyuni-sal-flat-3d-2n\/#breadcrumb\"},\"inLanguage\":\"pt-BR\",\"potentialAction\":[{\"@type\":\"ReadAction\",\"target\":[\"https:\/\/expedicionesccapcha.com\/pt-br\/producto\/uyuni-sal-flat-3d-2n\/\"]}]},{\"@type\":\"ImageObject\",\"inLanguage\":\"pt-BR\",\"@id\":\"https:\/\/expedicionesccapcha.com\/pt-br\/producto\/uyuni-sal-flat-3d-2n\/#primaryimage\",\"url\":\"https:\/\/expedicionesccapcha.com\/wp-content\/uploads\/2024\/09\/DSC8355.jpg\",\"contentUrl\":\"https:\/\/expedicionesccapcha.com\/wp-content\/uploads\/2024\/09\/DSC8355.jpg\",\"width\":1280,\"height\":720},{\"@type\":\"BreadcrumbList\",\"@id\":\"https:\/\/expedicionesccapcha.com\/pt-br\/producto\/uyuni-sal-flat-3d-2n\/#breadcrumb\",\"itemListElement\":[{\"@type\":\"ListItem\",\"position\":1,\"name\":\"Portada\",\"item\":\"https:\/\/expedicionesccapcha.com\/pt-br\/\"},{\"@type\":\"ListItem\",\"position\":2,\"name\":\"Loja\",\"item\":\"https:\/\/expedicionesccapcha.com\/pt-br\/loja\/\"},{\"@type\":\"ListItem\",\"position\":3,\"name\":\"Salar de Uyuni (3D\/2N) ou (4D\/3N)\"}]},{\"@type\":\"WebSite\",\"@id\":\"https:\/\/expedicionesccapcha.com\/pt-br\/#website\",\"url\":\"https:\/\/expedicionesccapcha.com\/pt-br\/\",\"name\":\"Expediciones Ccapcha\",\"description\":\"Ag\u00eancia de turismo San Pedro de Atacama\",\"potentialAction\":[{\"@type\":\"SearchAction\",\"target\":{\"@type\":\"EntryPoint\",\"urlTemplate\":\"https:\/\/expedicionesccapcha.com\/pt-br\/?s={search_term_string}\"},\"query-input\":{\"@type\":\"PropertyValueSpecification\",\"valueRequired\":true,\"valueName\":\"search_term_string\"}}],\"inLanguage\":\"pt-BR\"}]}<\/script>\n<!-- \/ Yoast SEO plugin. -->","yoast_head_json":{"title":"Salar de Uyuni (3D\/2N) ou (4D\/3N) - Expediciones Ccapcha","robots":{"index":"index","follow":"follow","max-snippet":"max-snippet:-1","max-image-preview":"max-image-preview:large","max-video-preview":"max-video-preview:-1"},"canonical":"https:\/\/expedicionesccapcha.com\/pt-br\/producto\/uyuni-sal-flat-3d-2n\/","og_locale":"pt_BR","og_type":"article","og_title":"Salar de Uyuni (3D\/2N) ou (4D\/3N) - Expediciones Ccapcha","og_description":"Viajaremos do Quil\u00f4metro 13 at\u00e9 o Barranco de Vilama, onde faremos uma caminhada at\u00e9 o ponto onde poderemos desfrutar dessas belas cachoeiras naturais.","og_url":"https:\/\/expedicionesccapcha.com\/pt-br\/producto\/uyuni-sal-flat-3d-2n\/","og_site_name":"Expediciones Ccapcha","article_modified_time":"2024-12-05T14:17:37+00:00","og_image":[{"width":1280,"height":720,"url":"https:\/\/expedicionesccapcha.com\/wp-content\/uploads\/2024\/09\/DSC8355.jpg","type":"image\/jpeg"}],"twitter_card":"summary_large_image","twitter_misc":{"Est. tempo de leitura":"1 minuto"},"schema":{"@context":"https:\/\/schema.org","@graph":[{"@type":"WebPage","@id":"https:\/\/expedicionesccapcha.com\/pt-br\/producto\/uyuni-sal-flat-3d-2n\/","url":"https:\/\/expedicionesccapcha.com\/pt-br\/producto\/uyuni-sal-flat-3d-2n\/","name":"Salar de Uyuni (3D\/2N) ou (4D\/3N) - Expediciones Ccapcha","isPartOf":{"@id":"https:\/\/expedicionesccapcha.com\/pt-br\/#website"},"primaryImageOfPage":{"@id":"https:\/\/expedicionesccapcha.com\/pt-br\/producto\/uyuni-sal-flat-3d-2n\/#primaryimage"},"image":{"@id":"https:\/\/expedicionesccapcha.com\/pt-br\/producto\/uyuni-sal-flat-3d-2n\/#primaryimage"},"thumbnailUrl":"https:\/\/expedicionesccapcha.com\/wp-content\/uploads\/2024\/09\/DSC8355.jpg","datePublished":"2022-05-08T04:37:49+00:00","dateModified":"2024-12-05T14:17:37+00:00","breadcrumb":{"@id":"https:\/\/expedicionesccapcha.com\/pt-br\/producto\/uyuni-sal-flat-3d-2n\/#breadcrumb"},"inLanguage":"pt-BR","potentialAction":[{"@type":"ReadAction","target":["https:\/\/expedicionesccapcha.com\/pt-br\/producto\/uyuni-sal-flat-3d-2n\/"]}]},{"@type":"ImageObject","inLanguage":"pt-BR","@id":"https:\/\/expedicionesccapcha.com\/pt-br\/producto\/uyuni-sal-flat-3d-2n\/#primaryimage","url":"https:\/\/expedicionesccapcha.com\/wp-content\/uploads\/2024\/09\/DSC8355.jpg","contentUrl":"https:\/\/expedicionesccapcha.com\/wp-content\/uploads\/2024\/09\/DSC8355.jpg","width":1280,"height":720},{"@type":"BreadcrumbList","@id":"https:\/\/expedicionesccapcha.com\/pt-br\/producto\/uyuni-sal-flat-3d-2n\/#breadcrumb","itemListElement":[{"@type":"ListItem","position":1,"name":"Portada","item":"https:\/\/expedicionesccapcha.com\/pt-br\/"},{"@type":"ListItem","position":2,"name":"Loja","item":"https:\/\/expedicionesccapcha.com\/pt-br\/loja\/"},{"@type":"ListItem","position":3,"name":"Salar de Uyuni (3D\/2N) ou (4D\/3N)"}]},{"@type":"WebSite","@id":"https:\/\/expedicionesccapcha.com\/pt-br\/#website","url":"https:\/\/expedicionesccapcha.com\/pt-br\/","name":"Expediciones Ccapcha","description":"Ag\u00eancia de turismo San Pedro de Atacama","potentialAction":[{"@type":"SearchAction","target":{"@type":"EntryPoint","urlTemplate":"https:\/\/expedicionesccapcha.com\/pt-br\/?s={search_term_string}"},"query-input":{"@type":"PropertyValueSpecification","valueRequired":true,"valueName":"search_term_string"}}],"inLanguage":"pt-BR"}]}},"_links":{"self":[{"href":"https:\/\/expedicionesccapcha.com\/pt-br\/wp-json\/wp\/v2\/product\/2881","targetHints":{"allow":["GET"]}}],"collection":[{"href":"https:\/\/expedicionesccapcha.com\/pt-br\/wp-json\/wp\/v2\/product"}],"about":[{"href":"https:\/\/expedicionesccapcha.com\/pt-br\/wp-json\/wp\/v2\/types\/product"}],"replies":[{"embeddable":true,"href":"https:\/\/expedicionesccapcha.com\/pt-br\/wp-json\/wp\/v2\/comments?post=2881"}],"version-history":[{"count":2,"href":"https:\/\/expedicionesccapcha.com\/pt-br\/wp-json\/wp\/v2\/product\/2881\/revisions"}],"predecessor-version":[{"id":2959,"href":"https:\/\/expedicionesccapcha.com\/pt-br\/wp-json\/wp\/v2\/product\/2881\/revisions\/2959"}],"wp:featuredmedia":[{"embeddable":true,"href":"https:\/\/expedicionesccapcha.com\/pt-br\/wp-json\/wp\/v2\/media\/5193"}],"wp:attachment":[{"href":"https:\/\/expedicionesccapcha.com\/pt-br\/wp-json\/wp\/v2\/media?parent=2881"}],"wp:term":[{"taxonomy":"product_brand","embeddable":true,"href":"https:\/\/expedicionesccapcha.com\/pt-br\/wp-json\/wp\/v2\/product_brand?post=2881"},{"taxonomy":"product_cat","embeddable":true,"href":"https:\/\/expedicionesccapcha.com\/pt-br\/wp-json\/wp\/v2\/product_cat?post=2881"},{"taxonomy":"product_tag","embeddable":true,"href":"https:\/\/expedicionesccapcha.com\/pt-br\/wp-json\/wp\/v2\/product_tag?post=2881"}],"curies":[{"name":"wp","href":"https:\/\/api.w.org\/{rel}","templated":true}]}}