{"id":2746,"date":"2021-11-21T09:48:35","date_gmt":"2022-02-24T22:44:03","guid":{"rendered":"http:\/\/expedicionesccapcha.com\/producto\/fontes-termais-de-puritama\/"},"modified":"2022-07-18T19:45:31","modified_gmt":"2022-07-18T19:45:31","slug":"fontes-termais-de-puritama","status":"publish","type":"product","link":"https:\/\/expedicionesccapcha.com\/pt-br\/producto\/fontes-termais-de-puritama\/","title":{"rendered":"Fontes termais de Puritama"},"content":{"rendered":"<p>Localizado em uma grande ravina de pedra, Puritama (de KunzaPuri-Water, Tama-Caliente)<\/p>\n<p>O local \u00e9 destinado ao descanso em fam\u00edlia, com um conjunto de 8 piscinas de \u00e1gua morna, que possuem temperatura entre 25 a 30\u00baC, a \u00e1gua possui propriedades medicinais e terap\u00eauticas, pois \u00e9 nutrida pelos minerais que o Rio Puritama traz.<\/p>\n","protected":false},"excerpt":{"rendered":"<p>Essa maravilha \u00e9 uma exce\u00e7\u00e3o da natureza no meio do deserto mais seco do mundo. Convidamos voc\u00ea a fazer parte desta experi\u00eancia totalmente revitalizante.<\/p>\n","protected":false},"featured_media":2494,"comment_status":"closed","ping_status":"closed","template":"","meta":{"_acf_changed":false},"product_brand":[],"product_cat":[64,62],"product_tag":[],"class_list":{"0":"post-2746","1":"product","2":"type-product","3":"status-publish","4":"has-post-thumbnail","6":"product_cat-clasicos-pt-br","7":"product_cat-passeios","9":"first","10":"instock","11":"virtual","12":"sold-individually","13":"purchasable","14":"product-type-booking"},"booking_location":"","booking_location_type":"","booking_duration":1,"booking_duration_unit":"day","booking_buffer":0,"booking_cost":71.5,"booking_resources":[],"exclude_global_add_ons":[],"addons":[],"acf":[],"yoast_head":"<!-- This site is optimized with the Yoast SEO plugin v26.7 - https:\/\/yoast.com\/wordpress\/plugins\/seo\/ -->\n<title>Fontes termais de Puritama - Expediciones Ccapcha<\/title>\n<meta name=\"robots\" content=\"index, follow, max-snippet:-1, max-image-preview:large, max-video-preview:-1\" \/>\n<link rel=\"canonical\" href=\"https:\/\/expedicionesccapcha.com\/pt-br\/producto\/fontes-termais-de-puritama\/\" \/>\n<meta property=\"og:locale\" content=\"pt_BR\" \/>\n<meta property=\"og:type\" content=\"article\" \/>\n<meta property=\"og:title\" content=\"Fontes termais de Puritama - Expediciones Ccapcha\" \/>\n<meta property=\"og:description\" content=\"Essa maravilha \u00e9 uma exce\u00e7\u00e3o da natureza no meio do deserto mais seco do mundo. Convidamos voc\u00ea a fazer parte desta experi\u00eancia totalmente revitalizante.\" \/>\n<meta property=\"og:url\" content=\"https:\/\/expedicionesccapcha.com\/pt-br\/producto\/fontes-termais-de-puritama\/\" \/>\n<meta property=\"og:site_name\" content=\"Expediciones Ccapcha\" \/>\n<meta property=\"article:modified_time\" content=\"2022-07-18T19:45:31+00:00\" \/>\n<meta property=\"og:image\" content=\"https:\/\/expedicionesccapcha.com\/wp-content\/uploads\/2021\/11\/riocristalino_turistaspozo_termaspuritama_ccapcha_expediciones.jpg\" \/>\n\t<meta property=\"og:image:width\" content=\"1170\" \/>\n\t<meta property=\"og:image:height\" content=\"550\" \/>\n\t<meta property=\"og:image:type\" content=\"image\/jpeg\" \/>\n<meta name=\"twitter:card\" content=\"summary_large_image\" \/>\n<script type=\"application\/ld+json\" class=\"yoast-schema-graph\">{\"@context\":\"https:\/\/schema.org\",\"@graph\":[{\"@type\":\"WebPage\",\"@id\":\"https:\/\/expedicionesccapcha.com\/pt-br\/producto\/fontes-termais-de-puritama\/\",\"url\":\"https:\/\/expedicionesccapcha.com\/pt-br\/producto\/fontes-termais-de-puritama\/\",\"name\":\"Fontes termais de Puritama - Expediciones Ccapcha\",\"isPartOf\":{\"@id\":\"https:\/\/expedicionesccapcha.com\/pt-br\/#website\"},\"primaryImageOfPage\":{\"@id\":\"https:\/\/expedicionesccapcha.com\/pt-br\/producto\/fontes-termais-de-puritama\/#primaryimage\"},\"image\":{\"@id\":\"https:\/\/expedicionesccapcha.com\/pt-br\/producto\/fontes-termais-de-puritama\/#primaryimage\"},\"thumbnailUrl\":\"https:\/\/expedicionesccapcha.com\/wp-content\/uploads\/2021\/11\/riocristalino_turistaspozo_termaspuritama_ccapcha_expediciones.jpg\",\"datePublished\":\"2022-02-24T22:44:03+00:00\",\"dateModified\":\"2022-07-18T19:45:31+00:00\",\"breadcrumb\":{\"@id\":\"https:\/\/expedicionesccapcha.com\/pt-br\/producto\/fontes-termais-de-puritama\/#breadcrumb\"},\"inLanguage\":\"pt-BR\",\"potentialAction\":[{\"@type\":\"ReadAction\",\"target\":[\"https:\/\/expedicionesccapcha.com\/pt-br\/producto\/fontes-termais-de-puritama\/\"]}]},{\"@type\":\"ImageObject\",\"inLanguage\":\"pt-BR\",\"@id\":\"https:\/\/expedicionesccapcha.com\/pt-br\/producto\/fontes-termais-de-puritama\/#primaryimage\",\"url\":\"https:\/\/expedicionesccapcha.com\/wp-content\/uploads\/2021\/11\/riocristalino_turistaspozo_termaspuritama_ccapcha_expediciones.jpg\",\"contentUrl\":\"https:\/\/expedicionesccapcha.com\/wp-content\/uploads\/2021\/11\/riocristalino_turistaspozo_termaspuritama_ccapcha_expediciones.jpg\",\"width\":1170,\"height\":550},{\"@type\":\"BreadcrumbList\",\"@id\":\"https:\/\/expedicionesccapcha.com\/pt-br\/producto\/fontes-termais-de-puritama\/#breadcrumb\",\"itemListElement\":[{\"@type\":\"ListItem\",\"position\":1,\"name\":\"Portada\",\"item\":\"https:\/\/expedicionesccapcha.com\/pt-br\/\"},{\"@type\":\"ListItem\",\"position\":2,\"name\":\"Loja\",\"item\":\"https:\/\/expedicionesccapcha.com\/pt-br\/loja\/\"},{\"@type\":\"ListItem\",\"position\":3,\"name\":\"Fontes termais de Puritama\"}]},{\"@type\":\"WebSite\",\"@id\":\"https:\/\/expedicionesccapcha.com\/pt-br\/#website\",\"url\":\"https:\/\/expedicionesccapcha.com\/pt-br\/\",\"name\":\"Expediciones Ccapcha\",\"description\":\"Ag\u00eancia de turismo San Pedro de Atacama\",\"potentialAction\":[{\"@type\":\"SearchAction\",\"target\":{\"@type\":\"EntryPoint\",\"urlTemplate\":\"https:\/\/expedicionesccapcha.com\/pt-br\/?s={search_term_string}\"},\"query-input\":{\"@type\":\"PropertyValueSpecification\",\"valueRequired\":true,\"valueName\":\"search_term_string\"}}],\"inLanguage\":\"pt-BR\"}]}<\/script>\n<!-- \/ Yoast SEO plugin. -->","yoast_head_json":{"title":"Fontes termais de Puritama - Expediciones Ccapcha","robots":{"index":"index","follow":"follow","max-snippet":"max-snippet:-1","max-image-preview":"max-image-preview:large","max-video-preview":"max-video-preview:-1"},"canonical":"https:\/\/expedicionesccapcha.com\/pt-br\/producto\/fontes-termais-de-puritama\/","og_locale":"pt_BR","og_type":"article","og_title":"Fontes termais de Puritama - Expediciones Ccapcha","og_description":"Essa maravilha \u00e9 uma exce\u00e7\u00e3o da natureza no meio do deserto mais seco do mundo. Convidamos voc\u00ea a fazer parte desta experi\u00eancia totalmente revitalizante.","og_url":"https:\/\/expedicionesccapcha.com\/pt-br\/producto\/fontes-termais-de-puritama\/","og_site_name":"Expediciones Ccapcha","article_modified_time":"2022-07-18T19:45:31+00:00","og_image":[{"width":1170,"height":550,"url":"https:\/\/expedicionesccapcha.com\/wp-content\/uploads\/2021\/11\/riocristalino_turistaspozo_termaspuritama_ccapcha_expediciones.jpg","type":"image\/jpeg"}],"twitter_card":"summary_large_image","schema":{"@context":"https:\/\/schema.org","@graph":[{"@type":"WebPage","@id":"https:\/\/expedicionesccapcha.com\/pt-br\/producto\/fontes-termais-de-puritama\/","url":"https:\/\/expedicionesccapcha.com\/pt-br\/producto\/fontes-termais-de-puritama\/","name":"Fontes termais de Puritama - Expediciones Ccapcha","isPartOf":{"@id":"https:\/\/expedicionesccapcha.com\/pt-br\/#website"},"primaryImageOfPage":{"@id":"https:\/\/expedicionesccapcha.com\/pt-br\/producto\/fontes-termais-de-puritama\/#primaryimage"},"image":{"@id":"https:\/\/expedicionesccapcha.com\/pt-br\/producto\/fontes-termais-de-puritama\/#primaryimage"},"thumbnailUrl":"https:\/\/expedicionesccapcha.com\/wp-content\/uploads\/2021\/11\/riocristalino_turistaspozo_termaspuritama_ccapcha_expediciones.jpg","datePublished":"2022-02-24T22:44:03+00:00","dateModified":"2022-07-18T19:45:31+00:00","breadcrumb":{"@id":"https:\/\/expedicionesccapcha.com\/pt-br\/producto\/fontes-termais-de-puritama\/#breadcrumb"},"inLanguage":"pt-BR","potentialAction":[{"@type":"ReadAction","target":["https:\/\/expedicionesccapcha.com\/pt-br\/producto\/fontes-termais-de-puritama\/"]}]},{"@type":"ImageObject","inLanguage":"pt-BR","@id":"https:\/\/expedicionesccapcha.com\/pt-br\/producto\/fontes-termais-de-puritama\/#primaryimage","url":"https:\/\/expedicionesccapcha.com\/wp-content\/uploads\/2021\/11\/riocristalino_turistaspozo_termaspuritama_ccapcha_expediciones.jpg","contentUrl":"https:\/\/expedicionesccapcha.com\/wp-content\/uploads\/2021\/11\/riocristalino_turistaspozo_termaspuritama_ccapcha_expediciones.jpg","width":1170,"height":550},{"@type":"BreadcrumbList","@id":"https:\/\/expedicionesccapcha.com\/pt-br\/producto\/fontes-termais-de-puritama\/#breadcrumb","itemListElement":[{"@type":"ListItem","position":1,"name":"Portada","item":"https:\/\/expedicionesccapcha.com\/pt-br\/"},{"@type":"ListItem","position":2,"name":"Loja","item":"https:\/\/expedicionesccapcha.com\/pt-br\/loja\/"},{"@type":"ListItem","position":3,"name":"Fontes termais de Puritama"}]},{"@type":"WebSite","@id":"https:\/\/expedicionesccapcha.com\/pt-br\/#website","url":"https:\/\/expedicionesccapcha.com\/pt-br\/","name":"Expediciones Ccapcha","description":"Ag\u00eancia de turismo San Pedro de Atacama","potentialAction":[{"@type":"SearchAction","target":{"@type":"EntryPoint","urlTemplate":"https:\/\/expedicionesccapcha.com\/pt-br\/?s={search_term_string}"},"query-input":{"@type":"PropertyValueSpecification","valueRequired":true,"valueName":"search_term_string"}}],"inLanguage":"pt-BR"}]}},"_links":{"self":[{"href":"https:\/\/expedicionesccapcha.com\/pt-br\/wp-json\/wp\/v2\/product\/2746","targetHints":{"allow":["GET"]}}],"collection":[{"href":"https:\/\/expedicionesccapcha.com\/pt-br\/wp-json\/wp\/v2\/product"}],"about":[{"href":"https:\/\/expedicionesccapcha.com\/pt-br\/wp-json\/wp\/v2\/types\/product"}],"replies":[{"embeddable":true,"href":"https:\/\/expedicionesccapcha.com\/pt-br\/wp-json\/wp\/v2\/comments?post=2746"}],"version-history":[{"count":1,"href":"https:\/\/expedicionesccapcha.com\/pt-br\/wp-json\/wp\/v2\/product\/2746\/revisions"}],"predecessor-version":[{"id":3115,"href":"https:\/\/expedicionesccapcha.com\/pt-br\/wp-json\/wp\/v2\/product\/2746\/revisions\/3115"}],"wp:featuredmedia":[{"embeddable":true,"href":"https:\/\/expedicionesccapcha.com\/pt-br\/wp-json\/wp\/v2\/media\/2494"}],"wp:attachment":[{"href":"https:\/\/expedicionesccapcha.com\/pt-br\/wp-json\/wp\/v2\/media?parent=2746"}],"wp:term":[{"taxonomy":"product_brand","embeddable":true,"href":"https:\/\/expedicionesccapcha.com\/pt-br\/wp-json\/wp\/v2\/product_brand?post=2746"},{"taxonomy":"product_cat","embeddable":true,"href":"https:\/\/expedicionesccapcha.com\/pt-br\/wp-json\/wp\/v2\/product_cat?post=2746"},{"taxonomy":"product_tag","embeddable":true,"href":"https:\/\/expedicionesccapcha.com\/pt-br\/wp-json\/wp\/v2\/product_tag?post=2746"}],"curies":[{"name":"wp","href":"https:\/\/api.w.org\/{rel}","templated":true}]}}