{"id":2743,"date":"2021-11-21T10:03:05","date_gmt":"2022-02-24T22:39:04","guid":{"rendered":"http:\/\/expedicionesccapcha.com\/producto\/geiseres-de-tatio\/"},"modified":"2022-02-25T22:46:19","modified_gmt":"2022-02-25T22:46:19","slug":"geiseres-de-tatio","status":"publish","type":"product","link":"https:\/\/expedicionesccapcha.com\/pt-br\/producto\/geiseres-de-tatio\/","title":{"rendered":"G\u00eaiseres de Tatio"},"content":{"rendered":"<p>El Tatio (do Kunza &#8220;tata-iu&#8221;) que significa &#8220;o av\u00f4 que chora&#8221; \u00e9 um dos g\u00eaiseres mais altos do mundo. Localizado na Cordilheira dos Andes a nordeste de San Pedro de Atacama, \u00e9 o maior grupo de g\u00eaiseres do hemisf\u00e9rio sul e o terceiro maior do mundo, depois de Yellowstone (EUA) e Dolina Giezerow (R\u00fassia).<\/p>\n","protected":false},"excerpt":{"rendered":"<p>Com uma altura de 4.264 metros acima do n\u00edvel do mar e temperaturas que chegam a 85 C. em nosso retorno \u00e9 poss\u00edvel observar fauna como vicunhas, lhamas, emas, vizcachas, etc. Enquanto na Flora destacam-se os cactos gigantes, llaretas, coir\u00f3n, etc. Visitaremos tamb\u00e9m a pequena vila ancestral de Machuca, seus poucos habitantes dedicam-se principalmente \u00e0 pastagem e produ\u00e7\u00e3o de queijo, muito perto do local est\u00e1 a Lagoa Salada onde vivem fam\u00edlias de flamingos, patos e gaivotas com uma paisagem imponente de beleza.<\/p>\n","protected":false},"featured_media":5166,"comment_status":"closed","ping_status":"closed","template":"","meta":{"_acf_changed":false},"product_brand":[],"product_cat":[64,62],"product_tag":[],"class_list":{"0":"post-2743","1":"product","2":"type-product","3":"status-publish","4":"has-post-thumbnail","6":"product_cat-clasicos-pt-br","7":"product_cat-passeios","9":"first","10":"instock","11":"virtual","12":"sold-individually","13":"purchasable","14":"product-type-booking"},"booking_location":"","booking_location_type":"","booking_duration":1,"booking_duration_unit":"day","booking_buffer":0,"booking_cost":44,"booking_resources":[],"exclude_global_add_ons":[],"addons":[],"acf":[],"yoast_head":"<!-- This site is optimized with the Yoast SEO plugin v26.7 - https:\/\/yoast.com\/wordpress\/plugins\/seo\/ -->\n<title>G\u00eaiseres de Tatio - Expediciones Ccapcha<\/title>\n<meta name=\"robots\" content=\"index, follow, max-snippet:-1, max-image-preview:large, max-video-preview:-1\" \/>\n<link rel=\"canonical\" href=\"https:\/\/expedicionesccapcha.com\/pt-br\/producto\/geiseres-de-tatio\/\" \/>\n<meta property=\"og:locale\" content=\"pt_BR\" \/>\n<meta property=\"og:type\" content=\"article\" \/>\n<meta property=\"og:title\" content=\"G\u00eaiseres de Tatio - Expediciones Ccapcha\" \/>\n<meta property=\"og:description\" content=\"Com uma altura de 4.264 metros acima do n\u00edvel do mar e temperaturas que chegam a 85 C. em nosso retorno \u00e9 poss\u00edvel observar fauna como vicunhas, lhamas, emas, vizcachas, etc. Enquanto na Flora destacam-se os cactos gigantes, llaretas, coir\u00f3n, etc. Visitaremos tamb\u00e9m a pequena vila ancestral de Machuca, seus poucos habitantes dedicam-se principalmente \u00e0 pastagem e produ\u00e7\u00e3o de queijo, muito perto do local est\u00e1 a Lagoa Salada onde vivem fam\u00edlias de flamingos, patos e gaivotas com uma paisagem imponente de beleza.\" \/>\n<meta property=\"og:url\" content=\"https:\/\/expedicionesccapcha.com\/pt-br\/producto\/geiseres-de-tatio\/\" \/>\n<meta property=\"og:site_name\" content=\"Expediciones Ccapcha\" \/>\n<meta property=\"article:modified_time\" content=\"2022-02-25T22:46:19+00:00\" \/>\n<meta property=\"og:image\" content=\"https:\/\/expedicionesccapcha.com\/wp-content\/uploads\/2021\/11\/paisaje_geyserturistas_geyserdeltatio_ccapcha_expediciones.jpg\" \/>\n\t<meta property=\"og:image:width\" content=\"1170\" \/>\n\t<meta property=\"og:image:height\" content=\"550\" \/>\n\t<meta property=\"og:image:type\" content=\"image\/jpeg\" \/>\n<meta name=\"twitter:card\" content=\"summary_large_image\" \/>\n<script type=\"application\/ld+json\" class=\"yoast-schema-graph\">{\"@context\":\"https:\/\/schema.org\",\"@graph\":[{\"@type\":\"WebPage\",\"@id\":\"https:\/\/expedicionesccapcha.com\/pt-br\/producto\/geiseres-de-tatio\/\",\"url\":\"https:\/\/expedicionesccapcha.com\/pt-br\/producto\/geiseres-de-tatio\/\",\"name\":\"G\u00eaiseres de Tatio - Expediciones Ccapcha\",\"isPartOf\":{\"@id\":\"https:\/\/expedicionesccapcha.com\/pt-br\/#website\"},\"primaryImageOfPage\":{\"@id\":\"https:\/\/expedicionesccapcha.com\/pt-br\/producto\/geiseres-de-tatio\/#primaryimage\"},\"image\":{\"@id\":\"https:\/\/expedicionesccapcha.com\/pt-br\/producto\/geiseres-de-tatio\/#primaryimage\"},\"thumbnailUrl\":\"https:\/\/expedicionesccapcha.com\/wp-content\/uploads\/2024\/09\/Ccapcha_Original-5.jpg\",\"datePublished\":\"2022-02-24T22:39:04+00:00\",\"dateModified\":\"2022-02-25T22:46:19+00:00\",\"breadcrumb\":{\"@id\":\"https:\/\/expedicionesccapcha.com\/pt-br\/producto\/geiseres-de-tatio\/#breadcrumb\"},\"inLanguage\":\"pt-BR\",\"potentialAction\":[{\"@type\":\"ReadAction\",\"target\":[\"https:\/\/expedicionesccapcha.com\/pt-br\/producto\/geiseres-de-tatio\/\"]}]},{\"@type\":\"ImageObject\",\"inLanguage\":\"pt-BR\",\"@id\":\"https:\/\/expedicionesccapcha.com\/pt-br\/producto\/geiseres-de-tatio\/#primaryimage\",\"url\":\"https:\/\/expedicionesccapcha.com\/wp-content\/uploads\/2024\/09\/Ccapcha_Original-5.jpg\",\"contentUrl\":\"https:\/\/expedicionesccapcha.com\/wp-content\/uploads\/2024\/09\/Ccapcha_Original-5.jpg\",\"width\":1084,\"height\":720},{\"@type\":\"BreadcrumbList\",\"@id\":\"https:\/\/expedicionesccapcha.com\/pt-br\/producto\/geiseres-de-tatio\/#breadcrumb\",\"itemListElement\":[{\"@type\":\"ListItem\",\"position\":1,\"name\":\"Portada\",\"item\":\"https:\/\/expedicionesccapcha.com\/pt-br\/\"},{\"@type\":\"ListItem\",\"position\":2,\"name\":\"Loja\",\"item\":\"https:\/\/expedicionesccapcha.com\/pt-br\/loja\/\"},{\"@type\":\"ListItem\",\"position\":3,\"name\":\"G\u00eaiseres de Tatio\"}]},{\"@type\":\"WebSite\",\"@id\":\"https:\/\/expedicionesccapcha.com\/pt-br\/#website\",\"url\":\"https:\/\/expedicionesccapcha.com\/pt-br\/\",\"name\":\"Expediciones Ccapcha\",\"description\":\"Ag\u00eancia de turismo San Pedro de Atacama\",\"potentialAction\":[{\"@type\":\"SearchAction\",\"target\":{\"@type\":\"EntryPoint\",\"urlTemplate\":\"https:\/\/expedicionesccapcha.com\/pt-br\/?s={search_term_string}\"},\"query-input\":{\"@type\":\"PropertyValueSpecification\",\"valueRequired\":true,\"valueName\":\"search_term_string\"}}],\"inLanguage\":\"pt-BR\"}]}<\/script>\n<!-- \/ Yoast SEO plugin. -->","yoast_head_json":{"title":"G\u00eaiseres de Tatio - Expediciones Ccapcha","robots":{"index":"index","follow":"follow","max-snippet":"max-snippet:-1","max-image-preview":"max-image-preview:large","max-video-preview":"max-video-preview:-1"},"canonical":"https:\/\/expedicionesccapcha.com\/pt-br\/producto\/geiseres-de-tatio\/","og_locale":"pt_BR","og_type":"article","og_title":"G\u00eaiseres de Tatio - Expediciones Ccapcha","og_description":"Com uma altura de 4.264 metros acima do n\u00edvel do mar e temperaturas que chegam a 85 C. em nosso retorno \u00e9 poss\u00edvel observar fauna como vicunhas, lhamas, emas, vizcachas, etc. Enquanto na Flora destacam-se os cactos gigantes, llaretas, coir\u00f3n, etc. Visitaremos tamb\u00e9m a pequena vila ancestral de Machuca, seus poucos habitantes dedicam-se principalmente \u00e0 pastagem e produ\u00e7\u00e3o de queijo, muito perto do local est\u00e1 a Lagoa Salada onde vivem fam\u00edlias de flamingos, patos e gaivotas com uma paisagem imponente de beleza.","og_url":"https:\/\/expedicionesccapcha.com\/pt-br\/producto\/geiseres-de-tatio\/","og_site_name":"Expediciones Ccapcha","article_modified_time":"2022-02-25T22:46:19+00:00","og_image":[{"width":1170,"height":550,"url":"https:\/\/expedicionesccapcha.com\/wp-content\/uploads\/2021\/11\/paisaje_geyserturistas_geyserdeltatio_ccapcha_expediciones.jpg","type":"image\/jpeg"}],"twitter_card":"summary_large_image","schema":{"@context":"https:\/\/schema.org","@graph":[{"@type":"WebPage","@id":"https:\/\/expedicionesccapcha.com\/pt-br\/producto\/geiseres-de-tatio\/","url":"https:\/\/expedicionesccapcha.com\/pt-br\/producto\/geiseres-de-tatio\/","name":"G\u00eaiseres de Tatio - Expediciones Ccapcha","isPartOf":{"@id":"https:\/\/expedicionesccapcha.com\/pt-br\/#website"},"primaryImageOfPage":{"@id":"https:\/\/expedicionesccapcha.com\/pt-br\/producto\/geiseres-de-tatio\/#primaryimage"},"image":{"@id":"https:\/\/expedicionesccapcha.com\/pt-br\/producto\/geiseres-de-tatio\/#primaryimage"},"thumbnailUrl":"https:\/\/expedicionesccapcha.com\/wp-content\/uploads\/2024\/09\/Ccapcha_Original-5.jpg","datePublished":"2022-02-24T22:39:04+00:00","dateModified":"2022-02-25T22:46:19+00:00","breadcrumb":{"@id":"https:\/\/expedicionesccapcha.com\/pt-br\/producto\/geiseres-de-tatio\/#breadcrumb"},"inLanguage":"pt-BR","potentialAction":[{"@type":"ReadAction","target":["https:\/\/expedicionesccapcha.com\/pt-br\/producto\/geiseres-de-tatio\/"]}]},{"@type":"ImageObject","inLanguage":"pt-BR","@id":"https:\/\/expedicionesccapcha.com\/pt-br\/producto\/geiseres-de-tatio\/#primaryimage","url":"https:\/\/expedicionesccapcha.com\/wp-content\/uploads\/2024\/09\/Ccapcha_Original-5.jpg","contentUrl":"https:\/\/expedicionesccapcha.com\/wp-content\/uploads\/2024\/09\/Ccapcha_Original-5.jpg","width":1084,"height":720},{"@type":"BreadcrumbList","@id":"https:\/\/expedicionesccapcha.com\/pt-br\/producto\/geiseres-de-tatio\/#breadcrumb","itemListElement":[{"@type":"ListItem","position":1,"name":"Portada","item":"https:\/\/expedicionesccapcha.com\/pt-br\/"},{"@type":"ListItem","position":2,"name":"Loja","item":"https:\/\/expedicionesccapcha.com\/pt-br\/loja\/"},{"@type":"ListItem","position":3,"name":"G\u00eaiseres de Tatio"}]},{"@type":"WebSite","@id":"https:\/\/expedicionesccapcha.com\/pt-br\/#website","url":"https:\/\/expedicionesccapcha.com\/pt-br\/","name":"Expediciones Ccapcha","description":"Ag\u00eancia de turismo San Pedro de Atacama","potentialAction":[{"@type":"SearchAction","target":{"@type":"EntryPoint","urlTemplate":"https:\/\/expedicionesccapcha.com\/pt-br\/?s={search_term_string}"},"query-input":{"@type":"PropertyValueSpecification","valueRequired":true,"valueName":"search_term_string"}}],"inLanguage":"pt-BR"}]}},"_links":{"self":[{"href":"https:\/\/expedicionesccapcha.com\/pt-br\/wp-json\/wp\/v2\/product\/2743","targetHints":{"allow":["GET"]}}],"collection":[{"href":"https:\/\/expedicionesccapcha.com\/pt-br\/wp-json\/wp\/v2\/product"}],"about":[{"href":"https:\/\/expedicionesccapcha.com\/pt-br\/wp-json\/wp\/v2\/types\/product"}],"replies":[{"embeddable":true,"href":"https:\/\/expedicionesccapcha.com\/pt-br\/wp-json\/wp\/v2\/comments?post=2743"}],"version-history":[{"count":1,"href":"https:\/\/expedicionesccapcha.com\/pt-br\/wp-json\/wp\/v2\/product\/2743\/revisions"}],"predecessor-version":[{"id":2831,"href":"https:\/\/expedicionesccapcha.com\/pt-br\/wp-json\/wp\/v2\/product\/2743\/revisions\/2831"}],"wp:featuredmedia":[{"embeddable":true,"href":"https:\/\/expedicionesccapcha.com\/pt-br\/wp-json\/wp\/v2\/media\/5166"}],"wp:attachment":[{"href":"https:\/\/expedicionesccapcha.com\/pt-br\/wp-json\/wp\/v2\/media?parent=2743"}],"wp:term":[{"taxonomy":"product_brand","embeddable":true,"href":"https:\/\/expedicionesccapcha.com\/pt-br\/wp-json\/wp\/v2\/product_brand?post=2743"},{"taxonomy":"product_cat","embeddable":true,"href":"https:\/\/expedicionesccapcha.com\/pt-br\/wp-json\/wp\/v2\/product_cat?post=2743"},{"taxonomy":"product_tag","embeddable":true,"href":"https:\/\/expedicionesccapcha.com\/pt-br\/wp-json\/wp\/v2\/product_tag?post=2743"}],"curies":[{"name":"wp","href":"https:\/\/api.w.org\/{rel}","templated":true}]}}