{"id":2742,"date":"2021-11-21T10:04:23","date_gmt":"2022-02-24T22:36:01","guid":{"rendered":"http:\/\/expedicionesccapcha.com\/producto\/lagoa-cejar\/"},"modified":"2022-02-25T22:44:07","modified_gmt":"2022-02-25T22:44:07","slug":"lagoa-cejar","status":"publish","type":"product","link":"https:\/\/expedicionesccapcha.com\/pt-br\/producto\/lagoa-cejar\/","title":{"rendered":"Lagoa Cejar"},"content":{"rendered":"<p>O Salar de Atacama \u00e9 o maior dep\u00f3sito de sal do Chile e \u00e9 formado por uma depress\u00e3o sem sa\u00edda de \u00e1gua que recebe o rio San Pedro e m\u00faltiplas ravinas por onde se filtra a \u00e1gua da cordilheira.<\/p>\n<p>Dentro dela, voc\u00ea encontrar\u00e1 a bela e m\u00edstica Laguna Cejar de cor turquesa. Seu alto teor de sal gera o efeito flutuante, o que torna um banho relaxante e uma experi\u00eancia divertida.<\/p>\n","protected":false},"excerpt":{"rendered":"<p>Visitaremos os olhos do salar, duas piscinas de \u00e1gua de camadas subterr\u00e2neas onde pequenos juncos e algas crescem em suas margens, finalmente na Laguna Tebenquinche desfrutaremos da grande brancura do sal, juntamente com um aperitivo e contemplando em suas \u00e1guas o reflexo da Cordilheira um espet\u00e1culo inesquec\u00edvel.<\/p>\n","protected":false},"featured_media":2498,"comment_status":"closed","ping_status":"closed","template":"","meta":{"_acf_changed":false},"product_brand":[],"product_cat":[64,62],"product_tag":[],"class_list":{"0":"post-2742","1":"product","2":"type-product","3":"status-publish","4":"has-post-thumbnail","6":"product_cat-clasicos-pt-br","7":"product_cat-passeios","9":"first","10":"instock","11":"virtual","12":"sold-individually","13":"purchasable","14":"product-type-booking"},"booking_location":"","booking_location_type":"","booking_duration":1,"booking_duration_unit":"day","booking_buffer":0,"booking_cost":38.5,"booking_resources":[],"exclude_global_add_ons":[],"addons":[],"acf":[],"yoast_head":"<!-- This site is optimized with the Yoast SEO plugin v26.7 - https:\/\/yoast.com\/wordpress\/plugins\/seo\/ -->\n<title>Lagoa Cejar - Expediciones Ccapcha<\/title>\n<meta name=\"robots\" content=\"index, follow, max-snippet:-1, max-image-preview:large, max-video-preview:-1\" \/>\n<link rel=\"canonical\" href=\"https:\/\/expedicionesccapcha.com\/pt-br\/producto\/lagoa-cejar\/\" \/>\n<meta property=\"og:locale\" content=\"pt_BR\" \/>\n<meta property=\"og:type\" content=\"article\" \/>\n<meta property=\"og:title\" content=\"Lagoa Cejar - Expediciones Ccapcha\" \/>\n<meta property=\"og:description\" content=\"Visitaremos os olhos do salar, duas piscinas de \u00e1gua de camadas subterr\u00e2neas onde pequenos juncos e algas crescem em suas margens, finalmente na Laguna Tebenquinche desfrutaremos da grande brancura do sal, juntamente com um aperitivo e contemplando em suas \u00e1guas o reflexo da Cordilheira um espet\u00e1culo inesquec\u00edvel.\" \/>\n<meta property=\"og:url\" content=\"https:\/\/expedicionesccapcha.com\/pt-br\/producto\/lagoa-cejar\/\" \/>\n<meta property=\"og:site_name\" content=\"Expediciones Ccapcha\" \/>\n<meta property=\"article:modified_time\" content=\"2022-02-25T22:44:07+00:00\" \/>\n<meta property=\"og:image\" content=\"https:\/\/expedicionesccapcha.com\/wp-content\/uploads\/2021\/11\/paisaje_turista_banos_lagunacejar_ccapcha_expediciones.jpg\" \/>\n\t<meta property=\"og:image:width\" content=\"1170\" \/>\n\t<meta property=\"og:image:height\" content=\"550\" \/>\n\t<meta property=\"og:image:type\" content=\"image\/jpeg\" \/>\n<meta name=\"twitter:card\" content=\"summary_large_image\" \/>\n<script type=\"application\/ld+json\" class=\"yoast-schema-graph\">{\"@context\":\"https:\/\/schema.org\",\"@graph\":[{\"@type\":\"WebPage\",\"@id\":\"https:\/\/expedicionesccapcha.com\/pt-br\/producto\/lagoa-cejar\/\",\"url\":\"https:\/\/expedicionesccapcha.com\/pt-br\/producto\/lagoa-cejar\/\",\"name\":\"Lagoa Cejar - Expediciones Ccapcha\",\"isPartOf\":{\"@id\":\"https:\/\/expedicionesccapcha.com\/pt-br\/#website\"},\"primaryImageOfPage\":{\"@id\":\"https:\/\/expedicionesccapcha.com\/pt-br\/producto\/lagoa-cejar\/#primaryimage\"},\"image\":{\"@id\":\"https:\/\/expedicionesccapcha.com\/pt-br\/producto\/lagoa-cejar\/#primaryimage\"},\"thumbnailUrl\":\"https:\/\/expedicionesccapcha.com\/wp-content\/uploads\/2021\/11\/paisaje_turista_banos_lagunacejar_ccapcha_expediciones.jpg\",\"datePublished\":\"2022-02-24T22:36:01+00:00\",\"dateModified\":\"2022-02-25T22:44:07+00:00\",\"breadcrumb\":{\"@id\":\"https:\/\/expedicionesccapcha.com\/pt-br\/producto\/lagoa-cejar\/#breadcrumb\"},\"inLanguage\":\"pt-BR\",\"potentialAction\":[{\"@type\":\"ReadAction\",\"target\":[\"https:\/\/expedicionesccapcha.com\/pt-br\/producto\/lagoa-cejar\/\"]}]},{\"@type\":\"ImageObject\",\"inLanguage\":\"pt-BR\",\"@id\":\"https:\/\/expedicionesccapcha.com\/pt-br\/producto\/lagoa-cejar\/#primaryimage\",\"url\":\"https:\/\/expedicionesccapcha.com\/wp-content\/uploads\/2021\/11\/paisaje_turista_banos_lagunacejar_ccapcha_expediciones.jpg\",\"contentUrl\":\"https:\/\/expedicionesccapcha.com\/wp-content\/uploads\/2021\/11\/paisaje_turista_banos_lagunacejar_ccapcha_expediciones.jpg\",\"width\":1170,\"height\":550},{\"@type\":\"BreadcrumbList\",\"@id\":\"https:\/\/expedicionesccapcha.com\/pt-br\/producto\/lagoa-cejar\/#breadcrumb\",\"itemListElement\":[{\"@type\":\"ListItem\",\"position\":1,\"name\":\"Portada\",\"item\":\"https:\/\/expedicionesccapcha.com\/pt-br\/\"},{\"@type\":\"ListItem\",\"position\":2,\"name\":\"Loja\",\"item\":\"https:\/\/expedicionesccapcha.com\/pt-br\/loja\/\"},{\"@type\":\"ListItem\",\"position\":3,\"name\":\"Lagoa Cejar\"}]},{\"@type\":\"WebSite\",\"@id\":\"https:\/\/expedicionesccapcha.com\/pt-br\/#website\",\"url\":\"https:\/\/expedicionesccapcha.com\/pt-br\/\",\"name\":\"Expediciones Ccapcha\",\"description\":\"Ag\u00eancia de turismo San Pedro de Atacama\",\"potentialAction\":[{\"@type\":\"SearchAction\",\"target\":{\"@type\":\"EntryPoint\",\"urlTemplate\":\"https:\/\/expedicionesccapcha.com\/pt-br\/?s={search_term_string}\"},\"query-input\":{\"@type\":\"PropertyValueSpecification\",\"valueRequired\":true,\"valueName\":\"search_term_string\"}}],\"inLanguage\":\"pt-BR\"}]}<\/script>\n<!-- \/ Yoast SEO plugin. -->","yoast_head_json":{"title":"Lagoa Cejar - Expediciones Ccapcha","robots":{"index":"index","follow":"follow","max-snippet":"max-snippet:-1","max-image-preview":"max-image-preview:large","max-video-preview":"max-video-preview:-1"},"canonical":"https:\/\/expedicionesccapcha.com\/pt-br\/producto\/lagoa-cejar\/","og_locale":"pt_BR","og_type":"article","og_title":"Lagoa Cejar - Expediciones Ccapcha","og_description":"Visitaremos os olhos do salar, duas piscinas de \u00e1gua de camadas subterr\u00e2neas onde pequenos juncos e algas crescem em suas margens, finalmente na Laguna Tebenquinche desfrutaremos da grande brancura do sal, juntamente com um aperitivo e contemplando em suas \u00e1guas o reflexo da Cordilheira um espet\u00e1culo inesquec\u00edvel.","og_url":"https:\/\/expedicionesccapcha.com\/pt-br\/producto\/lagoa-cejar\/","og_site_name":"Expediciones Ccapcha","article_modified_time":"2022-02-25T22:44:07+00:00","og_image":[{"width":1170,"height":550,"url":"https:\/\/expedicionesccapcha.com\/wp-content\/uploads\/2021\/11\/paisaje_turista_banos_lagunacejar_ccapcha_expediciones.jpg","type":"image\/jpeg"}],"twitter_card":"summary_large_image","schema":{"@context":"https:\/\/schema.org","@graph":[{"@type":"WebPage","@id":"https:\/\/expedicionesccapcha.com\/pt-br\/producto\/lagoa-cejar\/","url":"https:\/\/expedicionesccapcha.com\/pt-br\/producto\/lagoa-cejar\/","name":"Lagoa Cejar - Expediciones Ccapcha","isPartOf":{"@id":"https:\/\/expedicionesccapcha.com\/pt-br\/#website"},"primaryImageOfPage":{"@id":"https:\/\/expedicionesccapcha.com\/pt-br\/producto\/lagoa-cejar\/#primaryimage"},"image":{"@id":"https:\/\/expedicionesccapcha.com\/pt-br\/producto\/lagoa-cejar\/#primaryimage"},"thumbnailUrl":"https:\/\/expedicionesccapcha.com\/wp-content\/uploads\/2021\/11\/paisaje_turista_banos_lagunacejar_ccapcha_expediciones.jpg","datePublished":"2022-02-24T22:36:01+00:00","dateModified":"2022-02-25T22:44:07+00:00","breadcrumb":{"@id":"https:\/\/expedicionesccapcha.com\/pt-br\/producto\/lagoa-cejar\/#breadcrumb"},"inLanguage":"pt-BR","potentialAction":[{"@type":"ReadAction","target":["https:\/\/expedicionesccapcha.com\/pt-br\/producto\/lagoa-cejar\/"]}]},{"@type":"ImageObject","inLanguage":"pt-BR","@id":"https:\/\/expedicionesccapcha.com\/pt-br\/producto\/lagoa-cejar\/#primaryimage","url":"https:\/\/expedicionesccapcha.com\/wp-content\/uploads\/2021\/11\/paisaje_turista_banos_lagunacejar_ccapcha_expediciones.jpg","contentUrl":"https:\/\/expedicionesccapcha.com\/wp-content\/uploads\/2021\/11\/paisaje_turista_banos_lagunacejar_ccapcha_expediciones.jpg","width":1170,"height":550},{"@type":"BreadcrumbList","@id":"https:\/\/expedicionesccapcha.com\/pt-br\/producto\/lagoa-cejar\/#breadcrumb","itemListElement":[{"@type":"ListItem","position":1,"name":"Portada","item":"https:\/\/expedicionesccapcha.com\/pt-br\/"},{"@type":"ListItem","position":2,"name":"Loja","item":"https:\/\/expedicionesccapcha.com\/pt-br\/loja\/"},{"@type":"ListItem","position":3,"name":"Lagoa Cejar"}]},{"@type":"WebSite","@id":"https:\/\/expedicionesccapcha.com\/pt-br\/#website","url":"https:\/\/expedicionesccapcha.com\/pt-br\/","name":"Expediciones Ccapcha","description":"Ag\u00eancia de turismo San Pedro de Atacama","potentialAction":[{"@type":"SearchAction","target":{"@type":"EntryPoint","urlTemplate":"https:\/\/expedicionesccapcha.com\/pt-br\/?s={search_term_string}"},"query-input":{"@type":"PropertyValueSpecification","valueRequired":true,"valueName":"search_term_string"}}],"inLanguage":"pt-BR"}]}},"_links":{"self":[{"href":"https:\/\/expedicionesccapcha.com\/pt-br\/wp-json\/wp\/v2\/product\/2742","targetHints":{"allow":["GET"]}}],"collection":[{"href":"https:\/\/expedicionesccapcha.com\/pt-br\/wp-json\/wp\/v2\/product"}],"about":[{"href":"https:\/\/expedicionesccapcha.com\/pt-br\/wp-json\/wp\/v2\/types\/product"}],"replies":[{"embeddable":true,"href":"https:\/\/expedicionesccapcha.com\/pt-br\/wp-json\/wp\/v2\/comments?post=2742"}],"version-history":[{"count":1,"href":"https:\/\/expedicionesccapcha.com\/pt-br\/wp-json\/wp\/v2\/product\/2742\/revisions"}],"predecessor-version":[{"id":2828,"href":"https:\/\/expedicionesccapcha.com\/pt-br\/wp-json\/wp\/v2\/product\/2742\/revisions\/2828"}],"wp:featuredmedia":[{"embeddable":true,"href":"https:\/\/expedicionesccapcha.com\/pt-br\/wp-json\/wp\/v2\/media\/2498"}],"wp:attachment":[{"href":"https:\/\/expedicionesccapcha.com\/pt-br\/wp-json\/wp\/v2\/media?parent=2742"}],"wp:term":[{"taxonomy":"product_brand","embeddable":true,"href":"https:\/\/expedicionesccapcha.com\/pt-br\/wp-json\/wp\/v2\/product_brand?post=2742"},{"taxonomy":"product_cat","embeddable":true,"href":"https:\/\/expedicionesccapcha.com\/pt-br\/wp-json\/wp\/v2\/product_cat?post=2742"},{"taxonomy":"product_tag","embeddable":true,"href":"https:\/\/expedicionesccapcha.com\/pt-br\/wp-json\/wp\/v2\/product_tag?post=2742"}],"curies":[{"name":"wp","href":"https:\/\/api.w.org\/{rel}","templated":true}]}}