{"id":2741,"date":"2021-11-21T10:05:08","date_gmt":"2022-02-24T22:33:24","guid":{"rendered":"http:\/\/expedicionesccapcha.com\/producto\/lagoas-escondidas-de-baltinache\/"},"modified":"2022-07-18T19:45:23","modified_gmt":"2022-07-18T19:45:23","slug":"lagoas-escondidas-de-baltinache","status":"publish","type":"product","link":"https:\/\/expedicionesccapcha.com\/pt-br\/producto\/lagoas-escondidas-de-baltinache\/","title":{"rendered":"Lagoas escondidas de Baltinache"},"content":{"rendered":"<p>As sete lagoas turquesas, \u00e9 uma excurs\u00e3o a meio da tarde, onde visitamos estas lagoas artificiais; Fazemos um pequeno passeio de cerca de 20 min.<\/p>\n","protected":false},"excerpt":{"rendered":"<p>Devido \u00e0 densidade do sal, pode-se flutuar neles, podemos entrar no primeiro e no \u00faltimo, ao sair destes, \u00e9 necess\u00e1rio retirar o sal do corpo, voc\u00ea pode usar os chuveiros que est\u00e3o nas instala\u00e7\u00f5es do parque, \u00e9 importante para o cuidado da pele. Depois de relaxar, vamos a um mirante, saboreamos um delicioso lanche, apreciando um lindo p\u00f4r do sol.<\/p>\n","protected":false},"featured_media":5220,"comment_status":"closed","ping_status":"closed","template":"","meta":{"_acf_changed":false},"product_brand":[],"product_cat":[64,62],"product_tag":[],"class_list":{"0":"post-2741","1":"product","2":"type-product","3":"status-publish","4":"has-post-thumbnail","6":"product_cat-clasicos-pt-br","7":"product_cat-passeios","9":"first","10":"instock","11":"virtual","12":"sold-individually","13":"purchasable","14":"product-type-booking"},"booking_location":"","booking_location_type":"","booking_duration":1,"booking_duration_unit":"day","booking_buffer":0,"booking_cost":46.2000000000000028421709430404007434844970703125,"booking_resources":[],"exclude_global_add_ons":[],"addons":[],"acf":[],"yoast_head":"<!-- This site is optimized with the Yoast SEO plugin v26.7 - https:\/\/yoast.com\/wordpress\/plugins\/seo\/ -->\n<title>Lagoas escondidas de Baltinache - Expediciones Ccapcha<\/title>\n<meta name=\"robots\" content=\"index, follow, max-snippet:-1, max-image-preview:large, max-video-preview:-1\" \/>\n<link rel=\"canonical\" href=\"https:\/\/expedicionesccapcha.com\/pt-br\/producto\/lagoas-escondidas-de-baltinache\/\" \/>\n<meta property=\"og:locale\" content=\"pt_BR\" \/>\n<meta property=\"og:type\" content=\"article\" \/>\n<meta property=\"og:title\" content=\"Lagoas escondidas de Baltinache - Expediciones Ccapcha\" \/>\n<meta property=\"og:description\" content=\"Devido \u00e0 densidade do sal, pode-se flutuar neles, podemos entrar no primeiro e no \u00faltimo, ao sair destes, \u00e9 necess\u00e1rio retirar o sal do corpo, voc\u00ea pode usar os chuveiros que est\u00e3o nas instala\u00e7\u00f5es do parque, \u00e9 importante para o cuidado da pele. Depois de relaxar, vamos a um mirante, saboreamos um delicioso lanche, apreciando um lindo p\u00f4r do sol.\" \/>\n<meta property=\"og:url\" content=\"https:\/\/expedicionesccapcha.com\/pt-br\/producto\/lagoas-escondidas-de-baltinache\/\" \/>\n<meta property=\"og:site_name\" content=\"Expediciones Ccapcha\" \/>\n<meta property=\"article:modified_time\" content=\"2022-07-18T19:45:23+00:00\" \/>\n<meta property=\"og:image\" content=\"https:\/\/expedicionesccapcha.com\/wp-content\/uploads\/2021\/11\/lagunas-3-ajustada.jpg\" \/>\n\t<meta property=\"og:image:width\" content=\"1170\" \/>\n\t<meta property=\"og:image:height\" content=\"550\" \/>\n\t<meta property=\"og:image:type\" content=\"image\/jpeg\" \/>\n<meta name=\"twitter:card\" content=\"summary_large_image\" \/>\n<script type=\"application\/ld+json\" class=\"yoast-schema-graph\">{\"@context\":\"https:\/\/schema.org\",\"@graph\":[{\"@type\":\"WebPage\",\"@id\":\"https:\/\/expedicionesccapcha.com\/pt-br\/producto\/lagoas-escondidas-de-baltinache\/\",\"url\":\"https:\/\/expedicionesccapcha.com\/pt-br\/producto\/lagoas-escondidas-de-baltinache\/\",\"name\":\"Lagoas escondidas de Baltinache - Expediciones Ccapcha\",\"isPartOf\":{\"@id\":\"https:\/\/expedicionesccapcha.com\/pt-br\/#website\"},\"primaryImageOfPage\":{\"@id\":\"https:\/\/expedicionesccapcha.com\/pt-br\/producto\/lagoas-escondidas-de-baltinache\/#primaryimage\"},\"image\":{\"@id\":\"https:\/\/expedicionesccapcha.com\/pt-br\/producto\/lagoas-escondidas-de-baltinache\/#primaryimage\"},\"thumbnailUrl\":\"https:\/\/expedicionesccapcha.com\/wp-content\/uploads\/2024\/09\/DSC_0877-1.jpg\",\"datePublished\":\"2022-02-24T22:33:24+00:00\",\"dateModified\":\"2022-07-18T19:45:23+00:00\",\"breadcrumb\":{\"@id\":\"https:\/\/expedicionesccapcha.com\/pt-br\/producto\/lagoas-escondidas-de-baltinache\/#breadcrumb\"},\"inLanguage\":\"pt-BR\",\"potentialAction\":[{\"@type\":\"ReadAction\",\"target\":[\"https:\/\/expedicionesccapcha.com\/pt-br\/producto\/lagoas-escondidas-de-baltinache\/\"]}]},{\"@type\":\"ImageObject\",\"inLanguage\":\"pt-BR\",\"@id\":\"https:\/\/expedicionesccapcha.com\/pt-br\/producto\/lagoas-escondidas-de-baltinache\/#primaryimage\",\"url\":\"https:\/\/expedicionesccapcha.com\/wp-content\/uploads\/2024\/09\/DSC_0877-1.jpg\",\"contentUrl\":\"https:\/\/expedicionesccapcha.com\/wp-content\/uploads\/2024\/09\/DSC_0877-1.jpg\",\"width\":1080,\"height\":720},{\"@type\":\"BreadcrumbList\",\"@id\":\"https:\/\/expedicionesccapcha.com\/pt-br\/producto\/lagoas-escondidas-de-baltinache\/#breadcrumb\",\"itemListElement\":[{\"@type\":\"ListItem\",\"position\":1,\"name\":\"Portada\",\"item\":\"https:\/\/expedicionesccapcha.com\/pt-br\/\"},{\"@type\":\"ListItem\",\"position\":2,\"name\":\"Loja\",\"item\":\"https:\/\/expedicionesccapcha.com\/pt-br\/loja\/\"},{\"@type\":\"ListItem\",\"position\":3,\"name\":\"Lagoas escondidas de Baltinache\"}]},{\"@type\":\"WebSite\",\"@id\":\"https:\/\/expedicionesccapcha.com\/pt-br\/#website\",\"url\":\"https:\/\/expedicionesccapcha.com\/pt-br\/\",\"name\":\"Expediciones Ccapcha\",\"description\":\"Ag\u00eancia de turismo San Pedro de Atacama\",\"potentialAction\":[{\"@type\":\"SearchAction\",\"target\":{\"@type\":\"EntryPoint\",\"urlTemplate\":\"https:\/\/expedicionesccapcha.com\/pt-br\/?s={search_term_string}\"},\"query-input\":{\"@type\":\"PropertyValueSpecification\",\"valueRequired\":true,\"valueName\":\"search_term_string\"}}],\"inLanguage\":\"pt-BR\"}]}<\/script>\n<!-- \/ Yoast SEO plugin. -->","yoast_head_json":{"title":"Lagoas escondidas de Baltinache - Expediciones Ccapcha","robots":{"index":"index","follow":"follow","max-snippet":"max-snippet:-1","max-image-preview":"max-image-preview:large","max-video-preview":"max-video-preview:-1"},"canonical":"https:\/\/expedicionesccapcha.com\/pt-br\/producto\/lagoas-escondidas-de-baltinache\/","og_locale":"pt_BR","og_type":"article","og_title":"Lagoas escondidas de Baltinache - Expediciones Ccapcha","og_description":"Devido \u00e0 densidade do sal, pode-se flutuar neles, podemos entrar no primeiro e no \u00faltimo, ao sair destes, \u00e9 necess\u00e1rio retirar o sal do corpo, voc\u00ea pode usar os chuveiros que est\u00e3o nas instala\u00e7\u00f5es do parque, \u00e9 importante para o cuidado da pele. Depois de relaxar, vamos a um mirante, saboreamos um delicioso lanche, apreciando um lindo p\u00f4r do sol.","og_url":"https:\/\/expedicionesccapcha.com\/pt-br\/producto\/lagoas-escondidas-de-baltinache\/","og_site_name":"Expediciones Ccapcha","article_modified_time":"2022-07-18T19:45:23+00:00","og_image":[{"width":1170,"height":550,"url":"https:\/\/expedicionesccapcha.com\/wp-content\/uploads\/2021\/11\/lagunas-3-ajustada.jpg","type":"image\/jpeg"}],"twitter_card":"summary_large_image","schema":{"@context":"https:\/\/schema.org","@graph":[{"@type":"WebPage","@id":"https:\/\/expedicionesccapcha.com\/pt-br\/producto\/lagoas-escondidas-de-baltinache\/","url":"https:\/\/expedicionesccapcha.com\/pt-br\/producto\/lagoas-escondidas-de-baltinache\/","name":"Lagoas escondidas de Baltinache - Expediciones Ccapcha","isPartOf":{"@id":"https:\/\/expedicionesccapcha.com\/pt-br\/#website"},"primaryImageOfPage":{"@id":"https:\/\/expedicionesccapcha.com\/pt-br\/producto\/lagoas-escondidas-de-baltinache\/#primaryimage"},"image":{"@id":"https:\/\/expedicionesccapcha.com\/pt-br\/producto\/lagoas-escondidas-de-baltinache\/#primaryimage"},"thumbnailUrl":"https:\/\/expedicionesccapcha.com\/wp-content\/uploads\/2024\/09\/DSC_0877-1.jpg","datePublished":"2022-02-24T22:33:24+00:00","dateModified":"2022-07-18T19:45:23+00:00","breadcrumb":{"@id":"https:\/\/expedicionesccapcha.com\/pt-br\/producto\/lagoas-escondidas-de-baltinache\/#breadcrumb"},"inLanguage":"pt-BR","potentialAction":[{"@type":"ReadAction","target":["https:\/\/expedicionesccapcha.com\/pt-br\/producto\/lagoas-escondidas-de-baltinache\/"]}]},{"@type":"ImageObject","inLanguage":"pt-BR","@id":"https:\/\/expedicionesccapcha.com\/pt-br\/producto\/lagoas-escondidas-de-baltinache\/#primaryimage","url":"https:\/\/expedicionesccapcha.com\/wp-content\/uploads\/2024\/09\/DSC_0877-1.jpg","contentUrl":"https:\/\/expedicionesccapcha.com\/wp-content\/uploads\/2024\/09\/DSC_0877-1.jpg","width":1080,"height":720},{"@type":"BreadcrumbList","@id":"https:\/\/expedicionesccapcha.com\/pt-br\/producto\/lagoas-escondidas-de-baltinache\/#breadcrumb","itemListElement":[{"@type":"ListItem","position":1,"name":"Portada","item":"https:\/\/expedicionesccapcha.com\/pt-br\/"},{"@type":"ListItem","position":2,"name":"Loja","item":"https:\/\/expedicionesccapcha.com\/pt-br\/loja\/"},{"@type":"ListItem","position":3,"name":"Lagoas escondidas de Baltinache"}]},{"@type":"WebSite","@id":"https:\/\/expedicionesccapcha.com\/pt-br\/#website","url":"https:\/\/expedicionesccapcha.com\/pt-br\/","name":"Expediciones Ccapcha","description":"Ag\u00eancia de turismo San Pedro de Atacama","potentialAction":[{"@type":"SearchAction","target":{"@type":"EntryPoint","urlTemplate":"https:\/\/expedicionesccapcha.com\/pt-br\/?s={search_term_string}"},"query-input":{"@type":"PropertyValueSpecification","valueRequired":true,"valueName":"search_term_string"}}],"inLanguage":"pt-BR"}]}},"_links":{"self":[{"href":"https:\/\/expedicionesccapcha.com\/pt-br\/wp-json\/wp\/v2\/product\/2741","targetHints":{"allow":["GET"]}}],"collection":[{"href":"https:\/\/expedicionesccapcha.com\/pt-br\/wp-json\/wp\/v2\/product"}],"about":[{"href":"https:\/\/expedicionesccapcha.com\/pt-br\/wp-json\/wp\/v2\/types\/product"}],"replies":[{"embeddable":true,"href":"https:\/\/expedicionesccapcha.com\/pt-br\/wp-json\/wp\/v2\/comments?post=2741"}],"version-history":[{"count":1,"href":"https:\/\/expedicionesccapcha.com\/pt-br\/wp-json\/wp\/v2\/product\/2741\/revisions"}],"predecessor-version":[{"id":3111,"href":"https:\/\/expedicionesccapcha.com\/pt-br\/wp-json\/wp\/v2\/product\/2741\/revisions\/3111"}],"wp:featuredmedia":[{"embeddable":true,"href":"https:\/\/expedicionesccapcha.com\/pt-br\/wp-json\/wp\/v2\/media\/5220"}],"wp:attachment":[{"href":"https:\/\/expedicionesccapcha.com\/pt-br\/wp-json\/wp\/v2\/media?parent=2741"}],"wp:term":[{"taxonomy":"product_brand","embeddable":true,"href":"https:\/\/expedicionesccapcha.com\/pt-br\/wp-json\/wp\/v2\/product_brand?post=2741"},{"taxonomy":"product_cat","embeddable":true,"href":"https:\/\/expedicionesccapcha.com\/pt-br\/wp-json\/wp\/v2\/product_cat?post=2741"},{"taxonomy":"product_tag","embeddable":true,"href":"https:\/\/expedicionesccapcha.com\/pt-br\/wp-json\/wp\/v2\/product_tag?post=2741"}],"curies":[{"name":"wp","href":"https:\/\/api.w.org\/{rel}","templated":true}]}}