{"id":2738,"date":"2021-11-21T10:07:48","date_gmt":"2022-02-24T22:25:21","guid":{"rendered":"http:\/\/expedicionesccapcha.com\/producto\/morro-do-quimal\/"},"modified":"2022-07-18T19:45:11","modified_gmt":"2022-07-18T19:45:11","slug":"morro-do-quimal","status":"publish","type":"product","link":"https:\/\/expedicionesccapcha.com\/pt-br\/producto\/morro-do-quimal\/","title":{"rendered":"Morro do Quimal"},"content":{"rendered":"<p>Uma colina sagrada, localizada na Cordilheira de Domeyko, a aproximadamente 70 km de San Pedro de Atacama, \u00e9 chamada de princesa pela cidade e carinhosamente ligada ao vulc\u00e3o Licancabur; Reza a lenda que a cada solst\u00edcio de inverno recebe o abra\u00e7o da sombra de seu pr\u00edncipe, de acordo com a cosmovis\u00e3o andina ela representa a mulher e a fertilidade; um lugar onde os rituais antigos ainda se manifestam.<\/p>\n","protected":false},"excerpt":{"rendered":"<p>Verticalmente, cerca de 600 metros s\u00e3o percorridos em dire\u00e7\u00e3o ao topo, sua altura \u00e9 de 4278 metros acima do n\u00edvel do mar, \u00e9 necess\u00e1rio um guia experiente, pois as rotas foram se deteriorando ao longo dos anos, como resultado das chuvas que o inverno traz das terras altas, \u00e9 de dificuldade m\u00e9dia e ideal para aclimata\u00e7\u00e3o, se mais tarde voc\u00ea quiser fazer uma excurs\u00e3o a mais de 5000 metros acima do n\u00edvel do mar.<\/p>\n","protected":false},"featured_media":2538,"comment_status":"closed","ping_status":"closed","template":"","meta":{"_acf_changed":false},"product_brand":[],"product_cat":[62,68],"product_tag":[],"class_list":{"0":"post-2738","1":"product","2":"type-product","3":"status-publish","4":"has-post-thumbnail","6":"product_cat-passeios","7":"product_cat-volcanes-pt-br","9":"first","10":"instock","11":"virtual","12":"sold-individually","13":"purchasable","14":"product-type-booking"},"booking_location":"","booking_location_type":"","booking_duration":1,"booking_duration_unit":"day","booking_buffer":0,"booking_cost":132,"booking_resources":[],"exclude_global_add_ons":[],"addons":[],"acf":[],"yoast_head":"<!-- This site is optimized with the Yoast SEO plugin v26.7 - https:\/\/yoast.com\/wordpress\/plugins\/seo\/ -->\n<title>Morro do Quimal - Expediciones Ccapcha<\/title>\n<meta name=\"robots\" content=\"index, follow, max-snippet:-1, max-image-preview:large, max-video-preview:-1\" \/>\n<link rel=\"canonical\" href=\"https:\/\/expedicionesccapcha.com\/pt-br\/producto\/morro-do-quimal\/\" \/>\n<meta property=\"og:locale\" content=\"pt_BR\" \/>\n<meta property=\"og:type\" content=\"article\" \/>\n<meta property=\"og:title\" content=\"Morro do Quimal - Expediciones Ccapcha\" \/>\n<meta property=\"og:description\" content=\"Verticalmente, cerca de 600 metros s\u00e3o percorridos em dire\u00e7\u00e3o ao topo, sua altura \u00e9 de 4278 metros acima do n\u00edvel do mar, \u00e9 necess\u00e1rio um guia experiente, pois as rotas foram se deteriorando ao longo dos anos, como resultado das chuvas que o inverno traz das terras altas, \u00e9 de dificuldade m\u00e9dia e ideal para aclimata\u00e7\u00e3o, se mais tarde voc\u00ea quiser fazer uma excurs\u00e3o a mais de 5000 metros acima do n\u00edvel do mar.\" \/>\n<meta property=\"og:url\" content=\"https:\/\/expedicionesccapcha.com\/pt-br\/producto\/morro-do-quimal\/\" \/>\n<meta property=\"og:site_name\" content=\"Expediciones Ccapcha\" \/>\n<meta property=\"article:modified_time\" content=\"2022-07-18T19:45:11+00:00\" \/>\n<meta property=\"og:image\" content=\"https:\/\/expedicionesccapcha.com\/wp-content\/uploads\/2021\/11\/cerro-quimal-2.jpg\" \/>\n\t<meta property=\"og:image:width\" content=\"1170\" \/>\n\t<meta property=\"og:image:height\" content=\"550\" \/>\n\t<meta property=\"og:image:type\" content=\"image\/jpeg\" \/>\n<meta name=\"twitter:card\" content=\"summary_large_image\" \/>\n<script type=\"application\/ld+json\" class=\"yoast-schema-graph\">{\"@context\":\"https:\/\/schema.org\",\"@graph\":[{\"@type\":\"WebPage\",\"@id\":\"https:\/\/expedicionesccapcha.com\/pt-br\/producto\/morro-do-quimal\/\",\"url\":\"https:\/\/expedicionesccapcha.com\/pt-br\/producto\/morro-do-quimal\/\",\"name\":\"Morro do Quimal - Expediciones Ccapcha\",\"isPartOf\":{\"@id\":\"https:\/\/expedicionesccapcha.com\/pt-br\/#website\"},\"primaryImageOfPage\":{\"@id\":\"https:\/\/expedicionesccapcha.com\/pt-br\/producto\/morro-do-quimal\/#primaryimage\"},\"image\":{\"@id\":\"https:\/\/expedicionesccapcha.com\/pt-br\/producto\/morro-do-quimal\/#primaryimage\"},\"thumbnailUrl\":\"https:\/\/expedicionesccapcha.com\/wp-content\/uploads\/2021\/11\/cerro-quimal-2.jpg\",\"datePublished\":\"2022-02-24T22:25:21+00:00\",\"dateModified\":\"2022-07-18T19:45:11+00:00\",\"breadcrumb\":{\"@id\":\"https:\/\/expedicionesccapcha.com\/pt-br\/producto\/morro-do-quimal\/#breadcrumb\"},\"inLanguage\":\"pt-BR\",\"potentialAction\":[{\"@type\":\"ReadAction\",\"target\":[\"https:\/\/expedicionesccapcha.com\/pt-br\/producto\/morro-do-quimal\/\"]}]},{\"@type\":\"ImageObject\",\"inLanguage\":\"pt-BR\",\"@id\":\"https:\/\/expedicionesccapcha.com\/pt-br\/producto\/morro-do-quimal\/#primaryimage\",\"url\":\"https:\/\/expedicionesccapcha.com\/wp-content\/uploads\/2021\/11\/cerro-quimal-2.jpg\",\"contentUrl\":\"https:\/\/expedicionesccapcha.com\/wp-content\/uploads\/2021\/11\/cerro-quimal-2.jpg\",\"width\":1170,\"height\":550},{\"@type\":\"BreadcrumbList\",\"@id\":\"https:\/\/expedicionesccapcha.com\/pt-br\/producto\/morro-do-quimal\/#breadcrumb\",\"itemListElement\":[{\"@type\":\"ListItem\",\"position\":1,\"name\":\"Portada\",\"item\":\"https:\/\/expedicionesccapcha.com\/pt-br\/\"},{\"@type\":\"ListItem\",\"position\":2,\"name\":\"Loja\",\"item\":\"https:\/\/expedicionesccapcha.com\/pt-br\/loja\/\"},{\"@type\":\"ListItem\",\"position\":3,\"name\":\"Morro do Quimal\"}]},{\"@type\":\"WebSite\",\"@id\":\"https:\/\/expedicionesccapcha.com\/pt-br\/#website\",\"url\":\"https:\/\/expedicionesccapcha.com\/pt-br\/\",\"name\":\"Expediciones Ccapcha\",\"description\":\"Ag\u00eancia de turismo San Pedro de Atacama\",\"potentialAction\":[{\"@type\":\"SearchAction\",\"target\":{\"@type\":\"EntryPoint\",\"urlTemplate\":\"https:\/\/expedicionesccapcha.com\/pt-br\/?s={search_term_string}\"},\"query-input\":{\"@type\":\"PropertyValueSpecification\",\"valueRequired\":true,\"valueName\":\"search_term_string\"}}],\"inLanguage\":\"pt-BR\"}]}<\/script>\n<!-- \/ Yoast SEO plugin. -->","yoast_head_json":{"title":"Morro do Quimal - Expediciones Ccapcha","robots":{"index":"index","follow":"follow","max-snippet":"max-snippet:-1","max-image-preview":"max-image-preview:large","max-video-preview":"max-video-preview:-1"},"canonical":"https:\/\/expedicionesccapcha.com\/pt-br\/producto\/morro-do-quimal\/","og_locale":"pt_BR","og_type":"article","og_title":"Morro do Quimal - Expediciones Ccapcha","og_description":"Verticalmente, cerca de 600 metros s\u00e3o percorridos em dire\u00e7\u00e3o ao topo, sua altura \u00e9 de 4278 metros acima do n\u00edvel do mar, \u00e9 necess\u00e1rio um guia experiente, pois as rotas foram se deteriorando ao longo dos anos, como resultado das chuvas que o inverno traz das terras altas, \u00e9 de dificuldade m\u00e9dia e ideal para aclimata\u00e7\u00e3o, se mais tarde voc\u00ea quiser fazer uma excurs\u00e3o a mais de 5000 metros acima do n\u00edvel do mar.","og_url":"https:\/\/expedicionesccapcha.com\/pt-br\/producto\/morro-do-quimal\/","og_site_name":"Expediciones Ccapcha","article_modified_time":"2022-07-18T19:45:11+00:00","og_image":[{"width":1170,"height":550,"url":"https:\/\/expedicionesccapcha.com\/wp-content\/uploads\/2021\/11\/cerro-quimal-2.jpg","type":"image\/jpeg"}],"twitter_card":"summary_large_image","schema":{"@context":"https:\/\/schema.org","@graph":[{"@type":"WebPage","@id":"https:\/\/expedicionesccapcha.com\/pt-br\/producto\/morro-do-quimal\/","url":"https:\/\/expedicionesccapcha.com\/pt-br\/producto\/morro-do-quimal\/","name":"Morro do Quimal - Expediciones Ccapcha","isPartOf":{"@id":"https:\/\/expedicionesccapcha.com\/pt-br\/#website"},"primaryImageOfPage":{"@id":"https:\/\/expedicionesccapcha.com\/pt-br\/producto\/morro-do-quimal\/#primaryimage"},"image":{"@id":"https:\/\/expedicionesccapcha.com\/pt-br\/producto\/morro-do-quimal\/#primaryimage"},"thumbnailUrl":"https:\/\/expedicionesccapcha.com\/wp-content\/uploads\/2021\/11\/cerro-quimal-2.jpg","datePublished":"2022-02-24T22:25:21+00:00","dateModified":"2022-07-18T19:45:11+00:00","breadcrumb":{"@id":"https:\/\/expedicionesccapcha.com\/pt-br\/producto\/morro-do-quimal\/#breadcrumb"},"inLanguage":"pt-BR","potentialAction":[{"@type":"ReadAction","target":["https:\/\/expedicionesccapcha.com\/pt-br\/producto\/morro-do-quimal\/"]}]},{"@type":"ImageObject","inLanguage":"pt-BR","@id":"https:\/\/expedicionesccapcha.com\/pt-br\/producto\/morro-do-quimal\/#primaryimage","url":"https:\/\/expedicionesccapcha.com\/wp-content\/uploads\/2021\/11\/cerro-quimal-2.jpg","contentUrl":"https:\/\/expedicionesccapcha.com\/wp-content\/uploads\/2021\/11\/cerro-quimal-2.jpg","width":1170,"height":550},{"@type":"BreadcrumbList","@id":"https:\/\/expedicionesccapcha.com\/pt-br\/producto\/morro-do-quimal\/#breadcrumb","itemListElement":[{"@type":"ListItem","position":1,"name":"Portada","item":"https:\/\/expedicionesccapcha.com\/pt-br\/"},{"@type":"ListItem","position":2,"name":"Loja","item":"https:\/\/expedicionesccapcha.com\/pt-br\/loja\/"},{"@type":"ListItem","position":3,"name":"Morro do Quimal"}]},{"@type":"WebSite","@id":"https:\/\/expedicionesccapcha.com\/pt-br\/#website","url":"https:\/\/expedicionesccapcha.com\/pt-br\/","name":"Expediciones Ccapcha","description":"Ag\u00eancia de turismo San Pedro de Atacama","potentialAction":[{"@type":"SearchAction","target":{"@type":"EntryPoint","urlTemplate":"https:\/\/expedicionesccapcha.com\/pt-br\/?s={search_term_string}"},"query-input":{"@type":"PropertyValueSpecification","valueRequired":true,"valueName":"search_term_string"}}],"inLanguage":"pt-BR"}]}},"_links":{"self":[{"href":"https:\/\/expedicionesccapcha.com\/pt-br\/wp-json\/wp\/v2\/product\/2738","targetHints":{"allow":["GET"]}}],"collection":[{"href":"https:\/\/expedicionesccapcha.com\/pt-br\/wp-json\/wp\/v2\/product"}],"about":[{"href":"https:\/\/expedicionesccapcha.com\/pt-br\/wp-json\/wp\/v2\/types\/product"}],"replies":[{"embeddable":true,"href":"https:\/\/expedicionesccapcha.com\/pt-br\/wp-json\/wp\/v2\/comments?post=2738"}],"version-history":[{"count":1,"href":"https:\/\/expedicionesccapcha.com\/pt-br\/wp-json\/wp\/v2\/product\/2738\/revisions"}],"predecessor-version":[{"id":3107,"href":"https:\/\/expedicionesccapcha.com\/pt-br\/wp-json\/wp\/v2\/product\/2738\/revisions\/3107"}],"wp:featuredmedia":[{"embeddable":true,"href":"https:\/\/expedicionesccapcha.com\/pt-br\/wp-json\/wp\/v2\/media\/2538"}],"wp:attachment":[{"href":"https:\/\/expedicionesccapcha.com\/pt-br\/wp-json\/wp\/v2\/media?parent=2738"}],"wp:term":[{"taxonomy":"product_brand","embeddable":true,"href":"https:\/\/expedicionesccapcha.com\/pt-br\/wp-json\/wp\/v2\/product_brand?post=2738"},{"taxonomy":"product_cat","embeddable":true,"href":"https:\/\/expedicionesccapcha.com\/pt-br\/wp-json\/wp\/v2\/product_cat?post=2738"},{"taxonomy":"product_tag","embeddable":true,"href":"https:\/\/expedicionesccapcha.com\/pt-br\/wp-json\/wp\/v2\/product_tag?post=2738"}],"curies":[{"name":"wp","href":"https:\/\/api.w.org\/{rel}","templated":true}]}}