{"id":2737,"date":"2021-11-21T10:10:08","date_gmt":"2022-02-24T22:23:15","guid":{"rendered":"http:\/\/expedicionesccapcha.com\/producto\/ciclovias\/"},"modified":"2022-07-18T19:43:52","modified_gmt":"2022-07-18T19:43:52","slug":"ciclovias","status":"publish","type":"product","link":"https:\/\/expedicionesccapcha.com\/pt-br\/producto\/ciclovias\/","title":{"rendered":"Ciclovias"},"content":{"rendered":"<p>Viva a aventura do deserto do Atacama sobre rodas, com a ajuda de bicicletas de alta qualidade e a companhia de um guia de confian\u00e7a, explore os diferentes destinos pr\u00f3ximos \u00e0 cidade de San Pedro de Atacama, onde voc\u00ea pode ir no seu pr\u00f3prio ritmo e se perder na beleza das paisagens.<\/p>\n","protected":false},"excerpt":{"rendered":"<ul>\n<li><strong>Garganta do Diabo:<\/strong> \u00c9 uma excelente rota, no caminho para Catarpe, voc\u00ea passa por um c\u00e2nion deserto, cheio de ladeiras e curvas divertidas. Um rio \u00e9 atravessado v\u00e1rias vezes ao longo do caminho, permite que voc\u00ea se refresque; \u00c0 direita est\u00e1 a ravina onde deve entrar, \u00e0s vezes \u00e9 muito estreito que deve descer da bicicleta, depois chega \u00e0 parte mais alta onde existe um grande miradouro a norte. Voc\u00ea tamb\u00e9m pode visitar a capela de San Isidro, um ponto para descansar e desfrutar de uma bela paisagem. O percurso completo pode ser feito em cerca de 5 horas aprox.<\/li>\n<li><strong>Descida do morro do Toco:<\/strong> Sa\u00edmos com o pick up do hospedagem, percorremos 60Km a sudeste da cidade, \u00e9 uma \u00f3tima aventura para os amantes do ciclismo extremo, voc\u00ea deve fazer um trekking de aproximadamente duas horas, se quiser descer do cume, caso contr\u00e1rio, voc\u00ea vai at\u00e9 4300 metros acima do n\u00edvel do mar; h\u00e1 uma majestosa vista panor\u00e2mica do salar do Atacama. Come\u00e7amos a descida em dire\u00e7\u00e3o \u00e0s punas Atacame\u00f1as, s\u00e3o cerca de 40 Km descendo, que \u00e9 percorrido para chegar a uma antiga mina de enxofre, ponto de partida inicial. O passeio dura aproximadamente 8 horas.<\/li>\n<li><strong>Vale da lua:<\/strong> Pode ser uma aventura ao nascer ou ao p\u00f4r do sol, seguimos 5 km em dire\u00e7\u00e3o \u00e0 entrada do parque, deslumbramo-nos com a passagem das ravinas e suas crateras, semelhantes \u00e0s da superf\u00edcie lunar, avan\u00e7amos mais 10 km em dire\u00e7\u00e3o ao grande duna e depois caminhamos at\u00e9 o topo, de onde se tem uma vis\u00e3o completa do local. Dependendo da sua resist\u00eancia, pode percorrer as 3 Marias, o anfiteatro e at\u00e9 chegar \u00e0s antigas grutas de sal. O passeio dura 3 horas, mas se desejar pode ser estendido e continuar avan\u00e7ando at\u00e9 onde desejar.<\/li>\n<\/ul>\n","protected":false},"featured_media":5265,"comment_status":"closed","ping_status":"closed","template":"","meta":{"_acf_changed":false},"product_brand":[],"product_cat":[64,62],"product_tag":[],"class_list":{"0":"post-2737","1":"product","2":"type-product","3":"status-publish","4":"has-post-thumbnail","6":"product_cat-clasicos-pt-br","7":"product_cat-passeios","9":"first","10":"instock","11":"virtual","12":"sold-individually","13":"purchasable","14":"product-type-booking"},"booking_location":"","booking_location_type":"","booking_duration":1,"booking_duration_unit":"day","booking_buffer":0,"booking_cost":38.5,"booking_resources":[],"exclude_global_add_ons":[],"addons":[],"acf":[],"yoast_head":"<!-- This site is optimized with the Yoast SEO plugin v26.7 - https:\/\/yoast.com\/wordpress\/plugins\/seo\/ -->\n<title>Ciclovias - Expediciones Ccapcha<\/title>\n<meta name=\"robots\" content=\"index, follow, max-snippet:-1, max-image-preview:large, max-video-preview:-1\" \/>\n<link rel=\"canonical\" href=\"https:\/\/expedicionesccapcha.com\/pt-br\/producto\/ciclovias\/\" \/>\n<meta property=\"og:locale\" content=\"pt_BR\" \/>\n<meta property=\"og:type\" content=\"article\" \/>\n<meta property=\"og:title\" content=\"Ciclovias - Expediciones Ccapcha\" \/>\n<meta property=\"og:description\" content=\"Garganta do Diabo: \u00c9 uma excelente rota, no caminho para Catarpe, voc\u00ea passa por um c\u00e2nion deserto, cheio de ladeiras e curvas divertidas. Um rio \u00e9 atravessado v\u00e1rias vezes ao longo do caminho, permite que voc\u00ea se refresque; \u00c0 direita est\u00e1 a ravina onde deve entrar, \u00e0s vezes \u00e9 muito estreito que deve descer da bicicleta, depois chega \u00e0 parte mais alta onde existe um grande miradouro a norte. Voc\u00ea tamb\u00e9m pode visitar a capela de San Isidro, um ponto para descansar e desfrutar de uma bela paisagem. O percurso completo pode ser feito em cerca de 5 horas aprox.  Descida do morro do Toco: Sa\u00edmos com o pick up do hospedagem, percorremos 60Km a sudeste da cidade, \u00e9 uma \u00f3tima aventura para os amantes do ciclismo extremo, voc\u00ea deve fazer um trekking de aproximadamente duas horas, se quiser descer do cume, caso contr\u00e1rio, voc\u00ea vai at\u00e9 4300 metros acima do n\u00edvel do mar; h\u00e1 uma majestosa vista panor\u00e2mica do salar do Atacama. Come\u00e7amos a descida em dire\u00e7\u00e3o \u00e0s punas Atacame\u00f1as, s\u00e3o cerca de 40 Km descendo, que \u00e9 percorrido para chegar a uma antiga mina de enxofre, ponto de partida inicial. O passeio dura aproximadamente 8 horas.  Vale da lua: Pode ser uma aventura ao nascer ou ao p\u00f4r do sol, seguimos 5 km em dire\u00e7\u00e3o \u00e0 entrada do parque, deslumbramo-nos com a passagem das ravinas e suas crateras, semelhantes \u00e0s da superf\u00edcie lunar, avan\u00e7amos mais 10 km em dire\u00e7\u00e3o ao grande duna e depois caminhamos at\u00e9 o topo, de onde se tem uma vis\u00e3o completa do local. Dependendo da sua resist\u00eancia, pode percorrer as 3 Marias, o anfiteatro e at\u00e9 chegar \u00e0s antigas grutas de sal. O passeio dura 3 horas, mas se desejar pode ser estendido e continuar avan\u00e7ando at\u00e9 onde desejar.\" \/>\n<meta property=\"og:url\" content=\"https:\/\/expedicionesccapcha.com\/pt-br\/producto\/ciclovias\/\" \/>\n<meta property=\"og:site_name\" content=\"Expediciones Ccapcha\" \/>\n<meta property=\"article:modified_time\" content=\"2022-07-18T19:43:52+00:00\" \/>\n<meta property=\"og:image\" content=\"https:\/\/expedicionesccapcha.com\/wp-content\/uploads\/2021\/11\/IMG_0142.jpg\" \/>\n\t<meta property=\"og:image:width\" content=\"1080\" \/>\n\t<meta property=\"og:image:height\" content=\"720\" \/>\n\t<meta property=\"og:image:type\" content=\"image\/jpeg\" \/>\n<meta name=\"twitter:card\" content=\"summary_large_image\" \/>\n<script type=\"application\/ld+json\" class=\"yoast-schema-graph\">{\"@context\":\"https:\/\/schema.org\",\"@graph\":[{\"@type\":\"WebPage\",\"@id\":\"https:\/\/expedicionesccapcha.com\/pt-br\/producto\/ciclovias\/\",\"url\":\"https:\/\/expedicionesccapcha.com\/pt-br\/producto\/ciclovias\/\",\"name\":\"Ciclovias - Expediciones Ccapcha\",\"isPartOf\":{\"@id\":\"https:\/\/expedicionesccapcha.com\/pt-br\/#website\"},\"primaryImageOfPage\":{\"@id\":\"https:\/\/expedicionesccapcha.com\/pt-br\/producto\/ciclovias\/#primaryimage\"},\"image\":{\"@id\":\"https:\/\/expedicionesccapcha.com\/pt-br\/producto\/ciclovias\/#primaryimage\"},\"thumbnailUrl\":\"https:\/\/expedicionesccapcha.com\/wp-content\/uploads\/2021\/11\/IMG_0142.jpg\",\"datePublished\":\"2022-02-24T22:23:15+00:00\",\"dateModified\":\"2022-07-18T19:43:52+00:00\",\"breadcrumb\":{\"@id\":\"https:\/\/expedicionesccapcha.com\/pt-br\/producto\/ciclovias\/#breadcrumb\"},\"inLanguage\":\"pt-BR\",\"potentialAction\":[{\"@type\":\"ReadAction\",\"target\":[\"https:\/\/expedicionesccapcha.com\/pt-br\/producto\/ciclovias\/\"]}]},{\"@type\":\"ImageObject\",\"inLanguage\":\"pt-BR\",\"@id\":\"https:\/\/expedicionesccapcha.com\/pt-br\/producto\/ciclovias\/#primaryimage\",\"url\":\"https:\/\/expedicionesccapcha.com\/wp-content\/uploads\/2021\/11\/IMG_0142.jpg\",\"contentUrl\":\"https:\/\/expedicionesccapcha.com\/wp-content\/uploads\/2021\/11\/IMG_0142.jpg\",\"width\":1080,\"height\":720},{\"@type\":\"BreadcrumbList\",\"@id\":\"https:\/\/expedicionesccapcha.com\/pt-br\/producto\/ciclovias\/#breadcrumb\",\"itemListElement\":[{\"@type\":\"ListItem\",\"position\":1,\"name\":\"Portada\",\"item\":\"https:\/\/expedicionesccapcha.com\/pt-br\/\"},{\"@type\":\"ListItem\",\"position\":2,\"name\":\"Loja\",\"item\":\"https:\/\/expedicionesccapcha.com\/pt-br\/loja\/\"},{\"@type\":\"ListItem\",\"position\":3,\"name\":\"Ciclovias\"}]},{\"@type\":\"WebSite\",\"@id\":\"https:\/\/expedicionesccapcha.com\/pt-br\/#website\",\"url\":\"https:\/\/expedicionesccapcha.com\/pt-br\/\",\"name\":\"Expediciones Ccapcha\",\"description\":\"Ag\u00eancia de turismo San Pedro de Atacama\",\"potentialAction\":[{\"@type\":\"SearchAction\",\"target\":{\"@type\":\"EntryPoint\",\"urlTemplate\":\"https:\/\/expedicionesccapcha.com\/pt-br\/?s={search_term_string}\"},\"query-input\":{\"@type\":\"PropertyValueSpecification\",\"valueRequired\":true,\"valueName\":\"search_term_string\"}}],\"inLanguage\":\"pt-BR\"}]}<\/script>\n<!-- \/ Yoast SEO plugin. -->","yoast_head_json":{"title":"Ciclovias - Expediciones Ccapcha","robots":{"index":"index","follow":"follow","max-snippet":"max-snippet:-1","max-image-preview":"max-image-preview:large","max-video-preview":"max-video-preview:-1"},"canonical":"https:\/\/expedicionesccapcha.com\/pt-br\/producto\/ciclovias\/","og_locale":"pt_BR","og_type":"article","og_title":"Ciclovias - Expediciones Ccapcha","og_description":"Garganta do Diabo: \u00c9 uma excelente rota, no caminho para Catarpe, voc\u00ea passa por um c\u00e2nion deserto, cheio de ladeiras e curvas divertidas. Um rio \u00e9 atravessado v\u00e1rias vezes ao longo do caminho, permite que voc\u00ea se refresque; \u00c0 direita est\u00e1 a ravina onde deve entrar, \u00e0s vezes \u00e9 muito estreito que deve descer da bicicleta, depois chega \u00e0 parte mais alta onde existe um grande miradouro a norte. Voc\u00ea tamb\u00e9m pode visitar a capela de San Isidro, um ponto para descansar e desfrutar de uma bela paisagem. O percurso completo pode ser feito em cerca de 5 horas aprox.  Descida do morro do Toco: Sa\u00edmos com o pick up do hospedagem, percorremos 60Km a sudeste da cidade, \u00e9 uma \u00f3tima aventura para os amantes do ciclismo extremo, voc\u00ea deve fazer um trekking de aproximadamente duas horas, se quiser descer do cume, caso contr\u00e1rio, voc\u00ea vai at\u00e9 4300 metros acima do n\u00edvel do mar; h\u00e1 uma majestosa vista panor\u00e2mica do salar do Atacama. Come\u00e7amos a descida em dire\u00e7\u00e3o \u00e0s punas Atacame\u00f1as, s\u00e3o cerca de 40 Km descendo, que \u00e9 percorrido para chegar a uma antiga mina de enxofre, ponto de partida inicial. O passeio dura aproximadamente 8 horas.  Vale da lua: Pode ser uma aventura ao nascer ou ao p\u00f4r do sol, seguimos 5 km em dire\u00e7\u00e3o \u00e0 entrada do parque, deslumbramo-nos com a passagem das ravinas e suas crateras, semelhantes \u00e0s da superf\u00edcie lunar, avan\u00e7amos mais 10 km em dire\u00e7\u00e3o ao grande duna e depois caminhamos at\u00e9 o topo, de onde se tem uma vis\u00e3o completa do local. Dependendo da sua resist\u00eancia, pode percorrer as 3 Marias, o anfiteatro e at\u00e9 chegar \u00e0s antigas grutas de sal. O passeio dura 3 horas, mas se desejar pode ser estendido e continuar avan\u00e7ando at\u00e9 onde desejar.","og_url":"https:\/\/expedicionesccapcha.com\/pt-br\/producto\/ciclovias\/","og_site_name":"Expediciones Ccapcha","article_modified_time":"2022-07-18T19:43:52+00:00","og_image":[{"width":1080,"height":720,"url":"https:\/\/expedicionesccapcha.com\/wp-content\/uploads\/2021\/11\/IMG_0142.jpg","type":"image\/jpeg"}],"twitter_card":"summary_large_image","schema":{"@context":"https:\/\/schema.org","@graph":[{"@type":"WebPage","@id":"https:\/\/expedicionesccapcha.com\/pt-br\/producto\/ciclovias\/","url":"https:\/\/expedicionesccapcha.com\/pt-br\/producto\/ciclovias\/","name":"Ciclovias - Expediciones Ccapcha","isPartOf":{"@id":"https:\/\/expedicionesccapcha.com\/pt-br\/#website"},"primaryImageOfPage":{"@id":"https:\/\/expedicionesccapcha.com\/pt-br\/producto\/ciclovias\/#primaryimage"},"image":{"@id":"https:\/\/expedicionesccapcha.com\/pt-br\/producto\/ciclovias\/#primaryimage"},"thumbnailUrl":"https:\/\/expedicionesccapcha.com\/wp-content\/uploads\/2021\/11\/IMG_0142.jpg","datePublished":"2022-02-24T22:23:15+00:00","dateModified":"2022-07-18T19:43:52+00:00","breadcrumb":{"@id":"https:\/\/expedicionesccapcha.com\/pt-br\/producto\/ciclovias\/#breadcrumb"},"inLanguage":"pt-BR","potentialAction":[{"@type":"ReadAction","target":["https:\/\/expedicionesccapcha.com\/pt-br\/producto\/ciclovias\/"]}]},{"@type":"ImageObject","inLanguage":"pt-BR","@id":"https:\/\/expedicionesccapcha.com\/pt-br\/producto\/ciclovias\/#primaryimage","url":"https:\/\/expedicionesccapcha.com\/wp-content\/uploads\/2021\/11\/IMG_0142.jpg","contentUrl":"https:\/\/expedicionesccapcha.com\/wp-content\/uploads\/2021\/11\/IMG_0142.jpg","width":1080,"height":720},{"@type":"BreadcrumbList","@id":"https:\/\/expedicionesccapcha.com\/pt-br\/producto\/ciclovias\/#breadcrumb","itemListElement":[{"@type":"ListItem","position":1,"name":"Portada","item":"https:\/\/expedicionesccapcha.com\/pt-br\/"},{"@type":"ListItem","position":2,"name":"Loja","item":"https:\/\/expedicionesccapcha.com\/pt-br\/loja\/"},{"@type":"ListItem","position":3,"name":"Ciclovias"}]},{"@type":"WebSite","@id":"https:\/\/expedicionesccapcha.com\/pt-br\/#website","url":"https:\/\/expedicionesccapcha.com\/pt-br\/","name":"Expediciones Ccapcha","description":"Ag\u00eancia de turismo San Pedro de Atacama","potentialAction":[{"@type":"SearchAction","target":{"@type":"EntryPoint","urlTemplate":"https:\/\/expedicionesccapcha.com\/pt-br\/?s={search_term_string}"},"query-input":{"@type":"PropertyValueSpecification","valueRequired":true,"valueName":"search_term_string"}}],"inLanguage":"pt-BR"}]}},"_links":{"self":[{"href":"https:\/\/expedicionesccapcha.com\/pt-br\/wp-json\/wp\/v2\/product\/2737","targetHints":{"allow":["GET"]}}],"collection":[{"href":"https:\/\/expedicionesccapcha.com\/pt-br\/wp-json\/wp\/v2\/product"}],"about":[{"href":"https:\/\/expedicionesccapcha.com\/pt-br\/wp-json\/wp\/v2\/types\/product"}],"replies":[{"embeddable":true,"href":"https:\/\/expedicionesccapcha.com\/pt-br\/wp-json\/wp\/v2\/comments?post=2737"}],"version-history":[{"count":1,"href":"https:\/\/expedicionesccapcha.com\/pt-br\/wp-json\/wp\/v2\/product\/2737\/revisions"}],"predecessor-version":[{"id":3106,"href":"https:\/\/expedicionesccapcha.com\/pt-br\/wp-json\/wp\/v2\/product\/2737\/revisions\/3106"}],"wp:featuredmedia":[{"embeddable":true,"href":"https:\/\/expedicionesccapcha.com\/pt-br\/wp-json\/wp\/v2\/media\/5265"}],"wp:attachment":[{"href":"https:\/\/expedicionesccapcha.com\/pt-br\/wp-json\/wp\/v2\/media?parent=2737"}],"wp:term":[{"taxonomy":"product_brand","embeddable":true,"href":"https:\/\/expedicionesccapcha.com\/pt-br\/wp-json\/wp\/v2\/product_brand?post=2737"},{"taxonomy":"product_cat","embeddable":true,"href":"https:\/\/expedicionesccapcha.com\/pt-br\/wp-json\/wp\/v2\/product_cat?post=2737"},{"taxonomy":"product_tag","embeddable":true,"href":"https:\/\/expedicionesccapcha.com\/pt-br\/wp-json\/wp\/v2\/product_tag?post=2737"}],"curies":[{"name":"wp","href":"https:\/\/api.w.org\/{rel}","templated":true}]}}