{"id":2733,"date":"2022-01-15T08:17:34","date_gmt":"2022-02-24T22:07:08","guid":{"rendered":"http:\/\/expedicionesccapcha.com\/producto\/vulcao-lascar\/"},"modified":"2024-12-05T14:36:42","modified_gmt":"2024-12-05T14:36:42","slug":"vulcao-lascar","status":"publish","type":"product","link":"https:\/\/expedicionesccapcha.com\/pt-br\/producto\/vulcao-lascar\/","title":{"rendered":"Vulc\u00e3o Lascar"},"content":{"rendered":"<p>Pai de todos os vulc\u00f5es, L\u00e1scar, que na l\u00edngua Kunza significa, &#8220;L\u00edngua de fogo&#8221;, \u00e9 um dos mais ativos em todo o pa\u00eds, o \u00faltimo mais importante foi em 2015 e \u00e9 encontrado constantemente com fumarolas vulc\u00e2nicas.<\/p>\n","protected":false},"excerpt":{"rendered":"<p>Pick up no albergue, ao amanhecer, tomamos caf\u00e9 da manh\u00e3 na lagoa Lej\u00eda, um belo lugar que fica a 4325 metros acima do n\u00edvel do mar, tomamos f\u00f4lego e seguimos em dire\u00e7\u00e3o \u00e0 base do vulc\u00e3o para come\u00e7ar a caminhada, de dificuldade moderada, levamos aproximadamente 3 horas para subir at\u00e9 chegar \u00e0 cratera e mais 40 minutos para chegar ao topo, a partir da\u00ed podemos apreciar a surpreendente emana\u00e7\u00e3o de gases sulfurosos que saem do interior de L\u00e1scar. O passeio tem um total de quase 11 horas.<\/p>\n<p>\u00c9 poss\u00edvel subir quase todo o ano, entre janeiro e fevereiro \u00e9 necess\u00e1rio verificar a previs\u00e3o do tempo, pois h\u00e1 nevascas associadas ao inverno altiplano ou precipita\u00e7\u00e3o, mas isso n\u00e3o \u00e9 um impedimento para poder subir, pelo contr\u00e1rio, voc\u00ea pode se encontrar com uma paisagem muito mais bonita e \u00e9 poss\u00edvel aliviar a carga de \u00e1gua que deve ser transportada na excurs\u00e3o.<\/p>\n<p>Ao redor de L\u00e1scar existem outros vulc\u00f5es como Pili, Chiliques e Tumisa, que s\u00e3o considerados santu\u00e1rios para a popula\u00e7\u00e3o atacamenha.<\/p>\n","protected":false},"featured_media":5345,"comment_status":"closed","ping_status":"closed","template":"","meta":{"_acf_changed":false},"product_brand":[],"product_cat":[62,68],"product_tag":[],"class_list":{"0":"post-2733","1":"product","2":"type-product","3":"status-publish","4":"has-post-thumbnail","6":"product_cat-passeios","7":"product_cat-volcanes-pt-br","9":"first","10":"instock","11":"virtual","12":"sold-individually","13":"purchasable","14":"product-type-booking"},"booking_location":"","booking_location_type":"","booking_duration":1,"booking_duration_unit":"day","booking_buffer":0,"booking_cost":165,"booking_resources":[],"exclude_global_add_ons":[],"addons":[],"acf":[],"yoast_head":"<!-- This site is optimized with the Yoast SEO plugin v26.7 - https:\/\/yoast.com\/wordpress\/plugins\/seo\/ -->\n<title>Vulc\u00e3o Lascar - Expediciones Ccapcha<\/title>\n<meta name=\"robots\" content=\"index, follow, max-snippet:-1, max-image-preview:large, max-video-preview:-1\" \/>\n<link rel=\"canonical\" href=\"https:\/\/expedicionesccapcha.com\/pt-br\/producto\/vulcao-lascar\/\" \/>\n<meta property=\"og:locale\" content=\"pt_BR\" \/>\n<meta property=\"og:type\" content=\"article\" \/>\n<meta property=\"og:title\" content=\"Vulc\u00e3o Lascar - Expediciones Ccapcha\" \/>\n<meta property=\"og:description\" content=\"Pick up no albergue, ao amanhecer, tomamos caf\u00e9 da manh\u00e3 na lagoa Lej\u00eda, um belo lugar que fica a 4325 metros acima do n\u00edvel do mar, tomamos f\u00f4lego e seguimos em dire\u00e7\u00e3o \u00e0 base do vulc\u00e3o para come\u00e7ar a caminhada, de dificuldade moderada, levamos aproximadamente 3 horas para subir at\u00e9 chegar \u00e0 cratera e mais 40 minutos para chegar ao topo, a partir da\u00ed podemos apreciar a surpreendente emana\u00e7\u00e3o de gases sulfurosos que saem do interior de L\u00e1scar. O passeio tem um total de quase 11 horas. \u00c9 poss\u00edvel subir quase todo o ano, entre janeiro e fevereiro \u00e9 necess\u00e1rio verificar a previs\u00e3o do tempo, pois h\u00e1 nevascas associadas ao inverno altiplano ou precipita\u00e7\u00e3o, mas isso n\u00e3o \u00e9 um impedimento para poder subir, pelo contr\u00e1rio, voc\u00ea pode se encontrar com uma paisagem muito mais bonita e \u00e9 poss\u00edvel aliviar a carga de \u00e1gua que deve ser transportada na excurs\u00e3o. Ao redor de L\u00e1scar existem outros vulc\u00f5es como Pili, Chiliques e Tumisa, que s\u00e3o considerados santu\u00e1rios para a popula\u00e7\u00e3o atacamenha.\" \/>\n<meta property=\"og:url\" content=\"https:\/\/expedicionesccapcha.com\/pt-br\/producto\/vulcao-lascar\/\" \/>\n<meta property=\"og:site_name\" content=\"Expediciones Ccapcha\" \/>\n<meta property=\"article:modified_time\" content=\"2024-12-05T14:36:42+00:00\" \/>\n<meta property=\"og:image\" content=\"https:\/\/expedicionesccapcha.com\/wp-content\/uploads\/2022\/01\/IMG_8027_resized_20191210_105622402.jpg\" \/>\n\t<meta property=\"og:image:width\" content=\"1280\" \/>\n\t<meta property=\"og:image:height\" content=\"720\" \/>\n\t<meta property=\"og:image:type\" content=\"image\/jpeg\" \/>\n<meta name=\"twitter:card\" content=\"summary_large_image\" \/>\n<script type=\"application\/ld+json\" class=\"yoast-schema-graph\">{\"@context\":\"https:\/\/schema.org\",\"@graph\":[{\"@type\":\"WebPage\",\"@id\":\"https:\/\/expedicionesccapcha.com\/pt-br\/producto\/vulcao-lascar\/\",\"url\":\"https:\/\/expedicionesccapcha.com\/pt-br\/producto\/vulcao-lascar\/\",\"name\":\"Vulc\u00e3o Lascar - Expediciones Ccapcha\",\"isPartOf\":{\"@id\":\"https:\/\/expedicionesccapcha.com\/pt-br\/#website\"},\"primaryImageOfPage\":{\"@id\":\"https:\/\/expedicionesccapcha.com\/pt-br\/producto\/vulcao-lascar\/#primaryimage\"},\"image\":{\"@id\":\"https:\/\/expedicionesccapcha.com\/pt-br\/producto\/vulcao-lascar\/#primaryimage\"},\"thumbnailUrl\":\"https:\/\/expedicionesccapcha.com\/wp-content\/uploads\/2022\/01\/IMG_8027_resized_20191210_105622402.jpg\",\"datePublished\":\"2022-02-24T22:07:08+00:00\",\"dateModified\":\"2024-12-05T14:36:42+00:00\",\"breadcrumb\":{\"@id\":\"https:\/\/expedicionesccapcha.com\/pt-br\/producto\/vulcao-lascar\/#breadcrumb\"},\"inLanguage\":\"pt-BR\",\"potentialAction\":[{\"@type\":\"ReadAction\",\"target\":[\"https:\/\/expedicionesccapcha.com\/pt-br\/producto\/vulcao-lascar\/\"]}]},{\"@type\":\"ImageObject\",\"inLanguage\":\"pt-BR\",\"@id\":\"https:\/\/expedicionesccapcha.com\/pt-br\/producto\/vulcao-lascar\/#primaryimage\",\"url\":\"https:\/\/expedicionesccapcha.com\/wp-content\/uploads\/2022\/01\/IMG_8027_resized_20191210_105622402.jpg\",\"contentUrl\":\"https:\/\/expedicionesccapcha.com\/wp-content\/uploads\/2022\/01\/IMG_8027_resized_20191210_105622402.jpg\",\"width\":1280,\"height\":720},{\"@type\":\"BreadcrumbList\",\"@id\":\"https:\/\/expedicionesccapcha.com\/pt-br\/producto\/vulcao-lascar\/#breadcrumb\",\"itemListElement\":[{\"@type\":\"ListItem\",\"position\":1,\"name\":\"Portada\",\"item\":\"https:\/\/expedicionesccapcha.com\/pt-br\/\"},{\"@type\":\"ListItem\",\"position\":2,\"name\":\"Loja\",\"item\":\"https:\/\/expedicionesccapcha.com\/pt-br\/loja\/\"},{\"@type\":\"ListItem\",\"position\":3,\"name\":\"Vulc\u00e3o Lascar\"}]},{\"@type\":\"WebSite\",\"@id\":\"https:\/\/expedicionesccapcha.com\/pt-br\/#website\",\"url\":\"https:\/\/expedicionesccapcha.com\/pt-br\/\",\"name\":\"Expediciones Ccapcha\",\"description\":\"Ag\u00eancia de turismo San Pedro de Atacama\",\"potentialAction\":[{\"@type\":\"SearchAction\",\"target\":{\"@type\":\"EntryPoint\",\"urlTemplate\":\"https:\/\/expedicionesccapcha.com\/pt-br\/?s={search_term_string}\"},\"query-input\":{\"@type\":\"PropertyValueSpecification\",\"valueRequired\":true,\"valueName\":\"search_term_string\"}}],\"inLanguage\":\"pt-BR\"}]}<\/script>\n<!-- \/ Yoast SEO plugin. -->","yoast_head_json":{"title":"Vulc\u00e3o Lascar - Expediciones Ccapcha","robots":{"index":"index","follow":"follow","max-snippet":"max-snippet:-1","max-image-preview":"max-image-preview:large","max-video-preview":"max-video-preview:-1"},"canonical":"https:\/\/expedicionesccapcha.com\/pt-br\/producto\/vulcao-lascar\/","og_locale":"pt_BR","og_type":"article","og_title":"Vulc\u00e3o Lascar - Expediciones Ccapcha","og_description":"Pick up no albergue, ao amanhecer, tomamos caf\u00e9 da manh\u00e3 na lagoa Lej\u00eda, um belo lugar que fica a 4325 metros acima do n\u00edvel do mar, tomamos f\u00f4lego e seguimos em dire\u00e7\u00e3o \u00e0 base do vulc\u00e3o para come\u00e7ar a caminhada, de dificuldade moderada, levamos aproximadamente 3 horas para subir at\u00e9 chegar \u00e0 cratera e mais 40 minutos para chegar ao topo, a partir da\u00ed podemos apreciar a surpreendente emana\u00e7\u00e3o de gases sulfurosos que saem do interior de L\u00e1scar. O passeio tem um total de quase 11 horas. \u00c9 poss\u00edvel subir quase todo o ano, entre janeiro e fevereiro \u00e9 necess\u00e1rio verificar a previs\u00e3o do tempo, pois h\u00e1 nevascas associadas ao inverno altiplano ou precipita\u00e7\u00e3o, mas isso n\u00e3o \u00e9 um impedimento para poder subir, pelo contr\u00e1rio, voc\u00ea pode se encontrar com uma paisagem muito mais bonita e \u00e9 poss\u00edvel aliviar a carga de \u00e1gua que deve ser transportada na excurs\u00e3o. Ao redor de L\u00e1scar existem outros vulc\u00f5es como Pili, Chiliques e Tumisa, que s\u00e3o considerados santu\u00e1rios para a popula\u00e7\u00e3o atacamenha.","og_url":"https:\/\/expedicionesccapcha.com\/pt-br\/producto\/vulcao-lascar\/","og_site_name":"Expediciones Ccapcha","article_modified_time":"2024-12-05T14:36:42+00:00","og_image":[{"width":1280,"height":720,"url":"https:\/\/expedicionesccapcha.com\/wp-content\/uploads\/2022\/01\/IMG_8027_resized_20191210_105622402.jpg","type":"image\/jpeg"}],"twitter_card":"summary_large_image","schema":{"@context":"https:\/\/schema.org","@graph":[{"@type":"WebPage","@id":"https:\/\/expedicionesccapcha.com\/pt-br\/producto\/vulcao-lascar\/","url":"https:\/\/expedicionesccapcha.com\/pt-br\/producto\/vulcao-lascar\/","name":"Vulc\u00e3o Lascar - Expediciones Ccapcha","isPartOf":{"@id":"https:\/\/expedicionesccapcha.com\/pt-br\/#website"},"primaryImageOfPage":{"@id":"https:\/\/expedicionesccapcha.com\/pt-br\/producto\/vulcao-lascar\/#primaryimage"},"image":{"@id":"https:\/\/expedicionesccapcha.com\/pt-br\/producto\/vulcao-lascar\/#primaryimage"},"thumbnailUrl":"https:\/\/expedicionesccapcha.com\/wp-content\/uploads\/2022\/01\/IMG_8027_resized_20191210_105622402.jpg","datePublished":"2022-02-24T22:07:08+00:00","dateModified":"2024-12-05T14:36:42+00:00","breadcrumb":{"@id":"https:\/\/expedicionesccapcha.com\/pt-br\/producto\/vulcao-lascar\/#breadcrumb"},"inLanguage":"pt-BR","potentialAction":[{"@type":"ReadAction","target":["https:\/\/expedicionesccapcha.com\/pt-br\/producto\/vulcao-lascar\/"]}]},{"@type":"ImageObject","inLanguage":"pt-BR","@id":"https:\/\/expedicionesccapcha.com\/pt-br\/producto\/vulcao-lascar\/#primaryimage","url":"https:\/\/expedicionesccapcha.com\/wp-content\/uploads\/2022\/01\/IMG_8027_resized_20191210_105622402.jpg","contentUrl":"https:\/\/expedicionesccapcha.com\/wp-content\/uploads\/2022\/01\/IMG_8027_resized_20191210_105622402.jpg","width":1280,"height":720},{"@type":"BreadcrumbList","@id":"https:\/\/expedicionesccapcha.com\/pt-br\/producto\/vulcao-lascar\/#breadcrumb","itemListElement":[{"@type":"ListItem","position":1,"name":"Portada","item":"https:\/\/expedicionesccapcha.com\/pt-br\/"},{"@type":"ListItem","position":2,"name":"Loja","item":"https:\/\/expedicionesccapcha.com\/pt-br\/loja\/"},{"@type":"ListItem","position":3,"name":"Vulc\u00e3o Lascar"}]},{"@type":"WebSite","@id":"https:\/\/expedicionesccapcha.com\/pt-br\/#website","url":"https:\/\/expedicionesccapcha.com\/pt-br\/","name":"Expediciones Ccapcha","description":"Ag\u00eancia de turismo San Pedro de Atacama","potentialAction":[{"@type":"SearchAction","target":{"@type":"EntryPoint","urlTemplate":"https:\/\/expedicionesccapcha.com\/pt-br\/?s={search_term_string}"},"query-input":{"@type":"PropertyValueSpecification","valueRequired":true,"valueName":"search_term_string"}}],"inLanguage":"pt-BR"}]}},"_links":{"self":[{"href":"https:\/\/expedicionesccapcha.com\/pt-br\/wp-json\/wp\/v2\/product\/2733","targetHints":{"allow":["GET"]}}],"collection":[{"href":"https:\/\/expedicionesccapcha.com\/pt-br\/wp-json\/wp\/v2\/product"}],"about":[{"href":"https:\/\/expedicionesccapcha.com\/pt-br\/wp-json\/wp\/v2\/types\/product"}],"replies":[{"embeddable":true,"href":"https:\/\/expedicionesccapcha.com\/pt-br\/wp-json\/wp\/v2\/comments?post=2733"}],"version-history":[{"count":1,"href":"https:\/\/expedicionesccapcha.com\/pt-br\/wp-json\/wp\/v2\/product\/2733\/revisions"}],"predecessor-version":[{"id":3098,"href":"https:\/\/expedicionesccapcha.com\/pt-br\/wp-json\/wp\/v2\/product\/2733\/revisions\/3098"}],"wp:featuredmedia":[{"embeddable":true,"href":"https:\/\/expedicionesccapcha.com\/pt-br\/wp-json\/wp\/v2\/media\/5345"}],"wp:attachment":[{"href":"https:\/\/expedicionesccapcha.com\/pt-br\/wp-json\/wp\/v2\/media?parent=2733"}],"wp:term":[{"taxonomy":"product_brand","embeddable":true,"href":"https:\/\/expedicionesccapcha.com\/pt-br\/wp-json\/wp\/v2\/product_brand?post=2733"},{"taxonomy":"product_cat","embeddable":true,"href":"https:\/\/expedicionesccapcha.com\/pt-br\/wp-json\/wp\/v2\/product_cat?post=2733"},{"taxonomy":"product_tag","embeddable":true,"href":"https:\/\/expedicionesccapcha.com\/pt-br\/wp-json\/wp\/v2\/product_tag?post=2733"}],"curies":[{"name":"wp","href":"https:\/\/api.w.org\/{rel}","templated":true}]}}