{"id":2729,"date":"2022-01-15T08:35:12","date_gmt":"2022-02-24T21:52:30","guid":{"rendered":"http:\/\/expedicionesccapcha.com\/producto\/morro-do-toco\/"},"modified":"2024-12-05T14:30:00","modified_gmt":"2024-12-05T14:30:00","slug":"morro-do-toco","status":"publish","type":"product","link":"https:\/\/expedicionesccapcha.com\/pt-br\/producto\/morro-do-toco\/","title":{"rendered":"Morro do Toco"},"content":{"rendered":"<p>Um lugar ideal para fazer sua primeira subida a um cume \u00e9 El Toco, que significa &#8220;esquina&#8221; na l\u00edngua Kunza, \u00e9 um antigo vulc\u00e3o, que hoje est\u00e1 adormecido, \u00e9 o mais pr\u00f3ximo da cidade, a 60 km, em suas encostas s\u00e3o as instala\u00e7\u00f5es do maior projeto astron\u00f4mico ALMA.<\/p>\n","protected":false},"excerpt":{"rendered":"<p>Buscamos voc\u00ea no hospedagem, seguimos em dire\u00e7\u00e3o ao jama pass, um local de fronteira com a Argentina, come\u00e7amos a jornada em uma antiga mina de enxofre, de seu topo voc\u00ea pode ver a melhor vista do salar do Atacama e do outro lado da Bol\u00edvia, a lagoa verde \u00e9 mostrada. Fazemos um trekking de 3,5 km atingindo uma altura de 5.600 metros acima do n\u00edvel do mar, em m\u00e9dia 2 horas de subida e mais 2 horas de descida para o retorno, tudo o equipamento necess\u00e1rio \u00e9 fornecido e inclui uma ra\u00e7\u00e3o de caminhada para recarregar energia na excurs\u00e3o. Recomendamos ir bem quentinho e preparado para baixas temperaturas.<\/p>\n","protected":false},"featured_media":5229,"comment_status":"closed","ping_status":"closed","template":"","meta":{"_acf_changed":false},"product_brand":[],"product_cat":[62,68],"product_tag":[],"class_list":{"0":"post-2729","1":"product","2":"type-product","3":"status-publish","4":"has-post-thumbnail","6":"product_cat-passeios","7":"product_cat-volcanes-pt-br","9":"first","10":"instock","11":"virtual","12":"sold-individually","13":"purchasable","14":"product-type-booking"},"booking_location":"","booking_location_type":"","booking_duration":1,"booking_duration_unit":"day","booking_buffer":0,"booking_cost":110,"booking_resources":[],"exclude_global_add_ons":[],"addons":[],"acf":[],"yoast_head":"<!-- This site is optimized with the Yoast SEO plugin v26.7 - https:\/\/yoast.com\/wordpress\/plugins\/seo\/ -->\n<title>Morro do Toco - Expediciones Ccapcha<\/title>\n<meta name=\"robots\" content=\"index, follow, max-snippet:-1, max-image-preview:large, max-video-preview:-1\" \/>\n<link rel=\"canonical\" href=\"https:\/\/expedicionesccapcha.com\/pt-br\/producto\/morro-do-toco\/\" \/>\n<meta property=\"og:locale\" content=\"pt_BR\" \/>\n<meta property=\"og:type\" content=\"article\" \/>\n<meta property=\"og:title\" content=\"Morro do Toco - Expediciones Ccapcha\" \/>\n<meta property=\"og:description\" content=\"Buscamos voc\u00ea no hospedagem, seguimos em dire\u00e7\u00e3o ao jama pass, um local de fronteira com a Argentina, come\u00e7amos a jornada em uma antiga mina de enxofre, de seu topo voc\u00ea pode ver a melhor vista do salar do Atacama e do outro lado da Bol\u00edvia, a lagoa verde \u00e9 mostrada. Fazemos um trekking de 3,5 km atingindo uma altura de 5.600 metros acima do n\u00edvel do mar, em m\u00e9dia 2 horas de subida e mais 2 horas de descida para o retorno, tudo o equipamento necess\u00e1rio \u00e9 fornecido e inclui uma ra\u00e7\u00e3o de caminhada para recarregar energia na excurs\u00e3o. Recomendamos ir bem quentinho e preparado para baixas temperaturas.\" \/>\n<meta property=\"og:url\" content=\"https:\/\/expedicionesccapcha.com\/pt-br\/producto\/morro-do-toco\/\" \/>\n<meta property=\"og:site_name\" content=\"Expediciones Ccapcha\" \/>\n<meta property=\"article:modified_time\" content=\"2024-12-05T14:30:00+00:00\" \/>\n<meta property=\"og:image\" content=\"https:\/\/expedicionesccapcha.com\/wp-content\/uploads\/2022\/01\/CERRO-TOCO.jpg\" \/>\n\t<meta property=\"og:image:width\" content=\"1080\" \/>\n\t<meta property=\"og:image:height\" content=\"720\" \/>\n\t<meta property=\"og:image:type\" content=\"image\/jpeg\" \/>\n<meta name=\"twitter:card\" content=\"summary_large_image\" \/>\n<script type=\"application\/ld+json\" class=\"yoast-schema-graph\">{\"@context\":\"https:\/\/schema.org\",\"@graph\":[{\"@type\":\"WebPage\",\"@id\":\"https:\/\/expedicionesccapcha.com\/pt-br\/producto\/morro-do-toco\/\",\"url\":\"https:\/\/expedicionesccapcha.com\/pt-br\/producto\/morro-do-toco\/\",\"name\":\"Morro do Toco - Expediciones Ccapcha\",\"isPartOf\":{\"@id\":\"https:\/\/expedicionesccapcha.com\/pt-br\/#website\"},\"primaryImageOfPage\":{\"@id\":\"https:\/\/expedicionesccapcha.com\/pt-br\/producto\/morro-do-toco\/#primaryimage\"},\"image\":{\"@id\":\"https:\/\/expedicionesccapcha.com\/pt-br\/producto\/morro-do-toco\/#primaryimage\"},\"thumbnailUrl\":\"https:\/\/expedicionesccapcha.com\/wp-content\/uploads\/2022\/01\/CERRO-TOCO.jpg\",\"datePublished\":\"2022-02-24T21:52:30+00:00\",\"dateModified\":\"2024-12-05T14:30:00+00:00\",\"breadcrumb\":{\"@id\":\"https:\/\/expedicionesccapcha.com\/pt-br\/producto\/morro-do-toco\/#breadcrumb\"},\"inLanguage\":\"pt-BR\",\"potentialAction\":[{\"@type\":\"ReadAction\",\"target\":[\"https:\/\/expedicionesccapcha.com\/pt-br\/producto\/morro-do-toco\/\"]}]},{\"@type\":\"ImageObject\",\"inLanguage\":\"pt-BR\",\"@id\":\"https:\/\/expedicionesccapcha.com\/pt-br\/producto\/morro-do-toco\/#primaryimage\",\"url\":\"https:\/\/expedicionesccapcha.com\/wp-content\/uploads\/2022\/01\/CERRO-TOCO.jpg\",\"contentUrl\":\"https:\/\/expedicionesccapcha.com\/wp-content\/uploads\/2022\/01\/CERRO-TOCO.jpg\",\"width\":1080,\"height\":720},{\"@type\":\"BreadcrumbList\",\"@id\":\"https:\/\/expedicionesccapcha.com\/pt-br\/producto\/morro-do-toco\/#breadcrumb\",\"itemListElement\":[{\"@type\":\"ListItem\",\"position\":1,\"name\":\"Portada\",\"item\":\"https:\/\/expedicionesccapcha.com\/pt-br\/\"},{\"@type\":\"ListItem\",\"position\":2,\"name\":\"Loja\",\"item\":\"https:\/\/expedicionesccapcha.com\/pt-br\/loja\/\"},{\"@type\":\"ListItem\",\"position\":3,\"name\":\"Morro do Toco\"}]},{\"@type\":\"WebSite\",\"@id\":\"https:\/\/expedicionesccapcha.com\/pt-br\/#website\",\"url\":\"https:\/\/expedicionesccapcha.com\/pt-br\/\",\"name\":\"Expediciones Ccapcha\",\"description\":\"Ag\u00eancia de turismo San Pedro de Atacama\",\"potentialAction\":[{\"@type\":\"SearchAction\",\"target\":{\"@type\":\"EntryPoint\",\"urlTemplate\":\"https:\/\/expedicionesccapcha.com\/pt-br\/?s={search_term_string}\"},\"query-input\":{\"@type\":\"PropertyValueSpecification\",\"valueRequired\":true,\"valueName\":\"search_term_string\"}}],\"inLanguage\":\"pt-BR\"}]}<\/script>\n<!-- \/ Yoast SEO plugin. -->","yoast_head_json":{"title":"Morro do Toco - Expediciones Ccapcha","robots":{"index":"index","follow":"follow","max-snippet":"max-snippet:-1","max-image-preview":"max-image-preview:large","max-video-preview":"max-video-preview:-1"},"canonical":"https:\/\/expedicionesccapcha.com\/pt-br\/producto\/morro-do-toco\/","og_locale":"pt_BR","og_type":"article","og_title":"Morro do Toco - Expediciones Ccapcha","og_description":"Buscamos voc\u00ea no hospedagem, seguimos em dire\u00e7\u00e3o ao jama pass, um local de fronteira com a Argentina, come\u00e7amos a jornada em uma antiga mina de enxofre, de seu topo voc\u00ea pode ver a melhor vista do salar do Atacama e do outro lado da Bol\u00edvia, a lagoa verde \u00e9 mostrada. Fazemos um trekking de 3,5 km atingindo uma altura de 5.600 metros acima do n\u00edvel do mar, em m\u00e9dia 2 horas de subida e mais 2 horas de descida para o retorno, tudo o equipamento necess\u00e1rio \u00e9 fornecido e inclui uma ra\u00e7\u00e3o de caminhada para recarregar energia na excurs\u00e3o. Recomendamos ir bem quentinho e preparado para baixas temperaturas.","og_url":"https:\/\/expedicionesccapcha.com\/pt-br\/producto\/morro-do-toco\/","og_site_name":"Expediciones Ccapcha","article_modified_time":"2024-12-05T14:30:00+00:00","og_image":[{"width":1080,"height":720,"url":"https:\/\/expedicionesccapcha.com\/wp-content\/uploads\/2022\/01\/CERRO-TOCO.jpg","type":"image\/jpeg"}],"twitter_card":"summary_large_image","schema":{"@context":"https:\/\/schema.org","@graph":[{"@type":"WebPage","@id":"https:\/\/expedicionesccapcha.com\/pt-br\/producto\/morro-do-toco\/","url":"https:\/\/expedicionesccapcha.com\/pt-br\/producto\/morro-do-toco\/","name":"Morro do Toco - Expediciones Ccapcha","isPartOf":{"@id":"https:\/\/expedicionesccapcha.com\/pt-br\/#website"},"primaryImageOfPage":{"@id":"https:\/\/expedicionesccapcha.com\/pt-br\/producto\/morro-do-toco\/#primaryimage"},"image":{"@id":"https:\/\/expedicionesccapcha.com\/pt-br\/producto\/morro-do-toco\/#primaryimage"},"thumbnailUrl":"https:\/\/expedicionesccapcha.com\/wp-content\/uploads\/2022\/01\/CERRO-TOCO.jpg","datePublished":"2022-02-24T21:52:30+00:00","dateModified":"2024-12-05T14:30:00+00:00","breadcrumb":{"@id":"https:\/\/expedicionesccapcha.com\/pt-br\/producto\/morro-do-toco\/#breadcrumb"},"inLanguage":"pt-BR","potentialAction":[{"@type":"ReadAction","target":["https:\/\/expedicionesccapcha.com\/pt-br\/producto\/morro-do-toco\/"]}]},{"@type":"ImageObject","inLanguage":"pt-BR","@id":"https:\/\/expedicionesccapcha.com\/pt-br\/producto\/morro-do-toco\/#primaryimage","url":"https:\/\/expedicionesccapcha.com\/wp-content\/uploads\/2022\/01\/CERRO-TOCO.jpg","contentUrl":"https:\/\/expedicionesccapcha.com\/wp-content\/uploads\/2022\/01\/CERRO-TOCO.jpg","width":1080,"height":720},{"@type":"BreadcrumbList","@id":"https:\/\/expedicionesccapcha.com\/pt-br\/producto\/morro-do-toco\/#breadcrumb","itemListElement":[{"@type":"ListItem","position":1,"name":"Portada","item":"https:\/\/expedicionesccapcha.com\/pt-br\/"},{"@type":"ListItem","position":2,"name":"Loja","item":"https:\/\/expedicionesccapcha.com\/pt-br\/loja\/"},{"@type":"ListItem","position":3,"name":"Morro do Toco"}]},{"@type":"WebSite","@id":"https:\/\/expedicionesccapcha.com\/pt-br\/#website","url":"https:\/\/expedicionesccapcha.com\/pt-br\/","name":"Expediciones Ccapcha","description":"Ag\u00eancia de turismo San Pedro de Atacama","potentialAction":[{"@type":"SearchAction","target":{"@type":"EntryPoint","urlTemplate":"https:\/\/expedicionesccapcha.com\/pt-br\/?s={search_term_string}"},"query-input":{"@type":"PropertyValueSpecification","valueRequired":true,"valueName":"search_term_string"}}],"inLanguage":"pt-BR"}]}},"_links":{"self":[{"href":"https:\/\/expedicionesccapcha.com\/pt-br\/wp-json\/wp\/v2\/product\/2729","targetHints":{"allow":["GET"]}}],"collection":[{"href":"https:\/\/expedicionesccapcha.com\/pt-br\/wp-json\/wp\/v2\/product"}],"about":[{"href":"https:\/\/expedicionesccapcha.com\/pt-br\/wp-json\/wp\/v2\/types\/product"}],"replies":[{"embeddable":true,"href":"https:\/\/expedicionesccapcha.com\/pt-br\/wp-json\/wp\/v2\/comments?post=2729"}],"version-history":[{"count":1,"href":"https:\/\/expedicionesccapcha.com\/pt-br\/wp-json\/wp\/v2\/product\/2729\/revisions"}],"predecessor-version":[{"id":5456,"href":"https:\/\/expedicionesccapcha.com\/pt-br\/wp-json\/wp\/v2\/product\/2729\/revisions\/5456"}],"wp:featuredmedia":[{"embeddable":true,"href":"https:\/\/expedicionesccapcha.com\/pt-br\/wp-json\/wp\/v2\/media\/5229"}],"wp:attachment":[{"href":"https:\/\/expedicionesccapcha.com\/pt-br\/wp-json\/wp\/v2\/media?parent=2729"}],"wp:term":[{"taxonomy":"product_brand","embeddable":true,"href":"https:\/\/expedicionesccapcha.com\/pt-br\/wp-json\/wp\/v2\/product_brand?post=2729"},{"taxonomy":"product_cat","embeddable":true,"href":"https:\/\/expedicionesccapcha.com\/pt-br\/wp-json\/wp\/v2\/product_cat?post=2729"},{"taxonomy":"product_tag","embeddable":true,"href":"https:\/\/expedicionesccapcha.com\/pt-br\/wp-json\/wp\/v2\/product_tag?post=2729"}],"curies":[{"name":"wp","href":"https:\/\/api.w.org\/{rel}","templated":true}]}}