{"id":2726,"date":"2022-01-15T09:28:30","date_gmt":"2022-02-24T20:48:18","guid":{"rendered":"http:\/\/expedicionesccapcha.com\/producto\/ravina-de-guatin\/"},"modified":"2022-07-18T19:38:16","modified_gmt":"2022-07-18T19:38:16","slug":"ravina-de-guatin","status":"publish","type":"product","link":"https:\/\/expedicionesccapcha.com\/pt-br\/producto\/ravina-de-guatin\/","title":{"rendered":"Ravina de Guatin"},"content":{"rendered":"<p>Um excelente panorama \u00e9 fazer trekking de alta montanha, aproximadamente 3000 metros acima do n\u00edvel do mar, at\u00e9 um lugar maravilhoso chamado Ravina de Guatin; a travessia \u00e9 feita atravessando um c\u00e2nion do deserto. Pode ser feito pela manh\u00e3 ou \u00e0 tarde, dependendo do grupo participante, pela manh\u00e3 voc\u00ea curte um clima bem mais fresco tornando a caminhada um pouco mais agrad\u00e1vel, \u00e0 tarde \u00e9 poss\u00edvel ver um p\u00f4r do sol quente.<\/p>\n","protected":false},"excerpt":{"rendered":"<p>Perto de San Pedro, 21 km em dire\u00e7\u00e3o \u00e0 rota do El Tatio Geyser, pessoas de qualquer idade podem visitar este lugar, tem um rio que atrapalha v\u00e1rias vezes, dando a oportunidade de se refrescar. \u00c9 um local pouco visitado, no in\u00edcio existe um vale de cactos centen\u00e1rios, com v\u00e1rios metros de altura, que d\u00e3o uma bela acolhida! Este local \u00e9 de f\u00e1cil acesso, pois fica pr\u00f3ximo \u00e0 rodovia e \u00e9 uma excelente esta\u00e7\u00e3o para tirar uma foto e apreciar a paisagem tranquila.<br \/>\nEste passeio pode terminar de uma forma muito relaxante no Parque de las Termas de Puritama e desfrutar das suas seis piscinas de \u00e1gua termal.<\/p>\n","protected":false},"featured_media":2600,"comment_status":"closed","ping_status":"closed","template":"","meta":{"_acf_changed":false},"product_brand":[],"product_cat":[62,66],"product_tag":[],"class_list":{"0":"post-2726","1":"product","2":"type-product","3":"status-publish","4":"has-post-thumbnail","6":"product_cat-passeios","7":"product_cat-trekking-pt-br-2","9":"first","10":"instock","11":"virtual","12":"sold-individually","13":"purchasable","14":"product-type-booking"},"booking_location":"","booking_location_type":"","booking_duration":1,"booking_duration_unit":"day","booking_buffer":0,"booking_cost":49.5,"booking_resources":[],"exclude_global_add_ons":[],"addons":[],"acf":[],"yoast_head":"<!-- This site is optimized with the Yoast SEO plugin v26.7 - https:\/\/yoast.com\/wordpress\/plugins\/seo\/ -->\n<title>Ravina de Guatin - Expediciones Ccapcha<\/title>\n<meta name=\"robots\" content=\"index, follow, max-snippet:-1, max-image-preview:large, max-video-preview:-1\" \/>\n<link rel=\"canonical\" href=\"https:\/\/expedicionesccapcha.com\/pt-br\/producto\/ravina-de-guatin\/\" \/>\n<meta property=\"og:locale\" content=\"pt_BR\" \/>\n<meta property=\"og:type\" content=\"article\" \/>\n<meta property=\"og:title\" content=\"Ravina de Guatin - Expediciones Ccapcha\" \/>\n<meta property=\"og:description\" content=\"Perto de San Pedro, 21 km em dire\u00e7\u00e3o \u00e0 rota do El Tatio Geyser, pessoas de qualquer idade podem visitar este lugar, tem um rio que atrapalha v\u00e1rias vezes, dando a oportunidade de se refrescar. \u00c9 um local pouco visitado, no in\u00edcio existe um vale de cactos centen\u00e1rios, com v\u00e1rios metros de altura, que d\u00e3o uma bela acolhida! Este local \u00e9 de f\u00e1cil acesso, pois fica pr\u00f3ximo \u00e0 rodovia e \u00e9 uma excelente esta\u00e7\u00e3o para tirar uma foto e apreciar a paisagem tranquila. Este passeio pode terminar de uma forma muito relaxante no Parque de las Termas de Puritama e desfrutar das suas seis piscinas de \u00e1gua termal.\" \/>\n<meta property=\"og:url\" content=\"https:\/\/expedicionesccapcha.com\/pt-br\/producto\/ravina-de-guatin\/\" \/>\n<meta property=\"og:site_name\" content=\"Expediciones Ccapcha\" \/>\n<meta property=\"article:modified_time\" content=\"2022-07-18T19:38:16+00:00\" \/>\n<meta property=\"og:image\" content=\"https:\/\/expedicionesccapcha.com\/wp-content\/uploads\/2022\/01\/quebrada-de-guatin-1.jpg\" \/>\n\t<meta property=\"og:image:width\" content=\"1170\" \/>\n\t<meta property=\"og:image:height\" content=\"550\" \/>\n\t<meta property=\"og:image:type\" content=\"image\/jpeg\" \/>\n<meta name=\"twitter:card\" content=\"summary_large_image\" \/>\n<script type=\"application\/ld+json\" class=\"yoast-schema-graph\">{\"@context\":\"https:\/\/schema.org\",\"@graph\":[{\"@type\":\"WebPage\",\"@id\":\"https:\/\/expedicionesccapcha.com\/pt-br\/producto\/ravina-de-guatin\/\",\"url\":\"https:\/\/expedicionesccapcha.com\/pt-br\/producto\/ravina-de-guatin\/\",\"name\":\"Ravina de Guatin - Expediciones Ccapcha\",\"isPartOf\":{\"@id\":\"https:\/\/expedicionesccapcha.com\/pt-br\/#website\"},\"primaryImageOfPage\":{\"@id\":\"https:\/\/expedicionesccapcha.com\/pt-br\/producto\/ravina-de-guatin\/#primaryimage\"},\"image\":{\"@id\":\"https:\/\/expedicionesccapcha.com\/pt-br\/producto\/ravina-de-guatin\/#primaryimage\"},\"thumbnailUrl\":\"https:\/\/expedicionesccapcha.com\/wp-content\/uploads\/2022\/01\/quebrada-de-guatin-1.jpg\",\"datePublished\":\"2022-02-24T20:48:18+00:00\",\"dateModified\":\"2022-07-18T19:38:16+00:00\",\"breadcrumb\":{\"@id\":\"https:\/\/expedicionesccapcha.com\/pt-br\/producto\/ravina-de-guatin\/#breadcrumb\"},\"inLanguage\":\"pt-BR\",\"potentialAction\":[{\"@type\":\"ReadAction\",\"target\":[\"https:\/\/expedicionesccapcha.com\/pt-br\/producto\/ravina-de-guatin\/\"]}]},{\"@type\":\"ImageObject\",\"inLanguage\":\"pt-BR\",\"@id\":\"https:\/\/expedicionesccapcha.com\/pt-br\/producto\/ravina-de-guatin\/#primaryimage\",\"url\":\"https:\/\/expedicionesccapcha.com\/wp-content\/uploads\/2022\/01\/quebrada-de-guatin-1.jpg\",\"contentUrl\":\"https:\/\/expedicionesccapcha.com\/wp-content\/uploads\/2022\/01\/quebrada-de-guatin-1.jpg\",\"width\":1170,\"height\":550},{\"@type\":\"BreadcrumbList\",\"@id\":\"https:\/\/expedicionesccapcha.com\/pt-br\/producto\/ravina-de-guatin\/#breadcrumb\",\"itemListElement\":[{\"@type\":\"ListItem\",\"position\":1,\"name\":\"Portada\",\"item\":\"https:\/\/expedicionesccapcha.com\/pt-br\/\"},{\"@type\":\"ListItem\",\"position\":2,\"name\":\"Loja\",\"item\":\"https:\/\/expedicionesccapcha.com\/pt-br\/loja\/\"},{\"@type\":\"ListItem\",\"position\":3,\"name\":\"Ravina de Guatin\"}]},{\"@type\":\"WebSite\",\"@id\":\"https:\/\/expedicionesccapcha.com\/pt-br\/#website\",\"url\":\"https:\/\/expedicionesccapcha.com\/pt-br\/\",\"name\":\"Expediciones Ccapcha\",\"description\":\"Ag\u00eancia de turismo San Pedro de Atacama\",\"potentialAction\":[{\"@type\":\"SearchAction\",\"target\":{\"@type\":\"EntryPoint\",\"urlTemplate\":\"https:\/\/expedicionesccapcha.com\/pt-br\/?s={search_term_string}\"},\"query-input\":{\"@type\":\"PropertyValueSpecification\",\"valueRequired\":true,\"valueName\":\"search_term_string\"}}],\"inLanguage\":\"pt-BR\"}]}<\/script>\n<!-- \/ Yoast SEO plugin. -->","yoast_head_json":{"title":"Ravina de Guatin - Expediciones Ccapcha","robots":{"index":"index","follow":"follow","max-snippet":"max-snippet:-1","max-image-preview":"max-image-preview:large","max-video-preview":"max-video-preview:-1"},"canonical":"https:\/\/expedicionesccapcha.com\/pt-br\/producto\/ravina-de-guatin\/","og_locale":"pt_BR","og_type":"article","og_title":"Ravina de Guatin - Expediciones Ccapcha","og_description":"Perto de San Pedro, 21 km em dire\u00e7\u00e3o \u00e0 rota do El Tatio Geyser, pessoas de qualquer idade podem visitar este lugar, tem um rio que atrapalha v\u00e1rias vezes, dando a oportunidade de se refrescar. \u00c9 um local pouco visitado, no in\u00edcio existe um vale de cactos centen\u00e1rios, com v\u00e1rios metros de altura, que d\u00e3o uma bela acolhida! Este local \u00e9 de f\u00e1cil acesso, pois fica pr\u00f3ximo \u00e0 rodovia e \u00e9 uma excelente esta\u00e7\u00e3o para tirar uma foto e apreciar a paisagem tranquila. Este passeio pode terminar de uma forma muito relaxante no Parque de las Termas de Puritama e desfrutar das suas seis piscinas de \u00e1gua termal.","og_url":"https:\/\/expedicionesccapcha.com\/pt-br\/producto\/ravina-de-guatin\/","og_site_name":"Expediciones Ccapcha","article_modified_time":"2022-07-18T19:38:16+00:00","og_image":[{"width":1170,"height":550,"url":"https:\/\/expedicionesccapcha.com\/wp-content\/uploads\/2022\/01\/quebrada-de-guatin-1.jpg","type":"image\/jpeg"}],"twitter_card":"summary_large_image","schema":{"@context":"https:\/\/schema.org","@graph":[{"@type":"WebPage","@id":"https:\/\/expedicionesccapcha.com\/pt-br\/producto\/ravina-de-guatin\/","url":"https:\/\/expedicionesccapcha.com\/pt-br\/producto\/ravina-de-guatin\/","name":"Ravina de Guatin - Expediciones Ccapcha","isPartOf":{"@id":"https:\/\/expedicionesccapcha.com\/pt-br\/#website"},"primaryImageOfPage":{"@id":"https:\/\/expedicionesccapcha.com\/pt-br\/producto\/ravina-de-guatin\/#primaryimage"},"image":{"@id":"https:\/\/expedicionesccapcha.com\/pt-br\/producto\/ravina-de-guatin\/#primaryimage"},"thumbnailUrl":"https:\/\/expedicionesccapcha.com\/wp-content\/uploads\/2022\/01\/quebrada-de-guatin-1.jpg","datePublished":"2022-02-24T20:48:18+00:00","dateModified":"2022-07-18T19:38:16+00:00","breadcrumb":{"@id":"https:\/\/expedicionesccapcha.com\/pt-br\/producto\/ravina-de-guatin\/#breadcrumb"},"inLanguage":"pt-BR","potentialAction":[{"@type":"ReadAction","target":["https:\/\/expedicionesccapcha.com\/pt-br\/producto\/ravina-de-guatin\/"]}]},{"@type":"ImageObject","inLanguage":"pt-BR","@id":"https:\/\/expedicionesccapcha.com\/pt-br\/producto\/ravina-de-guatin\/#primaryimage","url":"https:\/\/expedicionesccapcha.com\/wp-content\/uploads\/2022\/01\/quebrada-de-guatin-1.jpg","contentUrl":"https:\/\/expedicionesccapcha.com\/wp-content\/uploads\/2022\/01\/quebrada-de-guatin-1.jpg","width":1170,"height":550},{"@type":"BreadcrumbList","@id":"https:\/\/expedicionesccapcha.com\/pt-br\/producto\/ravina-de-guatin\/#breadcrumb","itemListElement":[{"@type":"ListItem","position":1,"name":"Portada","item":"https:\/\/expedicionesccapcha.com\/pt-br\/"},{"@type":"ListItem","position":2,"name":"Loja","item":"https:\/\/expedicionesccapcha.com\/pt-br\/loja\/"},{"@type":"ListItem","position":3,"name":"Ravina de Guatin"}]},{"@type":"WebSite","@id":"https:\/\/expedicionesccapcha.com\/pt-br\/#website","url":"https:\/\/expedicionesccapcha.com\/pt-br\/","name":"Expediciones Ccapcha","description":"Ag\u00eancia de turismo San Pedro de Atacama","potentialAction":[{"@type":"SearchAction","target":{"@type":"EntryPoint","urlTemplate":"https:\/\/expedicionesccapcha.com\/pt-br\/?s={search_term_string}"},"query-input":{"@type":"PropertyValueSpecification","valueRequired":true,"valueName":"search_term_string"}}],"inLanguage":"pt-BR"}]}},"_links":{"self":[{"href":"https:\/\/expedicionesccapcha.com\/pt-br\/wp-json\/wp\/v2\/product\/2726","targetHints":{"allow":["GET"]}}],"collection":[{"href":"https:\/\/expedicionesccapcha.com\/pt-br\/wp-json\/wp\/v2\/product"}],"about":[{"href":"https:\/\/expedicionesccapcha.com\/pt-br\/wp-json\/wp\/v2\/types\/product"}],"replies":[{"embeddable":true,"href":"https:\/\/expedicionesccapcha.com\/pt-br\/wp-json\/wp\/v2\/comments?post=2726"}],"version-history":[{"count":1,"href":"https:\/\/expedicionesccapcha.com\/pt-br\/wp-json\/wp\/v2\/product\/2726\/revisions"}],"predecessor-version":[{"id":3094,"href":"https:\/\/expedicionesccapcha.com\/pt-br\/wp-json\/wp\/v2\/product\/2726\/revisions\/3094"}],"wp:featuredmedia":[{"embeddable":true,"href":"https:\/\/expedicionesccapcha.com\/pt-br\/wp-json\/wp\/v2\/media\/2600"}],"wp:attachment":[{"href":"https:\/\/expedicionesccapcha.com\/pt-br\/wp-json\/wp\/v2\/media?parent=2726"}],"wp:term":[{"taxonomy":"product_brand","embeddable":true,"href":"https:\/\/expedicionesccapcha.com\/pt-br\/wp-json\/wp\/v2\/product_brand?post=2726"},{"taxonomy":"product_cat","embeddable":true,"href":"https:\/\/expedicionesccapcha.com\/pt-br\/wp-json\/wp\/v2\/product_cat?post=2726"},{"taxonomy":"product_tag","embeddable":true,"href":"https:\/\/expedicionesccapcha.com\/pt-br\/wp-json\/wp\/v2\/product_tag?post=2726"}],"curies":[{"name":"wp","href":"https:\/\/api.w.org\/{rel}","templated":true}]}}