{"id":2725,"date":"2022-01-15T09:28:31","date_gmt":"2022-02-24T20:43:33","guid":{"rendered":"http:\/\/expedicionesccapcha.com\/producto\/machuca-rio-grande\/"},"modified":"2022-02-25T22:09:45","modified_gmt":"2022-02-25T22:09:45","slug":"machuca-rio-grande","status":"publish","type":"product","link":"https:\/\/expedicionesccapcha.com\/pt-br\/producto\/machuca-rio-grande\/","title":{"rendered":"Machuca Rio Grande"},"content":{"rendered":"<p>Uma caminhada de baixa demanda, muito pr\u00f3xima da fauna da regi\u00e3o, nos leva a uma antiga rota usada por antigos pastores e criadores de gado. Pick up no hospedagem, a excurs\u00e3o come\u00e7a a 3200 metros acima do n\u00edvel do mar e a 45 km de San Pedro, na cidade de Machuca, focada em artesanato e sua gastronomia, possui um pequeno mercado que oferece os famosos anticuchos de carne de lhama ou suas empanadas queijo de cabra, etc<\/p>\n","protected":false},"excerpt":{"rendered":"<p>En el transcurso de la caminata podremos apreciar familias de llamas utilizando el m\u00e9todo del pastoreo al costado del r\u00edo que bordea el pueblo, como tambi\u00e9n se pueden visitar antiguas aldeas donde los pobladores incursionaron en sus cultivos, uno de los m\u00e1s nombrados es el caser\u00edo de Pe\u00f1aliri, que queda a mitad de camino.<\/p>\n<p>A rota total \u00e9 de quase 15 km e termina em R\u00edo Grande, onde nossos aventureiros s\u00e3o apanhados para retornar \u00e0 cidade novamente.<\/p>\n","protected":false},"featured_media":2612,"comment_status":"closed","ping_status":"closed","template":"","meta":{"_acf_changed":false},"product_brand":[],"product_cat":[62,66],"product_tag":[],"class_list":{"0":"post-2725","1":"product","2":"type-product","3":"status-publish","4":"has-post-thumbnail","6":"product_cat-passeios","7":"product_cat-trekking-pt-br-2","9":"first","10":"instock","11":"virtual","12":"sold-individually","13":"purchasable","14":"product-type-booking"},"booking_location":"","booking_location_type":"","booking_duration":1,"booking_duration_unit":"day","booking_buffer":0,"booking_cost":121,"booking_resources":[],"exclude_global_add_ons":[],"addons":[],"acf":[],"yoast_head":"<!-- This site is optimized with the Yoast SEO plugin v26.7 - https:\/\/yoast.com\/wordpress\/plugins\/seo\/ -->\n<title>Machuca Rio Grande - Expediciones Ccapcha<\/title>\n<meta name=\"robots\" content=\"index, follow, max-snippet:-1, max-image-preview:large, max-video-preview:-1\" \/>\n<link rel=\"canonical\" href=\"https:\/\/expedicionesccapcha.com\/pt-br\/producto\/machuca-rio-grande\/\" \/>\n<meta property=\"og:locale\" content=\"pt_BR\" \/>\n<meta property=\"og:type\" content=\"article\" \/>\n<meta property=\"og:title\" content=\"Machuca Rio Grande - Expediciones Ccapcha\" \/>\n<meta property=\"og:description\" content=\"En el transcurso de la caminata podremos apreciar familias de llamas utilizando el m\u00e9todo del pastoreo al costado del r\u00edo que bordea el pueblo, como tambi\u00e9n se pueden visitar antiguas aldeas donde los pobladores incursionaron en sus cultivos, uno de los m\u00e1s nombrados es el caser\u00edo de Pe\u00f1aliri, que queda a mitad de camino. A rota total \u00e9 de quase 15 km e termina em R\u00edo Grande, onde nossos aventureiros s\u00e3o apanhados para retornar \u00e0 cidade novamente.\" \/>\n<meta property=\"og:url\" content=\"https:\/\/expedicionesccapcha.com\/pt-br\/producto\/machuca-rio-grande\/\" \/>\n<meta property=\"og:site_name\" content=\"Expediciones Ccapcha\" \/>\n<meta property=\"article:modified_time\" content=\"2022-02-25T22:09:45+00:00\" \/>\n<meta property=\"og:image\" content=\"https:\/\/expedicionesccapcha.com\/wp-content\/uploads\/2022\/01\/machuca-rio-grande-2.jpg\" \/>\n\t<meta property=\"og:image:width\" content=\"1170\" \/>\n\t<meta property=\"og:image:height\" content=\"550\" \/>\n\t<meta property=\"og:image:type\" content=\"image\/jpeg\" \/>\n<meta name=\"twitter:card\" content=\"summary_large_image\" \/>\n<script type=\"application\/ld+json\" class=\"yoast-schema-graph\">{\"@context\":\"https:\/\/schema.org\",\"@graph\":[{\"@type\":\"WebPage\",\"@id\":\"https:\/\/expedicionesccapcha.com\/pt-br\/producto\/machuca-rio-grande\/\",\"url\":\"https:\/\/expedicionesccapcha.com\/pt-br\/producto\/machuca-rio-grande\/\",\"name\":\"Machuca Rio Grande - Expediciones Ccapcha\",\"isPartOf\":{\"@id\":\"https:\/\/expedicionesccapcha.com\/pt-br\/#website\"},\"primaryImageOfPage\":{\"@id\":\"https:\/\/expedicionesccapcha.com\/pt-br\/producto\/machuca-rio-grande\/#primaryimage\"},\"image\":{\"@id\":\"https:\/\/expedicionesccapcha.com\/pt-br\/producto\/machuca-rio-grande\/#primaryimage\"},\"thumbnailUrl\":\"https:\/\/expedicionesccapcha.com\/wp-content\/uploads\/2022\/01\/machuca-rio-grande-2.jpg\",\"datePublished\":\"2022-02-24T20:43:33+00:00\",\"dateModified\":\"2022-02-25T22:09:45+00:00\",\"breadcrumb\":{\"@id\":\"https:\/\/expedicionesccapcha.com\/pt-br\/producto\/machuca-rio-grande\/#breadcrumb\"},\"inLanguage\":\"pt-BR\",\"potentialAction\":[{\"@type\":\"ReadAction\",\"target\":[\"https:\/\/expedicionesccapcha.com\/pt-br\/producto\/machuca-rio-grande\/\"]}]},{\"@type\":\"ImageObject\",\"inLanguage\":\"pt-BR\",\"@id\":\"https:\/\/expedicionesccapcha.com\/pt-br\/producto\/machuca-rio-grande\/#primaryimage\",\"url\":\"https:\/\/expedicionesccapcha.com\/wp-content\/uploads\/2022\/01\/machuca-rio-grande-2.jpg\",\"contentUrl\":\"https:\/\/expedicionesccapcha.com\/wp-content\/uploads\/2022\/01\/machuca-rio-grande-2.jpg\",\"width\":1170,\"height\":550},{\"@type\":\"BreadcrumbList\",\"@id\":\"https:\/\/expedicionesccapcha.com\/pt-br\/producto\/machuca-rio-grande\/#breadcrumb\",\"itemListElement\":[{\"@type\":\"ListItem\",\"position\":1,\"name\":\"Portada\",\"item\":\"https:\/\/expedicionesccapcha.com\/pt-br\/\"},{\"@type\":\"ListItem\",\"position\":2,\"name\":\"Loja\",\"item\":\"https:\/\/expedicionesccapcha.com\/pt-br\/loja\/\"},{\"@type\":\"ListItem\",\"position\":3,\"name\":\"Machuca Rio Grande\"}]},{\"@type\":\"WebSite\",\"@id\":\"https:\/\/expedicionesccapcha.com\/pt-br\/#website\",\"url\":\"https:\/\/expedicionesccapcha.com\/pt-br\/\",\"name\":\"Expediciones Ccapcha\",\"description\":\"Ag\u00eancia de turismo San Pedro de Atacama\",\"potentialAction\":[{\"@type\":\"SearchAction\",\"target\":{\"@type\":\"EntryPoint\",\"urlTemplate\":\"https:\/\/expedicionesccapcha.com\/pt-br\/?s={search_term_string}\"},\"query-input\":{\"@type\":\"PropertyValueSpecification\",\"valueRequired\":true,\"valueName\":\"search_term_string\"}}],\"inLanguage\":\"pt-BR\"}]}<\/script>\n<!-- \/ Yoast SEO plugin. -->","yoast_head_json":{"title":"Machuca Rio Grande - Expediciones Ccapcha","robots":{"index":"index","follow":"follow","max-snippet":"max-snippet:-1","max-image-preview":"max-image-preview:large","max-video-preview":"max-video-preview:-1"},"canonical":"https:\/\/expedicionesccapcha.com\/pt-br\/producto\/machuca-rio-grande\/","og_locale":"pt_BR","og_type":"article","og_title":"Machuca Rio Grande - Expediciones Ccapcha","og_description":"En el transcurso de la caminata podremos apreciar familias de llamas utilizando el m\u00e9todo del pastoreo al costado del r\u00edo que bordea el pueblo, como tambi\u00e9n se pueden visitar antiguas aldeas donde los pobladores incursionaron en sus cultivos, uno de los m\u00e1s nombrados es el caser\u00edo de Pe\u00f1aliri, que queda a mitad de camino. A rota total \u00e9 de quase 15 km e termina em R\u00edo Grande, onde nossos aventureiros s\u00e3o apanhados para retornar \u00e0 cidade novamente.","og_url":"https:\/\/expedicionesccapcha.com\/pt-br\/producto\/machuca-rio-grande\/","og_site_name":"Expediciones Ccapcha","article_modified_time":"2022-02-25T22:09:45+00:00","og_image":[{"width":1170,"height":550,"url":"https:\/\/expedicionesccapcha.com\/wp-content\/uploads\/2022\/01\/machuca-rio-grande-2.jpg","type":"image\/jpeg"}],"twitter_card":"summary_large_image","schema":{"@context":"https:\/\/schema.org","@graph":[{"@type":"WebPage","@id":"https:\/\/expedicionesccapcha.com\/pt-br\/producto\/machuca-rio-grande\/","url":"https:\/\/expedicionesccapcha.com\/pt-br\/producto\/machuca-rio-grande\/","name":"Machuca Rio Grande - Expediciones Ccapcha","isPartOf":{"@id":"https:\/\/expedicionesccapcha.com\/pt-br\/#website"},"primaryImageOfPage":{"@id":"https:\/\/expedicionesccapcha.com\/pt-br\/producto\/machuca-rio-grande\/#primaryimage"},"image":{"@id":"https:\/\/expedicionesccapcha.com\/pt-br\/producto\/machuca-rio-grande\/#primaryimage"},"thumbnailUrl":"https:\/\/expedicionesccapcha.com\/wp-content\/uploads\/2022\/01\/machuca-rio-grande-2.jpg","datePublished":"2022-02-24T20:43:33+00:00","dateModified":"2022-02-25T22:09:45+00:00","breadcrumb":{"@id":"https:\/\/expedicionesccapcha.com\/pt-br\/producto\/machuca-rio-grande\/#breadcrumb"},"inLanguage":"pt-BR","potentialAction":[{"@type":"ReadAction","target":["https:\/\/expedicionesccapcha.com\/pt-br\/producto\/machuca-rio-grande\/"]}]},{"@type":"ImageObject","inLanguage":"pt-BR","@id":"https:\/\/expedicionesccapcha.com\/pt-br\/producto\/machuca-rio-grande\/#primaryimage","url":"https:\/\/expedicionesccapcha.com\/wp-content\/uploads\/2022\/01\/machuca-rio-grande-2.jpg","contentUrl":"https:\/\/expedicionesccapcha.com\/wp-content\/uploads\/2022\/01\/machuca-rio-grande-2.jpg","width":1170,"height":550},{"@type":"BreadcrumbList","@id":"https:\/\/expedicionesccapcha.com\/pt-br\/producto\/machuca-rio-grande\/#breadcrumb","itemListElement":[{"@type":"ListItem","position":1,"name":"Portada","item":"https:\/\/expedicionesccapcha.com\/pt-br\/"},{"@type":"ListItem","position":2,"name":"Loja","item":"https:\/\/expedicionesccapcha.com\/pt-br\/loja\/"},{"@type":"ListItem","position":3,"name":"Machuca Rio Grande"}]},{"@type":"WebSite","@id":"https:\/\/expedicionesccapcha.com\/pt-br\/#website","url":"https:\/\/expedicionesccapcha.com\/pt-br\/","name":"Expediciones Ccapcha","description":"Ag\u00eancia de turismo San Pedro de Atacama","potentialAction":[{"@type":"SearchAction","target":{"@type":"EntryPoint","urlTemplate":"https:\/\/expedicionesccapcha.com\/pt-br\/?s={search_term_string}"},"query-input":{"@type":"PropertyValueSpecification","valueRequired":true,"valueName":"search_term_string"}}],"inLanguage":"pt-BR"}]}},"_links":{"self":[{"href":"https:\/\/expedicionesccapcha.com\/pt-br\/wp-json\/wp\/v2\/product\/2725","targetHints":{"allow":["GET"]}}],"collection":[{"href":"https:\/\/expedicionesccapcha.com\/pt-br\/wp-json\/wp\/v2\/product"}],"about":[{"href":"https:\/\/expedicionesccapcha.com\/pt-br\/wp-json\/wp\/v2\/types\/product"}],"replies":[{"embeddable":true,"href":"https:\/\/expedicionesccapcha.com\/pt-br\/wp-json\/wp\/v2\/comments?post=2725"}],"version-history":[{"count":1,"href":"https:\/\/expedicionesccapcha.com\/pt-br\/wp-json\/wp\/v2\/product\/2725\/revisions"}],"predecessor-version":[{"id":2808,"href":"https:\/\/expedicionesccapcha.com\/pt-br\/wp-json\/wp\/v2\/product\/2725\/revisions\/2808"}],"wp:featuredmedia":[{"embeddable":true,"href":"https:\/\/expedicionesccapcha.com\/pt-br\/wp-json\/wp\/v2\/media\/2612"}],"wp:attachment":[{"href":"https:\/\/expedicionesccapcha.com\/pt-br\/wp-json\/wp\/v2\/media?parent=2725"}],"wp:term":[{"taxonomy":"product_brand","embeddable":true,"href":"https:\/\/expedicionesccapcha.com\/pt-br\/wp-json\/wp\/v2\/product_brand?post=2725"},{"taxonomy":"product_cat","embeddable":true,"href":"https:\/\/expedicionesccapcha.com\/pt-br\/wp-json\/wp\/v2\/product_cat?post=2725"},{"taxonomy":"product_tag","embeddable":true,"href":"https:\/\/expedicionesccapcha.com\/pt-br\/wp-json\/wp\/v2\/product_tag?post=2725"}],"curies":[{"name":"wp","href":"https:\/\/api.w.org\/{rel}","templated":true}]}}