{"id":2724,"date":"2022-01-15T09:28:34","date_gmt":"2022-02-24T20:39:17","guid":{"rendered":"http:\/\/expedicionesccapcha.com\/producto\/catarpe\/"},"modified":"2024-12-05T14:42:05","modified_gmt":"2024-12-05T14:42:05","slug":"catarpe","status":"publish","type":"product","link":"https:\/\/expedicionesccapcha.com\/pt-br\/producto\/catarpe\/","title":{"rendered":"Catarpe"},"content":{"rendered":"<p>Atacama, passando pelas ru\u00ednas de Pukara de Quitor, voc\u00ea encontrar\u00e1 este lugar m\u00e1gico, tem uma bela paisagem para apreciar , com infinitos riachos e dunas, um rio adequado \u00e9 atravessado v\u00e1rias vezes ao longo do percurso, facilitando o resfriamento, mas n\u00e3o \u00e9 recomendado beber essas \u00e1guas.<\/p>\n","protected":false},"excerpt":{"rendered":"<p>Catarpe est\u00e1 localizada a 5km de San Pedro de Atacama, passando pelas ru\u00ednas de Pukhara de Quitor, neste trajeto est\u00e1 a capela de San Isidro, constru\u00edda em 1913, este ponto \u00e9 perfeito para fazer uma pausa e apreciar a beleza do lugar, tamb\u00e9m um extenso t\u00fanel que atravessa a montanha, diz-se que costumava ligar a cidade a Calama.<\/p>\n<p>A caminhada termina com uma visita a uma caverna com petr\u00f3glifos antigos, usados \u200b\u200bpelos nativos para se abrigar.<\/p>\n<p>Tamb\u00e9m \u00e9 poss\u00edvel percorrer o local de bicicleta, desfrutando de um percurso extremo de cornijas e barrancos.<\/p>\n","protected":false},"featured_media":2622,"comment_status":"closed","ping_status":"closed","template":"","meta":{"_acf_changed":false},"product_brand":[],"product_cat":[62,66],"product_tag":[],"class_list":{"0":"post-2724","1":"product","2":"type-product","3":"status-publish","4":"has-post-thumbnail","6":"product_cat-passeios","7":"product_cat-trekking-pt-br-2","9":"first","10":"instock","11":"virtual","12":"sold-individually","13":"purchasable","14":"product-type-booking"},"booking_location":"","booking_location_type":"","booking_duration":1,"booking_duration_unit":"day","booking_buffer":0,"booking_cost":49.5,"booking_resources":[],"exclude_global_add_ons":[],"addons":[],"acf":[],"yoast_head":"<!-- This site is optimized with the Yoast SEO plugin v26.7 - https:\/\/yoast.com\/wordpress\/plugins\/seo\/ -->\n<title>Catarpe - Expediciones Ccapcha<\/title>\n<meta name=\"robots\" content=\"index, follow, max-snippet:-1, max-image-preview:large, max-video-preview:-1\" \/>\n<link rel=\"canonical\" href=\"https:\/\/expedicionesccapcha.com\/pt-br\/producto\/catarpe\/\" \/>\n<meta property=\"og:locale\" content=\"pt_BR\" \/>\n<meta property=\"og:type\" content=\"article\" \/>\n<meta property=\"og:title\" content=\"Catarpe - Expediciones Ccapcha\" \/>\n<meta property=\"og:description\" content=\"Catarpe est\u00e1 localizada a 5km de San Pedro de Atacama, passando pelas ru\u00ednas de Pukhara de Quitor, neste trajeto est\u00e1 a capela de San Isidro, constru\u00edda em 1913, este ponto \u00e9 perfeito para fazer uma pausa e apreciar a beleza do lugar, tamb\u00e9m um extenso t\u00fanel que atravessa a montanha, diz-se que costumava ligar a cidade a Calama.  A caminhada termina com uma visita a uma caverna com petr\u00f3glifos antigos, usados \u200b\u200bpelos nativos para se abrigar.  Tamb\u00e9m \u00e9 poss\u00edvel percorrer o local de bicicleta, desfrutando de um percurso extremo de cornijas e barrancos.\" \/>\n<meta property=\"og:url\" content=\"https:\/\/expedicionesccapcha.com\/pt-br\/producto\/catarpe\/\" \/>\n<meta property=\"og:site_name\" content=\"Expediciones Ccapcha\" \/>\n<meta property=\"article:modified_time\" content=\"2024-12-05T14:42:05+00:00\" \/>\n<meta property=\"og:image\" content=\"https:\/\/expedicionesccapcha.com\/wp-content\/uploads\/2022\/01\/catarpe-2.jpg\" \/>\n\t<meta property=\"og:image:width\" content=\"1170\" \/>\n\t<meta property=\"og:image:height\" content=\"550\" \/>\n\t<meta property=\"og:image:type\" content=\"image\/jpeg\" \/>\n<meta name=\"twitter:card\" content=\"summary_large_image\" \/>\n<script type=\"application\/ld+json\" class=\"yoast-schema-graph\">{\"@context\":\"https:\/\/schema.org\",\"@graph\":[{\"@type\":\"WebPage\",\"@id\":\"https:\/\/expedicionesccapcha.com\/pt-br\/producto\/catarpe\/\",\"url\":\"https:\/\/expedicionesccapcha.com\/pt-br\/producto\/catarpe\/\",\"name\":\"Catarpe - Expediciones Ccapcha\",\"isPartOf\":{\"@id\":\"https:\/\/expedicionesccapcha.com\/pt-br\/#website\"},\"primaryImageOfPage\":{\"@id\":\"https:\/\/expedicionesccapcha.com\/pt-br\/producto\/catarpe\/#primaryimage\"},\"image\":{\"@id\":\"https:\/\/expedicionesccapcha.com\/pt-br\/producto\/catarpe\/#primaryimage\"},\"thumbnailUrl\":\"https:\/\/expedicionesccapcha.com\/wp-content\/uploads\/2022\/01\/catarpe-2.jpg\",\"datePublished\":\"2022-02-24T20:39:17+00:00\",\"dateModified\":\"2024-12-05T14:42:05+00:00\",\"breadcrumb\":{\"@id\":\"https:\/\/expedicionesccapcha.com\/pt-br\/producto\/catarpe\/#breadcrumb\"},\"inLanguage\":\"pt-BR\",\"potentialAction\":[{\"@type\":\"ReadAction\",\"target\":[\"https:\/\/expedicionesccapcha.com\/pt-br\/producto\/catarpe\/\"]}]},{\"@type\":\"ImageObject\",\"inLanguage\":\"pt-BR\",\"@id\":\"https:\/\/expedicionesccapcha.com\/pt-br\/producto\/catarpe\/#primaryimage\",\"url\":\"https:\/\/expedicionesccapcha.com\/wp-content\/uploads\/2022\/01\/catarpe-2.jpg\",\"contentUrl\":\"https:\/\/expedicionesccapcha.com\/wp-content\/uploads\/2022\/01\/catarpe-2.jpg\",\"width\":1170,\"height\":550},{\"@type\":\"BreadcrumbList\",\"@id\":\"https:\/\/expedicionesccapcha.com\/pt-br\/producto\/catarpe\/#breadcrumb\",\"itemListElement\":[{\"@type\":\"ListItem\",\"position\":1,\"name\":\"Portada\",\"item\":\"https:\/\/expedicionesccapcha.com\/pt-br\/\"},{\"@type\":\"ListItem\",\"position\":2,\"name\":\"Loja\",\"item\":\"https:\/\/expedicionesccapcha.com\/pt-br\/loja\/\"},{\"@type\":\"ListItem\",\"position\":3,\"name\":\"Catarpe\"}]},{\"@type\":\"WebSite\",\"@id\":\"https:\/\/expedicionesccapcha.com\/pt-br\/#website\",\"url\":\"https:\/\/expedicionesccapcha.com\/pt-br\/\",\"name\":\"Expediciones Ccapcha\",\"description\":\"Ag\u00eancia de turismo San Pedro de Atacama\",\"potentialAction\":[{\"@type\":\"SearchAction\",\"target\":{\"@type\":\"EntryPoint\",\"urlTemplate\":\"https:\/\/expedicionesccapcha.com\/pt-br\/?s={search_term_string}\"},\"query-input\":{\"@type\":\"PropertyValueSpecification\",\"valueRequired\":true,\"valueName\":\"search_term_string\"}}],\"inLanguage\":\"pt-BR\"}]}<\/script>\n<!-- \/ Yoast SEO plugin. -->","yoast_head_json":{"title":"Catarpe - Expediciones Ccapcha","robots":{"index":"index","follow":"follow","max-snippet":"max-snippet:-1","max-image-preview":"max-image-preview:large","max-video-preview":"max-video-preview:-1"},"canonical":"https:\/\/expedicionesccapcha.com\/pt-br\/producto\/catarpe\/","og_locale":"pt_BR","og_type":"article","og_title":"Catarpe - Expediciones Ccapcha","og_description":"Catarpe est\u00e1 localizada a 5km de San Pedro de Atacama, passando pelas ru\u00ednas de Pukhara de Quitor, neste trajeto est\u00e1 a capela de San Isidro, constru\u00edda em 1913, este ponto \u00e9 perfeito para fazer uma pausa e apreciar a beleza do lugar, tamb\u00e9m um extenso t\u00fanel que atravessa a montanha, diz-se que costumava ligar a cidade a Calama.  A caminhada termina com uma visita a uma caverna com petr\u00f3glifos antigos, usados \u200b\u200bpelos nativos para se abrigar.  Tamb\u00e9m \u00e9 poss\u00edvel percorrer o local de bicicleta, desfrutando de um percurso extremo de cornijas e barrancos.","og_url":"https:\/\/expedicionesccapcha.com\/pt-br\/producto\/catarpe\/","og_site_name":"Expediciones Ccapcha","article_modified_time":"2024-12-05T14:42:05+00:00","og_image":[{"width":1170,"height":550,"url":"https:\/\/expedicionesccapcha.com\/wp-content\/uploads\/2022\/01\/catarpe-2.jpg","type":"image\/jpeg"}],"twitter_card":"summary_large_image","schema":{"@context":"https:\/\/schema.org","@graph":[{"@type":"WebPage","@id":"https:\/\/expedicionesccapcha.com\/pt-br\/producto\/catarpe\/","url":"https:\/\/expedicionesccapcha.com\/pt-br\/producto\/catarpe\/","name":"Catarpe - Expediciones Ccapcha","isPartOf":{"@id":"https:\/\/expedicionesccapcha.com\/pt-br\/#website"},"primaryImageOfPage":{"@id":"https:\/\/expedicionesccapcha.com\/pt-br\/producto\/catarpe\/#primaryimage"},"image":{"@id":"https:\/\/expedicionesccapcha.com\/pt-br\/producto\/catarpe\/#primaryimage"},"thumbnailUrl":"https:\/\/expedicionesccapcha.com\/wp-content\/uploads\/2022\/01\/catarpe-2.jpg","datePublished":"2022-02-24T20:39:17+00:00","dateModified":"2024-12-05T14:42:05+00:00","breadcrumb":{"@id":"https:\/\/expedicionesccapcha.com\/pt-br\/producto\/catarpe\/#breadcrumb"},"inLanguage":"pt-BR","potentialAction":[{"@type":"ReadAction","target":["https:\/\/expedicionesccapcha.com\/pt-br\/producto\/catarpe\/"]}]},{"@type":"ImageObject","inLanguage":"pt-BR","@id":"https:\/\/expedicionesccapcha.com\/pt-br\/producto\/catarpe\/#primaryimage","url":"https:\/\/expedicionesccapcha.com\/wp-content\/uploads\/2022\/01\/catarpe-2.jpg","contentUrl":"https:\/\/expedicionesccapcha.com\/wp-content\/uploads\/2022\/01\/catarpe-2.jpg","width":1170,"height":550},{"@type":"BreadcrumbList","@id":"https:\/\/expedicionesccapcha.com\/pt-br\/producto\/catarpe\/#breadcrumb","itemListElement":[{"@type":"ListItem","position":1,"name":"Portada","item":"https:\/\/expedicionesccapcha.com\/pt-br\/"},{"@type":"ListItem","position":2,"name":"Loja","item":"https:\/\/expedicionesccapcha.com\/pt-br\/loja\/"},{"@type":"ListItem","position":3,"name":"Catarpe"}]},{"@type":"WebSite","@id":"https:\/\/expedicionesccapcha.com\/pt-br\/#website","url":"https:\/\/expedicionesccapcha.com\/pt-br\/","name":"Expediciones Ccapcha","description":"Ag\u00eancia de turismo San Pedro de Atacama","potentialAction":[{"@type":"SearchAction","target":{"@type":"EntryPoint","urlTemplate":"https:\/\/expedicionesccapcha.com\/pt-br\/?s={search_term_string}"},"query-input":{"@type":"PropertyValueSpecification","valueRequired":true,"valueName":"search_term_string"}}],"inLanguage":"pt-BR"}]}},"_links":{"self":[{"href":"https:\/\/expedicionesccapcha.com\/pt-br\/wp-json\/wp\/v2\/product\/2724","targetHints":{"allow":["GET"]}}],"collection":[{"href":"https:\/\/expedicionesccapcha.com\/pt-br\/wp-json\/wp\/v2\/product"}],"about":[{"href":"https:\/\/expedicionesccapcha.com\/pt-br\/wp-json\/wp\/v2\/types\/product"}],"replies":[{"embeddable":true,"href":"https:\/\/expedicionesccapcha.com\/pt-br\/wp-json\/wp\/v2\/comments?post=2724"}],"version-history":[{"count":1,"href":"https:\/\/expedicionesccapcha.com\/pt-br\/wp-json\/wp\/v2\/product\/2724\/revisions"}],"predecessor-version":[{"id":2805,"href":"https:\/\/expedicionesccapcha.com\/pt-br\/wp-json\/wp\/v2\/product\/2724\/revisions\/2805"}],"wp:featuredmedia":[{"embeddable":true,"href":"https:\/\/expedicionesccapcha.com\/pt-br\/wp-json\/wp\/v2\/media\/2622"}],"wp:attachment":[{"href":"https:\/\/expedicionesccapcha.com\/pt-br\/wp-json\/wp\/v2\/media?parent=2724"}],"wp:term":[{"taxonomy":"product_brand","embeddable":true,"href":"https:\/\/expedicionesccapcha.com\/pt-br\/wp-json\/wp\/v2\/product_brand?post=2724"},{"taxonomy":"product_cat","embeddable":true,"href":"https:\/\/expedicionesccapcha.com\/pt-br\/wp-json\/wp\/v2\/product_cat?post=2724"},{"taxonomy":"product_tag","embeddable":true,"href":"https:\/\/expedicionesccapcha.com\/pt-br\/wp-json\/wp\/v2\/product_tag?post=2724"}],"curies":[{"name":"wp","href":"https:\/\/api.w.org\/{rel}","templated":true}]}}