{"id":2416,"date":"2022-01-21T23:50:29","date_gmt":"2022-02-24T03:26:20","guid":{"rendered":"http:\/\/expedicionesccapcha.com\/producto\/lagoas-altiplanicas\/"},"modified":"2022-02-24T15:58:57","modified_gmt":"2022-02-24T15:58:57","slug":"lagoas-altiplanicas","status":"publish","type":"product","link":"https:\/\/expedicionesccapcha.com\/pt-br\/producto\/lagoas-altiplanicas\/","title":{"rendered":"Lagoas Altipl\u00e2nicas"},"content":{"rendered":"<p>As lagoas Miscanti e Me\u00f1iques pertencentes \u00e0 Reserva Nacional Los Flamencos caracterizam-se por ter vulc\u00f5es e relevos montanhosos como o Cerro Miscanti e o Vulc\u00e3o Me\u00f1iques. Al\u00e9m dos flamingos, abundam esp\u00e9cies como o Tagua Chifre, Parinas Chicas, Cait\u00ed, Baird&#8217;s Playero, Puna Plover, Pato Juarjual e o Guallata. A flora \u00e9 composta principalmente pela Llareta e pela Paja Brava. Ambas lagoas nascem gra\u00e7as \u00e0s \u00e1guas subterr\u00e2neas do derretimento do gelo.<\/p>\n","protected":false},"excerpt":{"rendered":"<p>Nesta expedi\u00e7\u00e3o visitaremos: Toconao (Kunza Rincon Perdido) apaixona por sua simplicidade, calma de seu povo, clima especial, bela arquitetura e artesanato; Visitaremos a \u00e1rea marginal do Salar de Atacama conhecida como Laguna Chaxa localizada na Reserva Nacional do Setor Soncor Los Flamencos. Mais tarde, seguimos em dire\u00e7\u00e3o ao Sudeste (Cordilheira dos Andes) para nos estabelecermos em uma cidade altipl\u00e2nica chamada Socaire, visitamos sua igreja e aprendemos sobre sua agricultura. Uma vez instalados nos Andes, fomos aproximadamente A 4200 metros acima do n\u00edvel do mar para conhecer as lagoas Miscanti e Me\u00f1iques pertencentes \u00e0 Reserva Nacional Los Flamencos, aqui veremos vulc\u00f5es e relevos montanhosos como o Cerro Miscanti e o vulc\u00e3o Me\u00f1iques.<\/p>\n","protected":false},"featured_media":2660,"comment_status":"closed","ping_status":"closed","template":"","meta":{"_acf_changed":false},"product_brand":[],"product_cat":[64,62],"product_tag":[],"class_list":{"0":"post-2416","1":"product","2":"type-product","3":"status-publish","4":"has-post-thumbnail","6":"product_cat-clasicos-pt-br","7":"product_cat-passeios","9":"first","10":"instock","11":"virtual","12":"sold-individually","13":"purchasable","14":"product-type-booking"},"booking_location":"","booking_location_type":"","booking_duration":1,"booking_duration_unit":"day","booking_buffer":0,"booking_cost":46.2000000000000028421709430404007434844970703125,"booking_resources":[],"exclude_global_add_ons":[],"addons":[],"acf":[],"yoast_head":"<!-- This site is optimized with the Yoast SEO plugin v26.7 - https:\/\/yoast.com\/wordpress\/plugins\/seo\/ -->\n<title>Lagoas Altipl\u00e2nicas - Expediciones Ccapcha<\/title>\n<meta name=\"robots\" content=\"index, follow, max-snippet:-1, max-image-preview:large, max-video-preview:-1\" \/>\n<link rel=\"canonical\" href=\"https:\/\/expedicionesccapcha.com\/pt-br\/producto\/lagoas-altiplanicas\/\" \/>\n<meta property=\"og:locale\" content=\"pt_BR\" \/>\n<meta property=\"og:type\" content=\"article\" \/>\n<meta property=\"og:title\" content=\"Lagoas Altipl\u00e2nicas - Expediciones Ccapcha\" \/>\n<meta property=\"og:description\" content=\"Nesta expedi\u00e7\u00e3o visitaremos: Toconao (Kunza Rincon Perdido) apaixona por sua simplicidade, calma de seu povo, clima especial, bela arquitetura e artesanato; Visitaremos a \u00e1rea marginal do Salar de Atacama conhecida como Laguna Chaxa localizada na Reserva Nacional do Setor Soncor Los Flamencos. Mais tarde, seguimos em dire\u00e7\u00e3o ao Sudeste (Cordilheira dos Andes) para nos estabelecermos em uma cidade altipl\u00e2nica chamada Socaire, visitamos sua igreja e aprendemos sobre sua agricultura. Uma vez instalados nos Andes, fomos aproximadamente A 4200 metros acima do n\u00edvel do mar para conhecer as lagoas Miscanti e Me\u00f1iques pertencentes \u00e0 Reserva Nacional Los Flamencos, aqui veremos vulc\u00f5es e relevos montanhosos como o Cerro Miscanti e o vulc\u00e3o Me\u00f1iques.\" \/>\n<meta property=\"og:url\" content=\"https:\/\/expedicionesccapcha.com\/pt-br\/producto\/lagoas-altiplanicas\/\" \/>\n<meta property=\"og:site_name\" content=\"Expediciones Ccapcha\" \/>\n<meta property=\"article:modified_time\" content=\"2022-02-24T15:58:57+00:00\" \/>\n<meta property=\"og:image\" content=\"https:\/\/expedicionesccapcha.com\/wp-content\/uploads\/2022\/01\/paisajelaguna_cerrolagunaazul_altiplanicas_ccapcha_expediciones.jpg\" \/>\n\t<meta property=\"og:image:width\" content=\"1170\" \/>\n\t<meta property=\"og:image:height\" content=\"550\" \/>\n\t<meta property=\"og:image:type\" content=\"image\/jpeg\" \/>\n<meta name=\"twitter:card\" content=\"summary_large_image\" \/>\n<script type=\"application\/ld+json\" class=\"yoast-schema-graph\">{\"@context\":\"https:\/\/schema.org\",\"@graph\":[{\"@type\":\"WebPage\",\"@id\":\"https:\/\/expedicionesccapcha.com\/pt-br\/producto\/lagoas-altiplanicas\/\",\"url\":\"https:\/\/expedicionesccapcha.com\/pt-br\/producto\/lagoas-altiplanicas\/\",\"name\":\"Lagoas Altipl\u00e2nicas - Expediciones Ccapcha\",\"isPartOf\":{\"@id\":\"https:\/\/expedicionesccapcha.com\/pt-br\/#website\"},\"primaryImageOfPage\":{\"@id\":\"https:\/\/expedicionesccapcha.com\/pt-br\/producto\/lagoas-altiplanicas\/#primaryimage\"},\"image\":{\"@id\":\"https:\/\/expedicionesccapcha.com\/pt-br\/producto\/lagoas-altiplanicas\/#primaryimage\"},\"thumbnailUrl\":\"https:\/\/expedicionesccapcha.com\/wp-content\/uploads\/2022\/01\/paisajelaguna_cerrolagunaazul_altiplanicas_ccapcha_expediciones.jpg\",\"datePublished\":\"2022-02-24T03:26:20+00:00\",\"dateModified\":\"2022-02-24T15:58:57+00:00\",\"breadcrumb\":{\"@id\":\"https:\/\/expedicionesccapcha.com\/pt-br\/producto\/lagoas-altiplanicas\/#breadcrumb\"},\"inLanguage\":\"pt-BR\",\"potentialAction\":[{\"@type\":\"ReadAction\",\"target\":[\"https:\/\/expedicionesccapcha.com\/pt-br\/producto\/lagoas-altiplanicas\/\"]}]},{\"@type\":\"ImageObject\",\"inLanguage\":\"pt-BR\",\"@id\":\"https:\/\/expedicionesccapcha.com\/pt-br\/producto\/lagoas-altiplanicas\/#primaryimage\",\"url\":\"https:\/\/expedicionesccapcha.com\/wp-content\/uploads\/2022\/01\/paisajelaguna_cerrolagunaazul_altiplanicas_ccapcha_expediciones.jpg\",\"contentUrl\":\"https:\/\/expedicionesccapcha.com\/wp-content\/uploads\/2022\/01\/paisajelaguna_cerrolagunaazul_altiplanicas_ccapcha_expediciones.jpg\",\"width\":1170,\"height\":550},{\"@type\":\"BreadcrumbList\",\"@id\":\"https:\/\/expedicionesccapcha.com\/pt-br\/producto\/lagoas-altiplanicas\/#breadcrumb\",\"itemListElement\":[{\"@type\":\"ListItem\",\"position\":1,\"name\":\"Portada\",\"item\":\"https:\/\/expedicionesccapcha.com\/pt-br\/\"},{\"@type\":\"ListItem\",\"position\":2,\"name\":\"Loja\",\"item\":\"https:\/\/expedicionesccapcha.com\/pt-br\/loja\/\"},{\"@type\":\"ListItem\",\"position\":3,\"name\":\"Lagoas Altipl\u00e2nicas\"}]},{\"@type\":\"WebSite\",\"@id\":\"https:\/\/expedicionesccapcha.com\/pt-br\/#website\",\"url\":\"https:\/\/expedicionesccapcha.com\/pt-br\/\",\"name\":\"Expediciones Ccapcha\",\"description\":\"Ag\u00eancia de turismo San Pedro de Atacama\",\"potentialAction\":[{\"@type\":\"SearchAction\",\"target\":{\"@type\":\"EntryPoint\",\"urlTemplate\":\"https:\/\/expedicionesccapcha.com\/pt-br\/?s={search_term_string}\"},\"query-input\":{\"@type\":\"PropertyValueSpecification\",\"valueRequired\":true,\"valueName\":\"search_term_string\"}}],\"inLanguage\":\"pt-BR\"}]}<\/script>\n<!-- \/ Yoast SEO plugin. -->","yoast_head_json":{"title":"Lagoas Altipl\u00e2nicas - Expediciones Ccapcha","robots":{"index":"index","follow":"follow","max-snippet":"max-snippet:-1","max-image-preview":"max-image-preview:large","max-video-preview":"max-video-preview:-1"},"canonical":"https:\/\/expedicionesccapcha.com\/pt-br\/producto\/lagoas-altiplanicas\/","og_locale":"pt_BR","og_type":"article","og_title":"Lagoas Altipl\u00e2nicas - Expediciones Ccapcha","og_description":"Nesta expedi\u00e7\u00e3o visitaremos: Toconao (Kunza Rincon Perdido) apaixona por sua simplicidade, calma de seu povo, clima especial, bela arquitetura e artesanato; Visitaremos a \u00e1rea marginal do Salar de Atacama conhecida como Laguna Chaxa localizada na Reserva Nacional do Setor Soncor Los Flamencos. Mais tarde, seguimos em dire\u00e7\u00e3o ao Sudeste (Cordilheira dos Andes) para nos estabelecermos em uma cidade altipl\u00e2nica chamada Socaire, visitamos sua igreja e aprendemos sobre sua agricultura. Uma vez instalados nos Andes, fomos aproximadamente A 4200 metros acima do n\u00edvel do mar para conhecer as lagoas Miscanti e Me\u00f1iques pertencentes \u00e0 Reserva Nacional Los Flamencos, aqui veremos vulc\u00f5es e relevos montanhosos como o Cerro Miscanti e o vulc\u00e3o Me\u00f1iques.","og_url":"https:\/\/expedicionesccapcha.com\/pt-br\/producto\/lagoas-altiplanicas\/","og_site_name":"Expediciones Ccapcha","article_modified_time":"2022-02-24T15:58:57+00:00","og_image":[{"width":1170,"height":550,"url":"https:\/\/expedicionesccapcha.com\/wp-content\/uploads\/2022\/01\/paisajelaguna_cerrolagunaazul_altiplanicas_ccapcha_expediciones.jpg","type":"image\/jpeg"}],"twitter_card":"summary_large_image","schema":{"@context":"https:\/\/schema.org","@graph":[{"@type":"WebPage","@id":"https:\/\/expedicionesccapcha.com\/pt-br\/producto\/lagoas-altiplanicas\/","url":"https:\/\/expedicionesccapcha.com\/pt-br\/producto\/lagoas-altiplanicas\/","name":"Lagoas Altipl\u00e2nicas - Expediciones Ccapcha","isPartOf":{"@id":"https:\/\/expedicionesccapcha.com\/pt-br\/#website"},"primaryImageOfPage":{"@id":"https:\/\/expedicionesccapcha.com\/pt-br\/producto\/lagoas-altiplanicas\/#primaryimage"},"image":{"@id":"https:\/\/expedicionesccapcha.com\/pt-br\/producto\/lagoas-altiplanicas\/#primaryimage"},"thumbnailUrl":"https:\/\/expedicionesccapcha.com\/wp-content\/uploads\/2022\/01\/paisajelaguna_cerrolagunaazul_altiplanicas_ccapcha_expediciones.jpg","datePublished":"2022-02-24T03:26:20+00:00","dateModified":"2022-02-24T15:58:57+00:00","breadcrumb":{"@id":"https:\/\/expedicionesccapcha.com\/pt-br\/producto\/lagoas-altiplanicas\/#breadcrumb"},"inLanguage":"pt-BR","potentialAction":[{"@type":"ReadAction","target":["https:\/\/expedicionesccapcha.com\/pt-br\/producto\/lagoas-altiplanicas\/"]}]},{"@type":"ImageObject","inLanguage":"pt-BR","@id":"https:\/\/expedicionesccapcha.com\/pt-br\/producto\/lagoas-altiplanicas\/#primaryimage","url":"https:\/\/expedicionesccapcha.com\/wp-content\/uploads\/2022\/01\/paisajelaguna_cerrolagunaazul_altiplanicas_ccapcha_expediciones.jpg","contentUrl":"https:\/\/expedicionesccapcha.com\/wp-content\/uploads\/2022\/01\/paisajelaguna_cerrolagunaazul_altiplanicas_ccapcha_expediciones.jpg","width":1170,"height":550},{"@type":"BreadcrumbList","@id":"https:\/\/expedicionesccapcha.com\/pt-br\/producto\/lagoas-altiplanicas\/#breadcrumb","itemListElement":[{"@type":"ListItem","position":1,"name":"Portada","item":"https:\/\/expedicionesccapcha.com\/pt-br\/"},{"@type":"ListItem","position":2,"name":"Loja","item":"https:\/\/expedicionesccapcha.com\/pt-br\/loja\/"},{"@type":"ListItem","position":3,"name":"Lagoas Altipl\u00e2nicas"}]},{"@type":"WebSite","@id":"https:\/\/expedicionesccapcha.com\/pt-br\/#website","url":"https:\/\/expedicionesccapcha.com\/pt-br\/","name":"Expediciones Ccapcha","description":"Ag\u00eancia de turismo San Pedro de Atacama","potentialAction":[{"@type":"SearchAction","target":{"@type":"EntryPoint","urlTemplate":"https:\/\/expedicionesccapcha.com\/pt-br\/?s={search_term_string}"},"query-input":{"@type":"PropertyValueSpecification","valueRequired":true,"valueName":"search_term_string"}}],"inLanguage":"pt-BR"}]}},"_links":{"self":[{"href":"https:\/\/expedicionesccapcha.com\/pt-br\/wp-json\/wp\/v2\/product\/2416","targetHints":{"allow":["GET"]}}],"collection":[{"href":"https:\/\/expedicionesccapcha.com\/pt-br\/wp-json\/wp\/v2\/product"}],"about":[{"href":"https:\/\/expedicionesccapcha.com\/pt-br\/wp-json\/wp\/v2\/types\/product"}],"replies":[{"embeddable":true,"href":"https:\/\/expedicionesccapcha.com\/pt-br\/wp-json\/wp\/v2\/comments?post=2416"}],"version-history":[{"count":1,"href":"https:\/\/expedicionesccapcha.com\/pt-br\/wp-json\/wp\/v2\/product\/2416\/revisions"}],"predecessor-version":[{"id":2418,"href":"https:\/\/expedicionesccapcha.com\/pt-br\/wp-json\/wp\/v2\/product\/2416\/revisions\/2418"}],"wp:featuredmedia":[{"embeddable":true,"href":"https:\/\/expedicionesccapcha.com\/pt-br\/wp-json\/wp\/v2\/media\/2660"}],"wp:attachment":[{"href":"https:\/\/expedicionesccapcha.com\/pt-br\/wp-json\/wp\/v2\/media?parent=2416"}],"wp:term":[{"taxonomy":"product_brand","embeddable":true,"href":"https:\/\/expedicionesccapcha.com\/pt-br\/wp-json\/wp\/v2\/product_brand?post=2416"},{"taxonomy":"product_cat","embeddable":true,"href":"https:\/\/expedicionesccapcha.com\/pt-br\/wp-json\/wp\/v2\/product_cat?post=2416"},{"taxonomy":"product_tag","embeddable":true,"href":"https:\/\/expedicionesccapcha.com\/pt-br\/wp-json\/wp\/v2\/product_tag?post=2416"}],"curies":[{"name":"wp","href":"https:\/\/api.w.org\/{rel}","templated":true}]}}