{"id":2414,"date":"2022-02-15T23:24:33","date_gmt":"2022-02-24T03:05:49","guid":{"rendered":"http:\/\/expedicionesccapcha.com\/producto\/lagoas-altiplanicas-e-piedras-rojas\/"},"modified":"2024-12-05T14:21:31","modified_gmt":"2024-12-05T14:21:31","slug":"lagunas-altiplanicas-y-piedras-rojas","status":"publish","type":"product","link":"https:\/\/expedicionesccapcha.com\/pt-br\/producto\/lagunas-altiplanicas-y-piedras-rojas\/","title":{"rendered":"Lagoas Altipl\u00e2nicas e Piedras Vermelhas"},"content":{"rendered":"<p>Uma atividade de grande import\u00e2ncia geol\u00f3gica, biol\u00f3gica e cultural em uma rota para a Cordilheira dos Andes onde podemos observar cidades originais do deserto de Atacama, sua arquitetura e hist\u00f3ria, o grande salar com sua popula\u00e7\u00e3o de flamingos, lagoas de altitude acima de 4000 metros acima n\u00edvel do mar. Al\u00e9m de encontrar as forma\u00e7\u00f5es geol\u00f3gicas de pedras vermelhas, uma paisagem inesquec\u00edvel trazida de outro planeta.<\/p>\n","protected":false},"excerpt":{"rendered":"<p>Nesta expedi\u00e7\u00e3o visitaremos: Toconao (Canto Perdido do Kunza) apaixona por sua simplicidade, calma de seu povo, clima especial, bela arquitetura e artesanato; Visitaremos a \u00e1rea marginal do Salar de Atacama conhecida como Laguna Chaxa localizada na Reserva Nacional do Setor Solcor Los Flamenco Mais tarde, seguimos em dire\u00e7\u00e3o ao Sudeste (Cordilheira dos Andes) para nos estabelecermos em uma cidade altipl\u00e2nica chamada Socaire, visitamos sua igreja e aprendemos sobre sua agricultura. Uma vez instalados nos Andes, fomos aproximadamente A 4200 metros acima do n\u00edvel do mar para conhecer Lagunas Miscanti e Mi\u00f1iques.<\/p>\n<p>Continuando pelas encostas dos Andes do Sul, seguimos para o Salar de Talar, conhecido turisticamente como Piedras Rojas, um local onde as rochas est\u00e3o sujeitas \u00e0 oxida\u00e7\u00e3o e intemperismo natural, o que faz com que essas cores se percam na intensidade dos Andes.<\/p>\n","protected":false},"featured_media":5287,"comment_status":"closed","ping_status":"closed","template":"","meta":{"_acf_changed":false},"product_brand":[],"product_cat":[64,62],"product_tag":[],"class_list":{"0":"post-2414","1":"product","2":"type-product","3":"status-publish","4":"has-post-thumbnail","6":"product_cat-clasicos-pt-br","7":"product_cat-passeios","9":"first","10":"instock","11":"virtual","12":"sold-individually","13":"purchasable","14":"product-type-booking"},"booking_location":"","booking_location_type":"","booking_duration":1,"booking_duration_unit":"day","booking_buffer":0,"booking_cost":77,"booking_resources":[],"exclude_global_add_ons":[],"addons":[],"acf":[],"yoast_head":"<!-- This site is optimized with the Yoast SEO plugin v26.7 - https:\/\/yoast.com\/wordpress\/plugins\/seo\/ -->\n<title>Lagoas Altipl\u00e2nicas e Piedras Vermelhas - Expediciones Ccapcha<\/title>\n<meta name=\"robots\" content=\"index, follow, max-snippet:-1, max-image-preview:large, max-video-preview:-1\" \/>\n<link rel=\"canonical\" href=\"https:\/\/expedicionesccapcha.com\/pt-br\/producto\/lagunas-altiplanicas-y-piedras-rojas\/\" \/>\n<meta property=\"og:locale\" content=\"pt_BR\" \/>\n<meta property=\"og:type\" content=\"article\" \/>\n<meta property=\"og:title\" content=\"Lagoas Altipl\u00e2nicas e Piedras Vermelhas - Expediciones Ccapcha\" \/>\n<meta property=\"og:description\" content=\"Nesta expedi\u00e7\u00e3o visitaremos: Toconao (Canto Perdido do Kunza) apaixona por sua simplicidade, calma de seu povo, clima especial, bela arquitetura e artesanato; Visitaremos a \u00e1rea marginal do Salar de Atacama conhecida como Laguna Chaxa localizada na Reserva Nacional do Setor Solcor Los Flamenco Mais tarde, seguimos em dire\u00e7\u00e3o ao Sudeste (Cordilheira dos Andes) para nos estabelecermos em uma cidade altipl\u00e2nica chamada Socaire, visitamos sua igreja e aprendemos sobre sua agricultura. Uma vez instalados nos Andes, fomos aproximadamente A 4200 metros acima do n\u00edvel do mar para conhecer Lagunas Miscanti e Mi\u00f1iques. Continuando pelas encostas dos Andes do Sul, seguimos para o Salar de Talar, conhecido turisticamente como Piedras Rojas, um local onde as rochas est\u00e3o sujeitas \u00e0 oxida\u00e7\u00e3o e intemperismo natural, o que faz com que essas cores se percam na intensidade dos Andes.\" \/>\n<meta property=\"og:url\" content=\"https:\/\/expedicionesccapcha.com\/pt-br\/producto\/lagunas-altiplanicas-y-piedras-rojas\/\" \/>\n<meta property=\"og:site_name\" content=\"Expediciones Ccapcha\" \/>\n<meta property=\"article:modified_time\" content=\"2024-12-05T14:21:31+00:00\" \/>\n<meta property=\"og:image\" content=\"https:\/\/expedicionesccapcha.com\/wp-content\/uploads\/2022\/02\/DSC_5269.jpg\" \/>\n\t<meta property=\"og:image:width\" content=\"1280\" \/>\n\t<meta property=\"og:image:height\" content=\"685\" \/>\n\t<meta property=\"og:image:type\" content=\"image\/jpeg\" \/>\n<meta name=\"twitter:card\" content=\"summary_large_image\" \/>\n<script type=\"application\/ld+json\" class=\"yoast-schema-graph\">{\"@context\":\"https:\/\/schema.org\",\"@graph\":[{\"@type\":\"WebPage\",\"@id\":\"https:\/\/expedicionesccapcha.com\/pt-br\/producto\/lagunas-altiplanicas-y-piedras-rojas\/\",\"url\":\"https:\/\/expedicionesccapcha.com\/pt-br\/producto\/lagunas-altiplanicas-y-piedras-rojas\/\",\"name\":\"Lagoas Altipl\u00e2nicas e Piedras Vermelhas - Expediciones Ccapcha\",\"isPartOf\":{\"@id\":\"https:\/\/expedicionesccapcha.com\/pt-br\/#website\"},\"primaryImageOfPage\":{\"@id\":\"https:\/\/expedicionesccapcha.com\/pt-br\/producto\/lagunas-altiplanicas-y-piedras-rojas\/#primaryimage\"},\"image\":{\"@id\":\"https:\/\/expedicionesccapcha.com\/pt-br\/producto\/lagunas-altiplanicas-y-piedras-rojas\/#primaryimage\"},\"thumbnailUrl\":\"https:\/\/expedicionesccapcha.com\/wp-content\/uploads\/2022\/02\/DSC_5269.jpg\",\"datePublished\":\"2022-02-24T03:05:49+00:00\",\"dateModified\":\"2024-12-05T14:21:31+00:00\",\"breadcrumb\":{\"@id\":\"https:\/\/expedicionesccapcha.com\/pt-br\/producto\/lagunas-altiplanicas-y-piedras-rojas\/#breadcrumb\"},\"inLanguage\":\"pt-BR\",\"potentialAction\":[{\"@type\":\"ReadAction\",\"target\":[\"https:\/\/expedicionesccapcha.com\/pt-br\/producto\/lagunas-altiplanicas-y-piedras-rojas\/\"]}]},{\"@type\":\"ImageObject\",\"inLanguage\":\"pt-BR\",\"@id\":\"https:\/\/expedicionesccapcha.com\/pt-br\/producto\/lagunas-altiplanicas-y-piedras-rojas\/#primaryimage\",\"url\":\"https:\/\/expedicionesccapcha.com\/wp-content\/uploads\/2022\/02\/DSC_5269.jpg\",\"contentUrl\":\"https:\/\/expedicionesccapcha.com\/wp-content\/uploads\/2022\/02\/DSC_5269.jpg\",\"width\":1280,\"height\":685},{\"@type\":\"BreadcrumbList\",\"@id\":\"https:\/\/expedicionesccapcha.com\/pt-br\/producto\/lagunas-altiplanicas-y-piedras-rojas\/#breadcrumb\",\"itemListElement\":[{\"@type\":\"ListItem\",\"position\":1,\"name\":\"Portada\",\"item\":\"https:\/\/expedicionesccapcha.com\/pt-br\/\"},{\"@type\":\"ListItem\",\"position\":2,\"name\":\"Loja\",\"item\":\"https:\/\/expedicionesccapcha.com\/pt-br\/loja\/\"},{\"@type\":\"ListItem\",\"position\":3,\"name\":\"Lagoas Altipl\u00e2nicas e Piedras Vermelhas\"}]},{\"@type\":\"WebSite\",\"@id\":\"https:\/\/expedicionesccapcha.com\/pt-br\/#website\",\"url\":\"https:\/\/expedicionesccapcha.com\/pt-br\/\",\"name\":\"Expediciones Ccapcha\",\"description\":\"Ag\u00eancia de turismo San Pedro de Atacama\",\"potentialAction\":[{\"@type\":\"SearchAction\",\"target\":{\"@type\":\"EntryPoint\",\"urlTemplate\":\"https:\/\/expedicionesccapcha.com\/pt-br\/?s={search_term_string}\"},\"query-input\":{\"@type\":\"PropertyValueSpecification\",\"valueRequired\":true,\"valueName\":\"search_term_string\"}}],\"inLanguage\":\"pt-BR\"}]}<\/script>\n<!-- \/ Yoast SEO plugin. -->","yoast_head_json":{"title":"Lagoas Altipl\u00e2nicas e Piedras Vermelhas - Expediciones Ccapcha","robots":{"index":"index","follow":"follow","max-snippet":"max-snippet:-1","max-image-preview":"max-image-preview:large","max-video-preview":"max-video-preview:-1"},"canonical":"https:\/\/expedicionesccapcha.com\/pt-br\/producto\/lagunas-altiplanicas-y-piedras-rojas\/","og_locale":"pt_BR","og_type":"article","og_title":"Lagoas Altipl\u00e2nicas e Piedras Vermelhas - Expediciones Ccapcha","og_description":"Nesta expedi\u00e7\u00e3o visitaremos: Toconao (Canto Perdido do Kunza) apaixona por sua simplicidade, calma de seu povo, clima especial, bela arquitetura e artesanato; Visitaremos a \u00e1rea marginal do Salar de Atacama conhecida como Laguna Chaxa localizada na Reserva Nacional do Setor Solcor Los Flamenco Mais tarde, seguimos em dire\u00e7\u00e3o ao Sudeste (Cordilheira dos Andes) para nos estabelecermos em uma cidade altipl\u00e2nica chamada Socaire, visitamos sua igreja e aprendemos sobre sua agricultura. Uma vez instalados nos Andes, fomos aproximadamente A 4200 metros acima do n\u00edvel do mar para conhecer Lagunas Miscanti e Mi\u00f1iques. Continuando pelas encostas dos Andes do Sul, seguimos para o Salar de Talar, conhecido turisticamente como Piedras Rojas, um local onde as rochas est\u00e3o sujeitas \u00e0 oxida\u00e7\u00e3o e intemperismo natural, o que faz com que essas cores se percam na intensidade dos Andes.","og_url":"https:\/\/expedicionesccapcha.com\/pt-br\/producto\/lagunas-altiplanicas-y-piedras-rojas\/","og_site_name":"Expediciones Ccapcha","article_modified_time":"2024-12-05T14:21:31+00:00","og_image":[{"width":1280,"height":685,"url":"https:\/\/expedicionesccapcha.com\/wp-content\/uploads\/2022\/02\/DSC_5269.jpg","type":"image\/jpeg"}],"twitter_card":"summary_large_image","schema":{"@context":"https:\/\/schema.org","@graph":[{"@type":"WebPage","@id":"https:\/\/expedicionesccapcha.com\/pt-br\/producto\/lagunas-altiplanicas-y-piedras-rojas\/","url":"https:\/\/expedicionesccapcha.com\/pt-br\/producto\/lagunas-altiplanicas-y-piedras-rojas\/","name":"Lagoas Altipl\u00e2nicas e Piedras Vermelhas - Expediciones Ccapcha","isPartOf":{"@id":"https:\/\/expedicionesccapcha.com\/pt-br\/#website"},"primaryImageOfPage":{"@id":"https:\/\/expedicionesccapcha.com\/pt-br\/producto\/lagunas-altiplanicas-y-piedras-rojas\/#primaryimage"},"image":{"@id":"https:\/\/expedicionesccapcha.com\/pt-br\/producto\/lagunas-altiplanicas-y-piedras-rojas\/#primaryimage"},"thumbnailUrl":"https:\/\/expedicionesccapcha.com\/wp-content\/uploads\/2022\/02\/DSC_5269.jpg","datePublished":"2022-02-24T03:05:49+00:00","dateModified":"2024-12-05T14:21:31+00:00","breadcrumb":{"@id":"https:\/\/expedicionesccapcha.com\/pt-br\/producto\/lagunas-altiplanicas-y-piedras-rojas\/#breadcrumb"},"inLanguage":"pt-BR","potentialAction":[{"@type":"ReadAction","target":["https:\/\/expedicionesccapcha.com\/pt-br\/producto\/lagunas-altiplanicas-y-piedras-rojas\/"]}]},{"@type":"ImageObject","inLanguage":"pt-BR","@id":"https:\/\/expedicionesccapcha.com\/pt-br\/producto\/lagunas-altiplanicas-y-piedras-rojas\/#primaryimage","url":"https:\/\/expedicionesccapcha.com\/wp-content\/uploads\/2022\/02\/DSC_5269.jpg","contentUrl":"https:\/\/expedicionesccapcha.com\/wp-content\/uploads\/2022\/02\/DSC_5269.jpg","width":1280,"height":685},{"@type":"BreadcrumbList","@id":"https:\/\/expedicionesccapcha.com\/pt-br\/producto\/lagunas-altiplanicas-y-piedras-rojas\/#breadcrumb","itemListElement":[{"@type":"ListItem","position":1,"name":"Portada","item":"https:\/\/expedicionesccapcha.com\/pt-br\/"},{"@type":"ListItem","position":2,"name":"Loja","item":"https:\/\/expedicionesccapcha.com\/pt-br\/loja\/"},{"@type":"ListItem","position":3,"name":"Lagoas Altipl\u00e2nicas e Piedras Vermelhas"}]},{"@type":"WebSite","@id":"https:\/\/expedicionesccapcha.com\/pt-br\/#website","url":"https:\/\/expedicionesccapcha.com\/pt-br\/","name":"Expediciones Ccapcha","description":"Ag\u00eancia de turismo San Pedro de Atacama","potentialAction":[{"@type":"SearchAction","target":{"@type":"EntryPoint","urlTemplate":"https:\/\/expedicionesccapcha.com\/pt-br\/?s={search_term_string}"},"query-input":{"@type":"PropertyValueSpecification","valueRequired":true,"valueName":"search_term_string"}}],"inLanguage":"pt-BR"}]}},"_links":{"self":[{"href":"https:\/\/expedicionesccapcha.com\/pt-br\/wp-json\/wp\/v2\/product\/2414","targetHints":{"allow":["GET"]}}],"collection":[{"href":"https:\/\/expedicionesccapcha.com\/pt-br\/wp-json\/wp\/v2\/product"}],"about":[{"href":"https:\/\/expedicionesccapcha.com\/pt-br\/wp-json\/wp\/v2\/types\/product"}],"replies":[{"embeddable":true,"href":"https:\/\/expedicionesccapcha.com\/pt-br\/wp-json\/wp\/v2\/comments?post=2414"}],"version-history":[{"count":2,"href":"https:\/\/expedicionesccapcha.com\/pt-br\/wp-json\/wp\/v2\/product\/2414\/revisions"}],"predecessor-version":[{"id":2796,"href":"https:\/\/expedicionesccapcha.com\/pt-br\/wp-json\/wp\/v2\/product\/2414\/revisions\/2796"}],"wp:featuredmedia":[{"embeddable":true,"href":"https:\/\/expedicionesccapcha.com\/pt-br\/wp-json\/wp\/v2\/media\/5287"}],"wp:attachment":[{"href":"https:\/\/expedicionesccapcha.com\/pt-br\/wp-json\/wp\/v2\/media?parent=2414"}],"wp:term":[{"taxonomy":"product_brand","embeddable":true,"href":"https:\/\/expedicionesccapcha.com\/pt-br\/wp-json\/wp\/v2\/product_brand?post=2414"},{"taxonomy":"product_cat","embeddable":true,"href":"https:\/\/expedicionesccapcha.com\/pt-br\/wp-json\/wp\/v2\/product_cat?post=2414"},{"taxonomy":"product_tag","embeddable":true,"href":"https:\/\/expedicionesccapcha.com\/pt-br\/wp-json\/wp\/v2\/product_tag?post=2414"}],"curies":[{"name":"wp","href":"https:\/\/api.w.org\/{rel}","templated":true}]}}