{"id":2404,"date":"2022-02-15T23:26:14","date_gmt":"2022-02-24T02:37:13","guid":{"rendered":"http:\/\/expedicionesccapcha.com\/producto\/vale-da-lua\/"},"modified":"2024-12-05T14:18:59","modified_gmt":"2024-12-05T14:18:59","slug":"vale-da-lua","status":"publish","type":"product","link":"https:\/\/expedicionesccapcha.com\/pt-br\/producto\/vale-da-lua\/","title":{"rendered":"Vale da lua"},"content":{"rendered":"<p>Na Cordilheira do Sal podemos encontrar esta maravilha da geologia. Anteriormente conhecido como Las Salinas, hoje conhecido mundialmente como o Vale da Lua, \u00e9 um conjunto de paisagens de beleza incompar\u00e1vel que lembram a paisagem lunar, \u00e0 qual deve seu nome. Em 1982 foi declarado Santu\u00e1rio da Natureza e faz parte da Reserva Nacional Los Flamencos, onde se pode ver um espet\u00e1culo geol\u00f3gico de grande interesse, especialmente ao nascer e ao p\u00f4r do sol.<\/p>\n","protected":false},"excerpt":{"rendered":"<p>Durante sua visita voc\u00ea poder\u00e1 contemplar: as famosas forma\u00e7\u00f5es naturais conhecidas como Los Tres Vigilantes hoje chamadas Las Tres Mar\u00edas e o Anfiteatro, La Dunamaior; majestoso corpo de areia e a Quebrada Honda onde se encontra a famosa Piedra Coiote<\/p>\n","protected":false},"featured_media":2405,"comment_status":"closed","ping_status":"closed","template":"","meta":{"_acf_changed":false},"product_brand":[],"product_cat":[64,62],"product_tag":[],"class_list":{"0":"post-2404","1":"product","2":"type-product","3":"status-publish","4":"has-post-thumbnail","6":"product_cat-clasicos-pt-br","7":"product_cat-passeios","9":"first","10":"instock","11":"virtual","12":"sold-individually","13":"purchasable","14":"product-type-booking"},"booking_location":"","booking_location_type":"","booking_duration":1,"booking_duration_unit":"day","booking_buffer":0,"booking_cost":44,"booking_resources":[],"exclude_global_add_ons":[],"addons":[],"acf":[],"yoast_head":"<!-- This site is optimized with the Yoast SEO plugin v26.7 - https:\/\/yoast.com\/wordpress\/plugins\/seo\/ -->\n<title>Vale da lua - Expediciones Ccapcha<\/title>\n<meta name=\"robots\" content=\"index, follow, max-snippet:-1, max-image-preview:large, max-video-preview:-1\" \/>\n<link rel=\"canonical\" href=\"https:\/\/expedicionesccapcha.com\/pt-br\/producto\/vale-da-lua\/\" \/>\n<meta property=\"og:locale\" content=\"pt_BR\" \/>\n<meta property=\"og:type\" content=\"article\" \/>\n<meta property=\"og:title\" content=\"Vale da lua - Expediciones Ccapcha\" \/>\n<meta property=\"og:description\" content=\"Durante sua visita voc\u00ea poder\u00e1 contemplar: as famosas forma\u00e7\u00f5es naturais conhecidas como Los Tres Vigilantes hoje chamadas Las Tres Mar\u00edas e o Anfiteatro, La Dunamaior; majestoso corpo de areia e a Quebrada Honda onde se encontra a famosa Piedra Coiote\" \/>\n<meta property=\"og:url\" content=\"https:\/\/expedicionesccapcha.com\/pt-br\/producto\/vale-da-lua\/\" \/>\n<meta property=\"og:site_name\" content=\"Expediciones Ccapcha\" \/>\n<meta property=\"article:modified_time\" content=\"2024-12-05T14:18:59+00:00\" \/>\n<meta property=\"og:image\" content=\"https:\/\/expedicionesccapcha.com\/wp-content\/uploads\/2022\/02\/paisajemontanas_valledelaluna_ccapcha_expediciones.jpg\" \/>\n\t<meta property=\"og:image:width\" content=\"1170\" \/>\n\t<meta property=\"og:image:height\" content=\"550\" \/>\n\t<meta property=\"og:image:type\" content=\"image\/jpeg\" \/>\n<meta name=\"twitter:card\" content=\"summary_large_image\" \/>\n<meta name=\"twitter:label1\" content=\"Est. tempo de leitura\" \/>\n\t<meta name=\"twitter:data1\" content=\"1 minuto\" \/>\n<script type=\"application\/ld+json\" class=\"yoast-schema-graph\">{\"@context\":\"https:\/\/schema.org\",\"@graph\":[{\"@type\":\"WebPage\",\"@id\":\"https:\/\/expedicionesccapcha.com\/pt-br\/producto\/vale-da-lua\/\",\"url\":\"https:\/\/expedicionesccapcha.com\/pt-br\/producto\/vale-da-lua\/\",\"name\":\"Vale da lua - Expediciones Ccapcha\",\"isPartOf\":{\"@id\":\"https:\/\/expedicionesccapcha.com\/pt-br\/#website\"},\"primaryImageOfPage\":{\"@id\":\"https:\/\/expedicionesccapcha.com\/pt-br\/producto\/vale-da-lua\/#primaryimage\"},\"image\":{\"@id\":\"https:\/\/expedicionesccapcha.com\/pt-br\/producto\/vale-da-lua\/#primaryimage\"},\"thumbnailUrl\":\"https:\/\/expedicionesccapcha.com\/wp-content\/uploads\/2022\/02\/paisajemontanas_valledelaluna_ccapcha_expediciones.jpg\",\"datePublished\":\"2022-02-24T02:37:13+00:00\",\"dateModified\":\"2024-12-05T14:18:59+00:00\",\"breadcrumb\":{\"@id\":\"https:\/\/expedicionesccapcha.com\/pt-br\/producto\/vale-da-lua\/#breadcrumb\"},\"inLanguage\":\"pt-BR\",\"potentialAction\":[{\"@type\":\"ReadAction\",\"target\":[\"https:\/\/expedicionesccapcha.com\/pt-br\/producto\/vale-da-lua\/\"]}]},{\"@type\":\"ImageObject\",\"inLanguage\":\"pt-BR\",\"@id\":\"https:\/\/expedicionesccapcha.com\/pt-br\/producto\/vale-da-lua\/#primaryimage\",\"url\":\"https:\/\/expedicionesccapcha.com\/wp-content\/uploads\/2022\/02\/paisajemontanas_valledelaluna_ccapcha_expediciones.jpg\",\"contentUrl\":\"https:\/\/expedicionesccapcha.com\/wp-content\/uploads\/2022\/02\/paisajemontanas_valledelaluna_ccapcha_expediciones.jpg\",\"width\":1170,\"height\":550},{\"@type\":\"BreadcrumbList\",\"@id\":\"https:\/\/expedicionesccapcha.com\/pt-br\/producto\/vale-da-lua\/#breadcrumb\",\"itemListElement\":[{\"@type\":\"ListItem\",\"position\":1,\"name\":\"Portada\",\"item\":\"https:\/\/expedicionesccapcha.com\/pt-br\/\"},{\"@type\":\"ListItem\",\"position\":2,\"name\":\"Loja\",\"item\":\"https:\/\/expedicionesccapcha.com\/pt-br\/loja\/\"},{\"@type\":\"ListItem\",\"position\":3,\"name\":\"Vale da lua\"}]},{\"@type\":\"WebSite\",\"@id\":\"https:\/\/expedicionesccapcha.com\/pt-br\/#website\",\"url\":\"https:\/\/expedicionesccapcha.com\/pt-br\/\",\"name\":\"Expediciones Ccapcha\",\"description\":\"Ag\u00eancia de turismo San Pedro de Atacama\",\"potentialAction\":[{\"@type\":\"SearchAction\",\"target\":{\"@type\":\"EntryPoint\",\"urlTemplate\":\"https:\/\/expedicionesccapcha.com\/pt-br\/?s={search_term_string}\"},\"query-input\":{\"@type\":\"PropertyValueSpecification\",\"valueRequired\":true,\"valueName\":\"search_term_string\"}}],\"inLanguage\":\"pt-BR\"}]}<\/script>\n<!-- \/ Yoast SEO plugin. -->","yoast_head_json":{"title":"Vale da lua - Expediciones Ccapcha","robots":{"index":"index","follow":"follow","max-snippet":"max-snippet:-1","max-image-preview":"max-image-preview:large","max-video-preview":"max-video-preview:-1"},"canonical":"https:\/\/expedicionesccapcha.com\/pt-br\/producto\/vale-da-lua\/","og_locale":"pt_BR","og_type":"article","og_title":"Vale da lua - Expediciones Ccapcha","og_description":"Durante sua visita voc\u00ea poder\u00e1 contemplar: as famosas forma\u00e7\u00f5es naturais conhecidas como Los Tres Vigilantes hoje chamadas Las Tres Mar\u00edas e o Anfiteatro, La Dunamaior; majestoso corpo de areia e a Quebrada Honda onde se encontra a famosa Piedra Coiote","og_url":"https:\/\/expedicionesccapcha.com\/pt-br\/producto\/vale-da-lua\/","og_site_name":"Expediciones Ccapcha","article_modified_time":"2024-12-05T14:18:59+00:00","og_image":[{"width":1170,"height":550,"url":"https:\/\/expedicionesccapcha.com\/wp-content\/uploads\/2022\/02\/paisajemontanas_valledelaluna_ccapcha_expediciones.jpg","type":"image\/jpeg"}],"twitter_card":"summary_large_image","twitter_misc":{"Est. tempo de leitura":"1 minuto"},"schema":{"@context":"https:\/\/schema.org","@graph":[{"@type":"WebPage","@id":"https:\/\/expedicionesccapcha.com\/pt-br\/producto\/vale-da-lua\/","url":"https:\/\/expedicionesccapcha.com\/pt-br\/producto\/vale-da-lua\/","name":"Vale da lua - Expediciones Ccapcha","isPartOf":{"@id":"https:\/\/expedicionesccapcha.com\/pt-br\/#website"},"primaryImageOfPage":{"@id":"https:\/\/expedicionesccapcha.com\/pt-br\/producto\/vale-da-lua\/#primaryimage"},"image":{"@id":"https:\/\/expedicionesccapcha.com\/pt-br\/producto\/vale-da-lua\/#primaryimage"},"thumbnailUrl":"https:\/\/expedicionesccapcha.com\/wp-content\/uploads\/2022\/02\/paisajemontanas_valledelaluna_ccapcha_expediciones.jpg","datePublished":"2022-02-24T02:37:13+00:00","dateModified":"2024-12-05T14:18:59+00:00","breadcrumb":{"@id":"https:\/\/expedicionesccapcha.com\/pt-br\/producto\/vale-da-lua\/#breadcrumb"},"inLanguage":"pt-BR","potentialAction":[{"@type":"ReadAction","target":["https:\/\/expedicionesccapcha.com\/pt-br\/producto\/vale-da-lua\/"]}]},{"@type":"ImageObject","inLanguage":"pt-BR","@id":"https:\/\/expedicionesccapcha.com\/pt-br\/producto\/vale-da-lua\/#primaryimage","url":"https:\/\/expedicionesccapcha.com\/wp-content\/uploads\/2022\/02\/paisajemontanas_valledelaluna_ccapcha_expediciones.jpg","contentUrl":"https:\/\/expedicionesccapcha.com\/wp-content\/uploads\/2022\/02\/paisajemontanas_valledelaluna_ccapcha_expediciones.jpg","width":1170,"height":550},{"@type":"BreadcrumbList","@id":"https:\/\/expedicionesccapcha.com\/pt-br\/producto\/vale-da-lua\/#breadcrumb","itemListElement":[{"@type":"ListItem","position":1,"name":"Portada","item":"https:\/\/expedicionesccapcha.com\/pt-br\/"},{"@type":"ListItem","position":2,"name":"Loja","item":"https:\/\/expedicionesccapcha.com\/pt-br\/loja\/"},{"@type":"ListItem","position":3,"name":"Vale da lua"}]},{"@type":"WebSite","@id":"https:\/\/expedicionesccapcha.com\/pt-br\/#website","url":"https:\/\/expedicionesccapcha.com\/pt-br\/","name":"Expediciones Ccapcha","description":"Ag\u00eancia de turismo San Pedro de Atacama","potentialAction":[{"@type":"SearchAction","target":{"@type":"EntryPoint","urlTemplate":"https:\/\/expedicionesccapcha.com\/pt-br\/?s={search_term_string}"},"query-input":{"@type":"PropertyValueSpecification","valueRequired":true,"valueName":"search_term_string"}}],"inLanguage":"pt-BR"}]}},"_links":{"self":[{"href":"https:\/\/expedicionesccapcha.com\/pt-br\/wp-json\/wp\/v2\/product\/2404","targetHints":{"allow":["GET"]}}],"collection":[{"href":"https:\/\/expedicionesccapcha.com\/pt-br\/wp-json\/wp\/v2\/product"}],"about":[{"href":"https:\/\/expedicionesccapcha.com\/pt-br\/wp-json\/wp\/v2\/types\/product"}],"replies":[{"embeddable":true,"href":"https:\/\/expedicionesccapcha.com\/pt-br\/wp-json\/wp\/v2\/comments?post=2404"}],"version-history":[{"count":1,"href":"https:\/\/expedicionesccapcha.com\/pt-br\/wp-json\/wp\/v2\/product\/2404\/revisions"}],"predecessor-version":[{"id":2698,"href":"https:\/\/expedicionesccapcha.com\/pt-br\/wp-json\/wp\/v2\/product\/2404\/revisions\/2698"}],"wp:featuredmedia":[{"embeddable":true,"href":"https:\/\/expedicionesccapcha.com\/pt-br\/wp-json\/wp\/v2\/media\/2405"}],"wp:attachment":[{"href":"https:\/\/expedicionesccapcha.com\/pt-br\/wp-json\/wp\/v2\/media?parent=2404"}],"wp:term":[{"taxonomy":"product_brand","embeddable":true,"href":"https:\/\/expedicionesccapcha.com\/pt-br\/wp-json\/wp\/v2\/product_brand?post=2404"},{"taxonomy":"product_cat","embeddable":true,"href":"https:\/\/expedicionesccapcha.com\/pt-br\/wp-json\/wp\/v2\/product_cat?post=2404"},{"taxonomy":"product_tag","embeddable":true,"href":"https:\/\/expedicionesccapcha.com\/pt-br\/wp-json\/wp\/v2\/product_tag?post=2404"}],"curies":[{"name":"wp","href":"https:\/\/api.w.org\/{rel}","templated":true}]}}