{"id":2397,"date":"2022-02-23T00:37:48","date_gmt":"2022-02-23T23:58:35","guid":{"rendered":"http:\/\/expedicionesccapcha.com\/producto\/trekking-na-cachoeira-inca\/"},"modified":"2022-02-24T16:00:05","modified_gmt":"2022-02-24T16:00:05","slug":"trekking-na-cachoeira-inca","status":"publish","type":"product","link":"https:\/\/expedicionesccapcha.com\/pt-br\/producto\/trekking-na-cachoeira-inca\/","title":{"rendered":"Trekking na cachoeira Inca"},"content":{"rendered":"<p>Venha viver esta aventura de caminhada em San Pedro de Atacama, onde nos aventuraremos desde o famoso quil\u00f4metro 13 at\u00e9 a bela ravina de Vilama, onde voc\u00ea poder\u00e1 mergulhar literal e metaforicamente em suas paisagens, ao mesmo tempo que exercitamos e saboreie um pouco da aventura pessoal. Uma aventura que mistura as paisagens in\u00f3spitas do deserto, junto com a divers\u00e3o que uma experi\u00eancia esportiva perto da \u00e1gua pode nos proporcionar.<\/p>\n","protected":false},"excerpt":{"rendered":"<p>Viajaremos do Quil\u00f4metro 13 at\u00e9 o Barranco de Vilama, onde faremos uma caminhada at\u00e9 o ponto onde poderemos desfrutar dessas belas cachoeiras naturais.<\/p>\n","protected":false},"featured_media":2373,"comment_status":"closed","ping_status":"closed","template":"","meta":{"_acf_changed":false},"product_brand":[],"product_cat":[62,66],"product_tag":[],"class_list":{"0":"post-2397","1":"product","2":"type-product","3":"status-publish","4":"has-post-thumbnail","6":"product_cat-passeios","7":"product_cat-trekking-pt-br-2","9":"first","10":"instock","11":"virtual","12":"sold-individually","13":"purchasable","14":"product-type-booking"},"booking_location":"","booking_location_type":"","booking_duration":1,"booking_duration_unit":"day","booking_buffer":0,"booking_cost":44,"booking_resources":[],"exclude_global_add_ons":[],"addons":[],"acf":[],"yoast_head":"<!-- This site is optimized with the Yoast SEO plugin v26.7 - https:\/\/yoast.com\/wordpress\/plugins\/seo\/ -->\n<title>Trekking na cachoeira Inca - Expediciones Ccapcha<\/title>\n<meta name=\"robots\" content=\"index, follow, max-snippet:-1, max-image-preview:large, max-video-preview:-1\" \/>\n<link rel=\"canonical\" href=\"https:\/\/expedicionesccapcha.com\/pt-br\/producto\/trekking-na-cachoeira-inca\/\" \/>\n<meta property=\"og:locale\" content=\"pt_BR\" \/>\n<meta property=\"og:type\" content=\"article\" \/>\n<meta property=\"og:title\" content=\"Trekking na cachoeira Inca - Expediciones Ccapcha\" \/>\n<meta property=\"og:description\" content=\"Viajaremos do Quil\u00f4metro 13 at\u00e9 o Barranco de Vilama, onde faremos uma caminhada at\u00e9 o ponto onde poderemos desfrutar dessas belas cachoeiras naturais.\" \/>\n<meta property=\"og:url\" content=\"https:\/\/expedicionesccapcha.com\/pt-br\/producto\/trekking-na-cachoeira-inca\/\" \/>\n<meta property=\"og:site_name\" content=\"Expediciones Ccapcha\" \/>\n<meta property=\"article:modified_time\" content=\"2022-02-24T16:00:05+00:00\" \/>\n<meta property=\"og:image\" content=\"https:\/\/expedicionesccapcha.com\/wp-content\/uploads\/2022\/02\/WhatsApp-Image-2021-04-04-at-18.40.07-1.jpeg\" \/>\n\t<meta property=\"og:image:width\" content=\"539\" \/>\n\t<meta property=\"og:image:height\" content=\"720\" \/>\n\t<meta property=\"og:image:type\" content=\"image\/jpeg\" \/>\n<meta name=\"twitter:card\" content=\"summary_large_image\" \/>\n<script type=\"application\/ld+json\" class=\"yoast-schema-graph\">{\"@context\":\"https:\/\/schema.org\",\"@graph\":[{\"@type\":\"WebPage\",\"@id\":\"https:\/\/expedicionesccapcha.com\/pt-br\/producto\/trekking-na-cachoeira-inca\/\",\"url\":\"https:\/\/expedicionesccapcha.com\/pt-br\/producto\/trekking-na-cachoeira-inca\/\",\"name\":\"Trekking na cachoeira Inca - Expediciones Ccapcha\",\"isPartOf\":{\"@id\":\"https:\/\/expedicionesccapcha.com\/pt-br\/#website\"},\"primaryImageOfPage\":{\"@id\":\"https:\/\/expedicionesccapcha.com\/pt-br\/producto\/trekking-na-cachoeira-inca\/#primaryimage\"},\"image\":{\"@id\":\"https:\/\/expedicionesccapcha.com\/pt-br\/producto\/trekking-na-cachoeira-inca\/#primaryimage\"},\"thumbnailUrl\":\"https:\/\/expedicionesccapcha.com\/wp-content\/uploads\/2022\/02\/WhatsApp-Image-2021-04-04-at-18.40.07-1.jpeg\",\"datePublished\":\"2022-02-23T23:58:35+00:00\",\"dateModified\":\"2022-02-24T16:00:05+00:00\",\"breadcrumb\":{\"@id\":\"https:\/\/expedicionesccapcha.com\/pt-br\/producto\/trekking-na-cachoeira-inca\/#breadcrumb\"},\"inLanguage\":\"pt-BR\",\"potentialAction\":[{\"@type\":\"ReadAction\",\"target\":[\"https:\/\/expedicionesccapcha.com\/pt-br\/producto\/trekking-na-cachoeira-inca\/\"]}]},{\"@type\":\"ImageObject\",\"inLanguage\":\"pt-BR\",\"@id\":\"https:\/\/expedicionesccapcha.com\/pt-br\/producto\/trekking-na-cachoeira-inca\/#primaryimage\",\"url\":\"https:\/\/expedicionesccapcha.com\/wp-content\/uploads\/2022\/02\/WhatsApp-Image-2021-04-04-at-18.40.07-1.jpeg\",\"contentUrl\":\"https:\/\/expedicionesccapcha.com\/wp-content\/uploads\/2022\/02\/WhatsApp-Image-2021-04-04-at-18.40.07-1.jpeg\",\"width\":539,\"height\":720},{\"@type\":\"BreadcrumbList\",\"@id\":\"https:\/\/expedicionesccapcha.com\/pt-br\/producto\/trekking-na-cachoeira-inca\/#breadcrumb\",\"itemListElement\":[{\"@type\":\"ListItem\",\"position\":1,\"name\":\"Portada\",\"item\":\"https:\/\/expedicionesccapcha.com\/pt-br\/\"},{\"@type\":\"ListItem\",\"position\":2,\"name\":\"Loja\",\"item\":\"https:\/\/expedicionesccapcha.com\/pt-br\/loja\/\"},{\"@type\":\"ListItem\",\"position\":3,\"name\":\"Trekking na cachoeira Inca\"}]},{\"@type\":\"WebSite\",\"@id\":\"https:\/\/expedicionesccapcha.com\/pt-br\/#website\",\"url\":\"https:\/\/expedicionesccapcha.com\/pt-br\/\",\"name\":\"Expediciones Ccapcha\",\"description\":\"Ag\u00eancia de turismo San Pedro de Atacama\",\"potentialAction\":[{\"@type\":\"SearchAction\",\"target\":{\"@type\":\"EntryPoint\",\"urlTemplate\":\"https:\/\/expedicionesccapcha.com\/pt-br\/?s={search_term_string}\"},\"query-input\":{\"@type\":\"PropertyValueSpecification\",\"valueRequired\":true,\"valueName\":\"search_term_string\"}}],\"inLanguage\":\"pt-BR\"}]}<\/script>\n<!-- \/ Yoast SEO plugin. -->","yoast_head_json":{"title":"Trekking na cachoeira Inca - Expediciones Ccapcha","robots":{"index":"index","follow":"follow","max-snippet":"max-snippet:-1","max-image-preview":"max-image-preview:large","max-video-preview":"max-video-preview:-1"},"canonical":"https:\/\/expedicionesccapcha.com\/pt-br\/producto\/trekking-na-cachoeira-inca\/","og_locale":"pt_BR","og_type":"article","og_title":"Trekking na cachoeira Inca - Expediciones Ccapcha","og_description":"Viajaremos do Quil\u00f4metro 13 at\u00e9 o Barranco de Vilama, onde faremos uma caminhada at\u00e9 o ponto onde poderemos desfrutar dessas belas cachoeiras naturais.","og_url":"https:\/\/expedicionesccapcha.com\/pt-br\/producto\/trekking-na-cachoeira-inca\/","og_site_name":"Expediciones Ccapcha","article_modified_time":"2022-02-24T16:00:05+00:00","og_image":[{"width":539,"height":720,"url":"https:\/\/expedicionesccapcha.com\/wp-content\/uploads\/2022\/02\/WhatsApp-Image-2021-04-04-at-18.40.07-1.jpeg","type":"image\/jpeg"}],"twitter_card":"summary_large_image","schema":{"@context":"https:\/\/schema.org","@graph":[{"@type":"WebPage","@id":"https:\/\/expedicionesccapcha.com\/pt-br\/producto\/trekking-na-cachoeira-inca\/","url":"https:\/\/expedicionesccapcha.com\/pt-br\/producto\/trekking-na-cachoeira-inca\/","name":"Trekking na cachoeira Inca - Expediciones Ccapcha","isPartOf":{"@id":"https:\/\/expedicionesccapcha.com\/pt-br\/#website"},"primaryImageOfPage":{"@id":"https:\/\/expedicionesccapcha.com\/pt-br\/producto\/trekking-na-cachoeira-inca\/#primaryimage"},"image":{"@id":"https:\/\/expedicionesccapcha.com\/pt-br\/producto\/trekking-na-cachoeira-inca\/#primaryimage"},"thumbnailUrl":"https:\/\/expedicionesccapcha.com\/wp-content\/uploads\/2022\/02\/WhatsApp-Image-2021-04-04-at-18.40.07-1.jpeg","datePublished":"2022-02-23T23:58:35+00:00","dateModified":"2022-02-24T16:00:05+00:00","breadcrumb":{"@id":"https:\/\/expedicionesccapcha.com\/pt-br\/producto\/trekking-na-cachoeira-inca\/#breadcrumb"},"inLanguage":"pt-BR","potentialAction":[{"@type":"ReadAction","target":["https:\/\/expedicionesccapcha.com\/pt-br\/producto\/trekking-na-cachoeira-inca\/"]}]},{"@type":"ImageObject","inLanguage":"pt-BR","@id":"https:\/\/expedicionesccapcha.com\/pt-br\/producto\/trekking-na-cachoeira-inca\/#primaryimage","url":"https:\/\/expedicionesccapcha.com\/wp-content\/uploads\/2022\/02\/WhatsApp-Image-2021-04-04-at-18.40.07-1.jpeg","contentUrl":"https:\/\/expedicionesccapcha.com\/wp-content\/uploads\/2022\/02\/WhatsApp-Image-2021-04-04-at-18.40.07-1.jpeg","width":539,"height":720},{"@type":"BreadcrumbList","@id":"https:\/\/expedicionesccapcha.com\/pt-br\/producto\/trekking-na-cachoeira-inca\/#breadcrumb","itemListElement":[{"@type":"ListItem","position":1,"name":"Portada","item":"https:\/\/expedicionesccapcha.com\/pt-br\/"},{"@type":"ListItem","position":2,"name":"Loja","item":"https:\/\/expedicionesccapcha.com\/pt-br\/loja\/"},{"@type":"ListItem","position":3,"name":"Trekking na cachoeira Inca"}]},{"@type":"WebSite","@id":"https:\/\/expedicionesccapcha.com\/pt-br\/#website","url":"https:\/\/expedicionesccapcha.com\/pt-br\/","name":"Expediciones Ccapcha","description":"Ag\u00eancia de turismo San Pedro de Atacama","potentialAction":[{"@type":"SearchAction","target":{"@type":"EntryPoint","urlTemplate":"https:\/\/expedicionesccapcha.com\/pt-br\/?s={search_term_string}"},"query-input":{"@type":"PropertyValueSpecification","valueRequired":true,"valueName":"search_term_string"}}],"inLanguage":"pt-BR"}]}},"_links":{"self":[{"href":"https:\/\/expedicionesccapcha.com\/pt-br\/wp-json\/wp\/v2\/product\/2397","targetHints":{"allow":["GET"]}}],"collection":[{"href":"https:\/\/expedicionesccapcha.com\/pt-br\/wp-json\/wp\/v2\/product"}],"about":[{"href":"https:\/\/expedicionesccapcha.com\/pt-br\/wp-json\/wp\/v2\/types\/product"}],"replies":[{"embeddable":true,"href":"https:\/\/expedicionesccapcha.com\/pt-br\/wp-json\/wp\/v2\/comments?post=2397"}],"version-history":[{"count":1,"href":"https:\/\/expedicionesccapcha.com\/pt-br\/wp-json\/wp\/v2\/product\/2397\/revisions"}],"predecessor-version":[{"id":2413,"href":"https:\/\/expedicionesccapcha.com\/pt-br\/wp-json\/wp\/v2\/product\/2397\/revisions\/2413"}],"wp:featuredmedia":[{"embeddable":true,"href":"https:\/\/expedicionesccapcha.com\/pt-br\/wp-json\/wp\/v2\/media\/2373"}],"wp:attachment":[{"href":"https:\/\/expedicionesccapcha.com\/pt-br\/wp-json\/wp\/v2\/media?parent=2397"}],"wp:term":[{"taxonomy":"product_brand","embeddable":true,"href":"https:\/\/expedicionesccapcha.com\/pt-br\/wp-json\/wp\/v2\/product_brand?post=2397"},{"taxonomy":"product_cat","embeddable":true,"href":"https:\/\/expedicionesccapcha.com\/pt-br\/wp-json\/wp\/v2\/product_cat?post=2397"},{"taxonomy":"product_tag","embeddable":true,"href":"https:\/\/expedicionesccapcha.com\/pt-br\/wp-json\/wp\/v2\/product_tag?post=2397"}],"curies":[{"name":"wp","href":"https:\/\/api.w.org\/{rel}","templated":true}]}}