{"id":2340,"date":"2022-02-21T04:08:27","date_gmt":"2022-02-21T04:08:27","guid":{"rendered":"http:\/\/expedicionesccapcha.com\/politica-de-privacidade\/"},"modified":"2022-02-21T04:08:28","modified_gmt":"2022-02-21T04:08:28","slug":"politica-de-privacidade","status":"publish","type":"page","link":"https:\/\/expedicionesccapcha.com\/pt-br\/politica-de-privacidade\/","title":{"rendered":"Pol\u00edtica de privacidade"},"content":{"rendered":"\t\t<div data-elementor-type=\"wp-page\" data-elementor-id=\"2340\" class=\"elementor elementor-2340 elementor-315\" data-elementor-post-type=\"page\">\n\t\t\t\t\t\t<section class=\"elementor-section elementor-top-section elementor-element elementor-element-39e8b3ba elementor-section-full_width elementor-section-height-default elementor-section-height-default\" data-id=\"39e8b3ba\" data-element_type=\"section\">\n\t\t\t\t\t\t<div class=\"elementor-container elementor-column-gap-default\">\n\t\t\t\t\t<div class=\"elementor-column elementor-col-100 elementor-top-column elementor-element elementor-element-6c6d4c2\" data-id=\"6c6d4c2\" data-element_type=\"column\">\n\t\t\t<div class=\"elementor-widget-wrap elementor-element-populated\">\n\t\t\t\t\t\t<div class=\"elementor-element elementor-element-77218a5 elementor-widget elementor-widget-heading\" data-id=\"77218a5\" data-element_type=\"widget\" data-widget_type=\"heading.default\">\n\t\t\t\t<div class=\"elementor-widget-container\">\n\t\t\t\t\t<h2 class=\"elementor-heading-title elementor-size-default\">Pol\u00edtica de privacidade<\/h2>\t\t\t\t<\/div>\n\t\t\t\t<\/div>\n\t\t\t\t<div class=\"elementor-element elementor-element-29e85a6 elementor-widget elementor-widget-text-editor\" data-id=\"29e85a6\" data-element_type=\"widget\" data-widget_type=\"text-editor.default\">\n\t\t\t\t<div class=\"elementor-widget-container\">\n\t\t\t\t\t\t\t\t\t<p>Expediciones Ccapcha garante a confidencialidade dos dados pessoais que voc\u00ea insere em nossa p\u00e1gina. Tenha certeza de que nunca forneceremos suas informa\u00e7\u00f5es pessoais a terceiros e apenas as compartilharemos para entreg\u00e1-las \u00e0s empresas que trabalham conosco para processar sua reserva e melhorar sua experi\u00eancia.<\/p>\n<p>Todas as informa\u00e7\u00f5es que voc\u00ea fornecer para seus pagamentos ser\u00e3o criptografadas atrav\u00e9s do uso de um certificado SSL, armazenando assim seus dados de forma criptografada.<\/p>\n\t\t\t\t\t\t\t\t<\/div>\n\t\t\t\t<\/div>\n\t\t\t\t\t<\/div>\n\t\t<\/div>\n\t\t\t\t\t<\/div>\n\t\t<\/section>\n\t\t\t\t<\/div>\n\t\t","protected":false},"excerpt":{"rendered":"<p>Pol\u00edtica de privacidade Expediciones Ccapcha garante a confidencialidade dos dados pessoais que voc\u00ea insere em nossa p\u00e1gina. Tenha certeza de que nunca forneceremos suas informa\u00e7\u00f5es pessoais a terceiros e apenas as compartilharemos para entreg\u00e1-las \u00e0s empresas que trabalham conosco para processar sua reserva e melhorar sua experi\u00eancia. Todas as informa\u00e7\u00f5es que voc\u00ea fornecer para seus [&hellip;]<\/p>\n","protected":false},"author":3,"featured_media":0,"parent":0,"menu_order":0,"comment_status":"closed","ping_status":"closed","template":"","meta":{"_acf_changed":false,"footnotes":""},"class_list":["post-2340","page","type-page","status-publish","hentry"],"acf":[],"yoast_head":"<!-- This site is optimized with the Yoast SEO plugin v26.7 - https:\/\/yoast.com\/wordpress\/plugins\/seo\/ -->\n<title>Pol\u00edtica de privacidade - Expediciones Ccapcha<\/title>\n<meta name=\"robots\" content=\"index, follow, max-snippet:-1, max-image-preview:large, max-video-preview:-1\" \/>\n<link rel=\"canonical\" href=\"https:\/\/expedicionesccapcha.com\/pt-br\/politica-de-privacidade\/\" \/>\n<meta property=\"og:locale\" content=\"pt_BR\" \/>\n<meta property=\"og:type\" content=\"article\" \/>\n<meta property=\"og:title\" content=\"Pol\u00edtica de privacidade - Expediciones Ccapcha\" \/>\n<meta property=\"og:description\" content=\"Pol\u00edtica de privacidade Expediciones Ccapcha garante a confidencialidade dos dados pessoais que voc\u00ea insere em nossa p\u00e1gina. Tenha certeza de que nunca forneceremos suas informa\u00e7\u00f5es pessoais a terceiros e apenas as compartilharemos para entreg\u00e1-las \u00e0s empresas que trabalham conosco para processar sua reserva e melhorar sua experi\u00eancia. Todas as informa\u00e7\u00f5es que voc\u00ea fornecer para seus [&hellip;]\" \/>\n<meta property=\"og:url\" content=\"https:\/\/expedicionesccapcha.com\/pt-br\/politica-de-privacidade\/\" \/>\n<meta property=\"og:site_name\" content=\"Expediciones Ccapcha\" \/>\n<meta property=\"article:modified_time\" content=\"2022-02-21T04:08:28+00:00\" \/>\n<meta name=\"twitter:card\" content=\"summary_large_image\" \/>\n<script type=\"application\/ld+json\" class=\"yoast-schema-graph\">{\"@context\":\"https:\/\/schema.org\",\"@graph\":[{\"@type\":\"WebPage\",\"@id\":\"https:\/\/expedicionesccapcha.com\/pt-br\/politica-de-privacidade\/\",\"url\":\"https:\/\/expedicionesccapcha.com\/pt-br\/politica-de-privacidade\/\",\"name\":\"Pol\u00edtica de privacidade - Expediciones Ccapcha\",\"isPartOf\":{\"@id\":\"https:\/\/expedicionesccapcha.com\/pt-br\/#website\"},\"datePublished\":\"2022-02-21T04:08:27+00:00\",\"dateModified\":\"2022-02-21T04:08:28+00:00\",\"breadcrumb\":{\"@id\":\"https:\/\/expedicionesccapcha.com\/pt-br\/politica-de-privacidade\/#breadcrumb\"},\"inLanguage\":\"pt-BR\",\"potentialAction\":[{\"@type\":\"ReadAction\",\"target\":[\"https:\/\/expedicionesccapcha.com\/pt-br\/politica-de-privacidade\/\"]}]},{\"@type\":\"BreadcrumbList\",\"@id\":\"https:\/\/expedicionesccapcha.com\/pt-br\/politica-de-privacidade\/#breadcrumb\",\"itemListElement\":[{\"@type\":\"ListItem\",\"position\":1,\"name\":\"Portada\",\"item\":\"https:\/\/expedicionesccapcha.com\/pt-br\/\"},{\"@type\":\"ListItem\",\"position\":2,\"name\":\"Pol\u00edtica de privacidade\"}]},{\"@type\":\"WebSite\",\"@id\":\"https:\/\/expedicionesccapcha.com\/pt-br\/#website\",\"url\":\"https:\/\/expedicionesccapcha.com\/pt-br\/\",\"name\":\"Expediciones Ccapcha\",\"description\":\"Ag\u00eancia de turismo San Pedro de Atacama\",\"potentialAction\":[{\"@type\":\"SearchAction\",\"target\":{\"@type\":\"EntryPoint\",\"urlTemplate\":\"https:\/\/expedicionesccapcha.com\/pt-br\/?s={search_term_string}\"},\"query-input\":{\"@type\":\"PropertyValueSpecification\",\"valueRequired\":true,\"valueName\":\"search_term_string\"}}],\"inLanguage\":\"pt-BR\"}]}<\/script>\n<!-- \/ Yoast SEO plugin. -->","yoast_head_json":{"title":"Pol\u00edtica de privacidade - Expediciones Ccapcha","robots":{"index":"index","follow":"follow","max-snippet":"max-snippet:-1","max-image-preview":"max-image-preview:large","max-video-preview":"max-video-preview:-1"},"canonical":"https:\/\/expedicionesccapcha.com\/pt-br\/politica-de-privacidade\/","og_locale":"pt_BR","og_type":"article","og_title":"Pol\u00edtica de privacidade - Expediciones Ccapcha","og_description":"Pol\u00edtica de privacidade Expediciones Ccapcha garante a confidencialidade dos dados pessoais que voc\u00ea insere em nossa p\u00e1gina. Tenha certeza de que nunca forneceremos suas informa\u00e7\u00f5es pessoais a terceiros e apenas as compartilharemos para entreg\u00e1-las \u00e0s empresas que trabalham conosco para processar sua reserva e melhorar sua experi\u00eancia. Todas as informa\u00e7\u00f5es que voc\u00ea fornecer para seus [&hellip;]","og_url":"https:\/\/expedicionesccapcha.com\/pt-br\/politica-de-privacidade\/","og_site_name":"Expediciones Ccapcha","article_modified_time":"2022-02-21T04:08:28+00:00","twitter_card":"summary_large_image","schema":{"@context":"https:\/\/schema.org","@graph":[{"@type":"WebPage","@id":"https:\/\/expedicionesccapcha.com\/pt-br\/politica-de-privacidade\/","url":"https:\/\/expedicionesccapcha.com\/pt-br\/politica-de-privacidade\/","name":"Pol\u00edtica de privacidade - Expediciones Ccapcha","isPartOf":{"@id":"https:\/\/expedicionesccapcha.com\/pt-br\/#website"},"datePublished":"2022-02-21T04:08:27+00:00","dateModified":"2022-02-21T04:08:28+00:00","breadcrumb":{"@id":"https:\/\/expedicionesccapcha.com\/pt-br\/politica-de-privacidade\/#breadcrumb"},"inLanguage":"pt-BR","potentialAction":[{"@type":"ReadAction","target":["https:\/\/expedicionesccapcha.com\/pt-br\/politica-de-privacidade\/"]}]},{"@type":"BreadcrumbList","@id":"https:\/\/expedicionesccapcha.com\/pt-br\/politica-de-privacidade\/#breadcrumb","itemListElement":[{"@type":"ListItem","position":1,"name":"Portada","item":"https:\/\/expedicionesccapcha.com\/pt-br\/"},{"@type":"ListItem","position":2,"name":"Pol\u00edtica de privacidade"}]},{"@type":"WebSite","@id":"https:\/\/expedicionesccapcha.com\/pt-br\/#website","url":"https:\/\/expedicionesccapcha.com\/pt-br\/","name":"Expediciones Ccapcha","description":"Ag\u00eancia de turismo San Pedro de Atacama","potentialAction":[{"@type":"SearchAction","target":{"@type":"EntryPoint","urlTemplate":"https:\/\/expedicionesccapcha.com\/pt-br\/?s={search_term_string}"},"query-input":{"@type":"PropertyValueSpecification","valueRequired":true,"valueName":"search_term_string"}}],"inLanguage":"pt-BR"}]}},"_links":{"self":[{"href":"https:\/\/expedicionesccapcha.com\/pt-br\/wp-json\/wp\/v2\/pages\/2340","targetHints":{"allow":["GET"]}}],"collection":[{"href":"https:\/\/expedicionesccapcha.com\/pt-br\/wp-json\/wp\/v2\/pages"}],"about":[{"href":"https:\/\/expedicionesccapcha.com\/pt-br\/wp-json\/wp\/v2\/types\/page"}],"author":[{"embeddable":true,"href":"https:\/\/expedicionesccapcha.com\/pt-br\/wp-json\/wp\/v2\/users\/3"}],"replies":[{"embeddable":true,"href":"https:\/\/expedicionesccapcha.com\/pt-br\/wp-json\/wp\/v2\/comments?post=2340"}],"version-history":[{"count":1,"href":"https:\/\/expedicionesccapcha.com\/pt-br\/wp-json\/wp\/v2\/pages\/2340\/revisions"}],"predecessor-version":[{"id":2341,"href":"https:\/\/expedicionesccapcha.com\/pt-br\/wp-json\/wp\/v2\/pages\/2340\/revisions\/2341"}],"wp:attachment":[{"href":"https:\/\/expedicionesccapcha.com\/pt-br\/wp-json\/wp\/v2\/media?parent=2340"}],"curies":[{"name":"wp","href":"https:\/\/api.w.org\/{rel}","templated":true}]}}